{"id":14431,"date":"2025-03-17T20:56:33","date_gmt":"2025-03-17T23:56:33","guid":{"rendered":"https:\/\/ppee.unb.br\/?page_id=14431"},"modified":"2025-12-12T09:28:34","modified_gmt":"2025-12-12T12:28:34","slug":"egressos-lato-sensu","status":"publish","type":"page","link":"https:\/\/ppee.unb.br\/?page_id=14431","title":{"rendered":"Egressos Lato Sensu"},"content":{"rendered":"<p><\/p>\n\n\n<h2 class=\"wp-block-heading\"><strong>A<\/strong><\/h2>\n\n\n\n<figure class=\"wp-block-table\"><table><tbody><tr><td><strong>Discente<\/strong><\/td><td><strong>Orientador(a)<\/strong><\/td><td><strong>M\u00eddia Social<\/strong><\/td><\/tr><tr><td>&nbsp;<strong>ADRIANA MARC\u00cdLIO<\/strong><\/td><td><strong>Rafael Rabelo Nunes<\/strong><\/td><td>&nbsp;<a href=\"http:\/\/lattes.cnpq.br\/8816153628924803\" data-type=\"URL\" data-id=\"http:\/\/lattes.cnpq.br\/8816153628924803\">http:\/\/lattes.cnpq.br\/8816153628924803<\/a><\/td><\/tr><tr><td><strong>ALINE VIEIRA VELOZO<\/strong><\/td><td><strong>VIRG\u00cdNIA DE MELO DANTAS TRINKS<\/strong><\/td><td><a href=\"http:\/\/lattes.cnpq.br\/2330512152218476\">http:\/\/lattes.cnpq.br\/2330512152218476<\/a><br><a href=\"http:\/\/www.linkedin.com\/in\/alinecwb\">http:\/\/www.linkedin.com\/in\/alinecwb<\/a><\/td><\/tr><tr><td><strong>ALLAN CARLOS FELICIO PESSOA DA SILVA<\/strong><\/td><td><strong>JO\u00c3O JOS\u00c9 COSTA GONDIM<\/strong><\/td><td><a href=\"http:\/\/lattes.cnpq.br\/1069370161066734\">http:\/\/lattes.cnpq.br\/1069370161066734<\/a><\/td><\/tr><tr><td><strong>&nbsp;ALEXIS DOS SANTOS FRANCA<\/strong><\/td><td><strong>\u00c9der Souza Gualberto<\/strong><\/td><td><a href=\"http:\/\/lattes.cnpq.br\/3011615908299189\">http:\/\/lattes.cnpq.br\/3011615908299189<\/a><\/td><\/tr><tr><td><strong>AMARILDO MAIA ROLIM<\/strong><\/td><td><strong>Virg\u00ednia de Melo Dantas<\/strong><\/td><td><a href=\"http:\/\/lattes.cnpq.br\/2878653471909067\" data-type=\"URL\" data-id=\"http:\/\/lattes.cnpq.br\/2878653471909067\">http:\/\/lattes.cnpq.br\/2878653471909067<\/a><\/td><\/tr><tr><td><strong>AUGUSTO DE ORNELLAS ABREU<\/strong><\/td><td><strong>Jo\u00e3o Jos\u00e9 Costa Gondim<\/strong><\/td><td><a href=\"http:\/\/lattes.cnpq.br\/4637154677832405\">http:\/\/lattes.cnpq.br\/4637154677832405<\/a><\/td><\/tr><\/tbody><\/table><\/figure>\n\n\n<p><\/p>\n\n\n<h2 class=\"wp-block-heading\">B<\/h2>\n\n\n<p><\/p>\n\n\n<figure class=\"wp-block-table\"><table><tbody><tr><td><strong>Discente<\/strong><\/td><td><strong>Orientador(a)<\/strong><\/td><td><strong>M\u00eddia Social<\/strong><\/td><\/tr><tr><td><strong>BRENNO BARBOSA DE ALENCAR FERNANDES&nbsp;<\/strong>&nbsp;<\/td><td>&nbsp;<strong>GEORGES DANIEL AMVAME NZE&nbsp;<\/strong><\/td><td>&nbsp;<a href=\"http:\/\/lattes.cnpq.br\/2846806100309238\">http:\/\/lattes.cnpq.br\/2846806100309238<\/a><a href=\"http:\/\/lattes.cnpq.br\/8370954437919003%C2%A0\">&nbsp;<\/a><\/td><\/tr><\/tbody><\/table><\/figure>\n\n\n<p><\/p>\n\n\n<h2 class=\"wp-block-heading\">C<\/h2>\n\n\n<p><\/p>\n\n\n<figure class=\"wp-block-table\"><table><tbody><tr><td><strong>Discente<\/strong><\/td><td><strong>Orientador(a)<\/strong><\/td><td><strong>M\u00eddia Social<\/strong><\/td><\/tr><tr><td><strong>CAMILA DIAS DA SILVA MEDEIROS<\/strong><\/td><td><strong>\u00c9DER SOUZA GUALBERTO<\/strong><\/td><td><\/td><\/tr><tr><td><strong>&nbsp;&nbsp;CARLOS ALEXANDRE VOLPI<\/strong><\/td><td>&nbsp;<strong>\u00c9der Souza Gualberto&nbsp;<\/strong><\/td><td>&nbsp;<a href=\"http:\/\/lattes.cnpq.br\/6878770560917418\">http:\/\/lattes.cnpq.br\/6878770560917418<\/a><a href=\"http:\/\/lattes.cnpq.br\/8370954437919003%C2%A0\">&nbsp;<\/a><\/td><\/tr><tr><td><strong>CHESLLEN DA SILVA PEREIRA<\/strong><\/td><td><strong>LUIZ ANT\u00d4NIO DA SILVA FILHO<\/strong><\/td><td><a href=\"http:\/\/lattes.cnpq.br\/4613838435546529\">http:\/\/lattes.cnpq.br\/4613838435546529<\/a><\/td><\/tr><tr><td><strong>CLEITON DIAS<\/strong><\/td><td><strong>JO\u00c3O JOS\u00c9 COSTA GONDIM<\/strong><\/td><td><a href=\"http:\/\/lattes.cnpq.br\/4645143930720831\">http:\/\/lattes.cnpq.br\/4645143930720831<\/a><\/td><\/tr><\/tbody><\/table><\/figure>\n\n\n\n<h2 class=\"wp-block-heading\">D<\/h2>\n\n\n<p><\/p>\n\n\n<figure class=\"wp-block-table\"><table><tbody><tr><td><strong>Discente<\/strong><\/td><td><strong>Orientador(a)<\/strong><\/td><td><strong>M\u00eddia Social<\/strong><\/td><\/tr><tr><td><strong>DIEGO MENEGAZZI<\/strong><\/td><td><strong>Edna Dias Canedo<\/strong>&nbsp;<\/td><td><a href=\"http:\/\/lattes.cnpq.br\/2977743416848800\">http:\/\/lattes.cnpq.br\/2977743416848800<\/a><\/td><\/tr><\/tbody><\/table><\/figure>\n\n\n<p><\/p>\n\n\n<h2 class=\"wp-block-heading\">E<\/h2>\n\n\n\n<figure class=\"wp-block-table\"><table><tbody><tr><td><strong>Discente<\/strong><\/td><td><strong>Orientador(a)<\/strong><\/td><td><strong>M\u00eddia Social<\/strong><\/td><\/tr><tr><td><strong>EBER DA SILVA DE SANTANA&nbsp;<\/strong><\/td><td><strong>\u00c9der Souza Gualberto&nbsp;<\/strong><\/td><td><a href=\"http:\/\/lattes.cnpq.br\/8888622742399905\">http:\/\/lattes.cnpq.br\/8888622742399905<\/a><\/td><\/tr><tr><td><strong>EDESIO CESAR FARIAS DOS SANTOS<\/strong><\/td><td><strong>DANIEL CHAVES CAF\u00c9<\/strong><\/td><td><a href=\"http:\/\/lattes.cnpq.br\/0648447254656388\">http:\/\/lattes.cnpq.br\/0648447254656388<\/a><\/td><\/tr><tr><td><strong>EDMAR DA SILVA BRAGA JUNIOR<\/strong><\/td><td><strong>\u00c9DER SOUZA GUALBERTO<\/strong><\/td><td><a href=\"http:\/\/lattes.cnpq.br\/4242208121672478\">http:\/\/lattes.cnpq.br\/4242208121672478<\/a><\/td><\/tr><tr><td><strong>ELILA QUEIROZ DA COSTA<\/strong><\/td><td><strong>Edna Dias Canedo<\/strong><\/td><td><a href=\"http:\/\/lattes.cnpq.br\/4823321405759760\">http:\/\/lattes.cnpq.br\/4823321405759760<\/a><\/td><\/tr><tr><td><strong>EMILIO GON\u00c7ALVES<\/strong><\/td><td><strong>Rafael Rabelo Nunes<\/strong><\/td><td><a href=\"http:\/\/lattes.cnpq.br\/7289023680321849\">http:\/\/lattes.cnpq.br\/7289023680321849<\/a><\/td><\/tr><tr><td><strong>ERNESTO MARCOS SILVEIRA<\/strong><\/td><td><strong>\u00c9der Souza Gualberto<\/strong><\/td><td><a href=\"http:\/\/lattes.cnpq.br\/7338702865812376\">http:\/\/lattes.cnpq.br\/7338702865812376<\/a><\/td><\/tr><\/tbody><\/table><\/figure>\n\n\n<p><\/p>\n\n\n<h2 class=\"wp-block-heading\">F<\/h2>\n\n\n<p><\/p>\n\n\n<figure class=\"wp-block-table\"><table><tbody><tr><td><strong>Discente<\/strong><\/td><td><strong>Orientador(a)<\/strong><\/td><td><strong>M\u00eddia Social<\/strong><\/td><\/tr><tr><td><strong>FERNANDO ELIAS DE OLIVEIRA<\/strong><\/td><td><strong>Edna Dias Canedo<\/strong><\/td><td><a href=\"http:\/\/lattes.cnpq.br\/3919667430954299\">http:\/\/lattes.cnpq.br\/3919667430954299<\/a><\/td><\/tr><tr><td><strong>FRANKLIN JEFERSON DOS SANTOS<\/strong><\/td><td>&nbsp;<strong>Virg\u00ednia de Melo Dantas&nbsp;&nbsp;<\/strong><\/td><td>&nbsp;<a href=\"http:\/\/lattes.cnpq.br\/7093906289935059\">http:\/\/lattes.cnpq.br\/7093906289935059<\/a><\/td><\/tr><\/tbody><\/table><\/figure>\n\n\n<p><\/p>\n\n\n<h2 class=\"wp-block-heading\">G<\/h2>\n\n\n<p><\/p>\n\n\n<figure class=\"wp-block-table\"><table><tbody><tr><td><strong>Discente<\/strong><\/td><td><strong>Orientador(a)<\/strong><\/td><td><strong>M\u00eddia Social<\/strong><\/td><\/tr><tr><td><strong>GILVANDSON COSTA CAVALCANTE<\/strong><\/td><td>&nbsp;<strong>\u00c9DER SOUZA GUALBERTO<\/strong><\/td><td>&nbsp;<a href=\"http:\/\/lattes.cnpq.br\/1169992082951648\"><br><strong>http:\/\/lattes.cnpq.br\/1169992082951648<\/strong><\/a><a href=\"http:\/\/lattes.cnpq.br\/8370954437919003%C2%A0\"><strong>&nbsp;<\/strong><\/a><\/td><\/tr><\/tbody><\/table><\/figure>\n\n\n<p><\/p>\n\n\n<h2 class=\"wp-block-heading\">H<\/h2>\n\n\n<p><\/p>\n\n\n<figure class=\"wp-block-table\"><table><tbody><tr><td><strong>Discente<\/strong><\/td><td><strong>Orientador(a)<\/strong><\/td><td><strong>M\u00eddia Social<\/strong><\/td><\/tr><tr><td>&nbsp;<\/td><td>&nbsp;<\/td><td>&nbsp;<\/td><\/tr><\/tbody><\/table><\/figure>\n\n\n<p><\/p>\n\n\n<h2 class=\"wp-block-heading\">I<\/h2>\n\n\n<p><\/p>\n\n\n<figure class=\"wp-block-table\"><table><tbody><tr><td><strong>Discente<\/strong><\/td><td><strong>Orientador(a)<\/strong><\/td><td><strong>M\u00eddia Social<\/strong><\/td><\/tr><tr><td>&nbsp;<\/td><td>&nbsp;<\/td><td>&nbsp;<\/td><\/tr><\/tbody><\/table><\/figure>\n\n\n<p><\/p>\n\n\n<h2 class=\"wp-block-heading\">J<\/h2>\n\n\n<p><\/p>\n\n\n<figure class=\"wp-block-table\"><table><tbody><tr><td><strong>Discente<\/strong><\/td><td><strong>Orientador(a)<\/strong><\/td><td><strong>M\u00eddia Social<\/strong><\/td><\/tr><tr><td><strong>JEORGE TERCI GASPERAZZO<\/strong><\/td><td><strong>DEM\u00c9TRIO ANT\u00d4NIO DA SILVA FILHO<\/strong><\/td><td><a href=\"http:\/\/lattes.cnpq.br\/1112855834793021\"><br>http:\/\/lattes.cnpq.br\/1112855834793021<\/a><\/td><\/tr><tr><td><strong>JOSE AUGUSTO DE JESUS JUNIOR<\/strong><\/td><td><strong>ROBSON DE OLIVEIRA ALBUQUERQUE<\/strong><br><br><\/td><td><a href=\"http:\/\/lattes.cnpq.br\/7318351518088956\">http:\/\/lattes.cnpq.br\/7318351518088956<\/a><\/td><\/tr><tr><td>&nbsp;<strong>JULIANO PRESTES BRUM<\/strong><\/td><td>&nbsp;<strong>F\u00c1BIO L\u00daCIO LOPES DE MENDON\u00c7A<\/strong><\/td><td>&nbsp;<a href=\"http:\/\/lattes.cnpq.br\/7206841328538667\">http:\/\/lattes.cnpq.br\/7206841328538667<\/a><\/td><\/tr><tr><td><strong>JULIO DANTAS DE LIMA ANDRADE<\/strong><\/td><td><strong>Virg\u00ednia de Melo Dantas Trinks<\/strong><\/td><td><a href=\"http:\/\/lattes.cnpq.br\/0432718831627093\">http:\/\/lattes.cnpq.br\/0432718831627093<\/a><\/td><\/tr><\/tbody><\/table><\/figure>\n\n\n<p><\/p>\n\n\n<h2 class=\"wp-block-heading\">K<\/h2>\n\n\n<p><\/p>\n\n\n<figure class=\"wp-block-table\"><table><tbody><tr><td><strong>Discente<\/strong><\/td><td><strong>Orientador(a)<\/strong><\/td><td><strong>M\u00eddia Social<\/strong><\/td><\/tr><tr><td>&nbsp;<\/td><td>&nbsp;<\/td><td>&nbsp;<\/td><\/tr><\/tbody><\/table><\/figure>\n\n\n<p><\/p>\n\n\n<h2 class=\"wp-block-heading\">L<\/h2>\n\n\n\n<figure class=\"wp-block-table\"><table><tbody><tr><td><strong>Discente<\/strong><\/td><td><strong>Orientador(a)<\/strong><\/td><td><strong>M\u00eddia Social<\/strong><\/td><\/tr><tr><td>LIDIA BONONI PAIVA TOMAZ&nbsp;<\/td><td>Rafael Rabelo Nunes<\/td><td><a href=\"http:\/\/lattes.cnpq.br\/5957548753039907\">http:\/\/lattes.cnpq.br\/5957548753039907<\/a><\/td><\/tr><tr><td>LOYANE MOTA FERNANDES<\/td><td>Edna Dias Canedo<\/td><td><a href=\"http:\/\/lattes.cnpq.br\/0184829815664297\">http:\/\/lattes.cnpq.br\/0184829815664297<\/a><\/td><\/tr><tr><td>LUCIANO FRANCESCHI DE AZEVEDO<\/td><td>Edna Dias Canedo<\/td><td>&nbsp;<a href=\"http:\/\/lattes.cnpq.br\/5016579246583227\" data-type=\"URL\" data-id=\"http:\/\/lattes.cnpq.br\/5016579246583227\">http:\/\/lattes.cnpq.br\/5016579246583227<\/a><\/td><\/tr><tr><td>LUCIANA MUNIZ COSTA<\/td><td>RAFAEL RABELO NUNES<\/td><td><a href=\"http:\/\/lattes.cnpq.br\/1132424199408839\">http:\/\/lattes.cnpq.br\/1132424199408839<\/a><\/td><\/tr><tr><td>LUCIENE PINHEIRO CAPRA<\/td><td>RAFAEL RABELO NUENS<\/td><td><a href=\"http:\/\/lattes.cnpq.br\/1932491868215755\">http:\/\/lattes.cnpq.br\/1932491868215755<\/a><\/td><\/tr><tr><td>LUIZ HENRIQUE FERREIRA E PEREIRA<\/td><td>Edna Dias Canedo<\/td><td><br><a href=\"http:\/\/lattes.cnpq.br\/1333413129035587\">http:\/\/lattes.cnpq.br\/1333413129035587<\/a><\/td><\/tr><\/tbody><\/table><\/figure>\n\n\n<p><\/p>\n\n\n<h2 class=\"wp-block-heading\">M<\/h2>\n\n\n<p><\/p>\n\n\n<figure class=\"wp-block-table\"><table><tbody><tr><td><strong>Discente<\/strong><\/td><td><strong>Orientador(a)<\/strong><\/td><td><strong>M\u00eddia Social<\/strong><\/td><\/tr><tr><td><strong>MARCOS PEREIRA DOS SANTOS<\/strong><\/td><td><strong>\u00c9der Souza Gualberto<\/strong><\/td><td><a href=\"http:\/\/lattes.cnpq.br\/8136331973210616\" data-type=\"URL\" data-id=\"http:\/\/lattes.cnpq.br\/8136331973210616\">http:\/\/lattes.cnpq.br\/8136331973210616<\/a><\/td><\/tr><tr><td><strong>MARIA REGINA LOPES LEAL<\/strong><\/td><td><strong>Virg\u00ednia de Melo Dantas&nbsp;<\/strong><\/td><td><a href=\"http:\/\/lattes.cnpq.br\/1608124900823958\">http:\/\/lattes.cnpq.br\/1608124900823958<\/a><\/td><\/tr><tr><td><strong>MARILIA TOLENTINO DA SILVA<\/strong><\/td><td><strong>Jo\u00e3o Souza Neto<\/strong><\/td><td><a href=\"http:\/\/lattes.cnpq.br\/5970031607742227\">http:\/\/lattes.cnpq.br\/5970031607742227<\/a><\/td><\/tr><tr><td><strong>MARIO GERSON MIRANDA MAGNO JUNIOR<\/strong><\/td><td><strong>Jo\u00e3o Souza Neto<\/strong><\/td><td>&nbsp;<a href=\"http:\/\/lattes.cnpq.br\/2990832057200748\" data-type=\"URL\" data-id=\"http:\/\/lattes.cnpq.br\/2990832057200748\">http:\/\/lattes.cnpq.br\/2990832057200748<\/a><\/td><\/tr><tr><td><strong>MARTA JUVINA DE MEDEIROS<\/strong><\/td><td><strong>Edna Dias Canedo<\/strong><\/td><td><a href=\"http:\/\/lattes.cnpq.br\/4339743709709443\" data-type=\"URL\" data-id=\"http:\/\/lattes.cnpq.br\/4339743709709443\">http:\/\/lattes.cnpq.br\/4339743709709443<\/a><\/td><\/tr><tr><td><strong>MICHEL GOMES NOGUEIRA<\/strong><br><\/td><td>Daniel Chaves Caf\u00e9<\/td><td><a href=\"http:\/\/lattes.cnpq.br\/8476226555214135\">http:\/\/lattes.cnpq.br\/8476226555214135<\/a><\/td><\/tr><\/tbody><\/table><\/figure>\n\n\n<p><\/p>\n\n\n<h2 class=\"wp-block-heading\">N<\/h2>\n\n\n<p><\/p>\n\n\n<figure class=\"wp-block-table\"><table><tbody><tr><td><strong>Discente<\/strong><\/td><td><strong>Orientador(a)<\/strong><\/td><td><strong>M\u00eddia Social<\/strong><\/td><\/tr><tr><td><strong>NATANAEL DE LIMA SILVA<\/strong><\/td><td><strong>FABIO LUCIO LOPES DE MENDON\u00c7A&nbsp;<\/strong><\/td><td>&nbsp;<a href=\"http:\/\/lattes.cnpq.br\/2943496512116931\">http:\/\/lattes.cnpq.br\/2943496512116931<\/a><\/td><\/tr><tr><td><strong>NICOLAS LOBO LOBATO<\/strong><\/td><td><strong>VIRGINIA DE MELO DANTAS TRINKS<\/strong><\/td><td><a href=\"http:\/\/lattes.cnpq.br\/9273885186973631\">http:\/\/lattes.cnpq.br\/9273885186973631<\/a><\/td><\/tr><\/tbody><\/table><\/figure>\n\n\n<p><\/p>\n\n\n<h2 class=\"wp-block-heading\">O<\/h2>\n\n\n<p><\/p>\n\n\n<figure class=\"wp-block-table\"><table><tbody><tr><td><strong>Discente<\/strong><\/td><td><strong>Orientador(a)<\/strong><\/td><td><strong>M\u00eddia Social<\/strong><\/td><\/tr><tr><td>&nbsp;<\/td><td>&nbsp;<\/td><td>&nbsp;<\/td><\/tr><\/tbody><\/table><\/figure>\n\n\n<p><\/p>\n\n\n<h2 class=\"wp-block-heading\">P<\/h2>\n\n\n<p><\/p>\n\n\n<figure class=\"wp-block-table\"><table><tbody><tr><td><strong>Discente<\/strong><\/td><td><strong>Orientador(a)<\/strong><\/td><td><strong>M\u00eddia Social<\/strong><\/td><\/tr><tr><td><strong>PAMELA HELIA DE OLIVEIRA<\/strong><\/td><td><strong>Virg\u00ednia de Melo Dantas&nbsp;<\/strong><\/td><td><a href=\"http:\/\/lattes.cnpq.br\/2395952815098590\" data-type=\"URL\" data-id=\"http:\/\/lattes.cnpq.br\/2395952815098590\" target=\"_blank\" rel=\"noreferrer noopener\">http:\/\/lattes.cnpq.br\/2395952815098590<\/a><\/td><\/tr><tr><td><strong>PATRICIA ARA\u00daJO DE OLIVEIRA<\/strong><\/td><td><strong>Rafael Rabelo Nunes<\/strong><\/td><td><a href=\"http:\/\/lattes.cnpq.br\/5706606169826790\" data-type=\"URL\" data-id=\"http:\/\/lattes.cnpq.br\/5706606169826790\" target=\"_blank\" rel=\"noreferrer noopener\">http:\/\/lattes.cnpq.br\/5706606169826790<\/a><\/td><\/tr><tr><td>&nbsp;<strong>PEDRO HENRIQUE PORTUGAL DE SOUSA<\/strong><\/td><td>&nbsp;<strong>Rafael Rabelo Nunes<\/strong><\/td><td>&nbsp;<a href=\"http:\/\/lattes.cnpq.br\/9387664633073634\" data-type=\"URL\" data-id=\"http:\/\/lattes.cnpq.br\/9387664633073634\">http:\/\/lattes.cnpq.br\/9387664633073634<\/a><\/td><\/tr><tr><td><strong>POLLYANA ESTEVES DOS REIS MOREIRA<\/strong><\/td><td><strong>Robson de Oliveira Albuquerque<\/strong><\/td><td><a href=\"http:\/\/lattes.cnpq.br\/2180754882600818\" data-type=\"URL\" data-id=\"http:\/\/lattes.cnpq.br\/2180754882600818\" target=\"_blank\" rel=\"noreferrer noopener\">http:\/\/lattes.cnpq.br\/2180754882600818<\/a><\/td><\/tr><\/tbody><\/table><\/figure>\n\n\n<p><\/p>\n\n\n<h2 class=\"wp-block-heading\">Q<\/h2>\n\n\n<p><\/p>\n\n\n<figure class=\"wp-block-table\"><table><tbody><tr><td><strong>Discente<\/strong><\/td><td><strong>Orientador(a)<\/strong><\/td><td><strong>M\u00eddia Social<\/strong><\/td><\/tr><tr><td>&nbsp;<\/td><td>&nbsp;<\/td><td>&nbsp;<\/td><\/tr><\/tbody><\/table><\/figure>\n\n\n<p><\/p>\n\n\n<h2 class=\"wp-block-heading\">R<\/h2>\n\n\n<p><\/p>\n\n\n<figure class=\"wp-block-table\"><table><tbody><tr><td><strong>Discente<\/strong><\/td><td><strong>Orientador(a)<\/strong><\/td><td><strong>M\u00eddia Social<\/strong><\/td><\/tr><tr><td><strong>RAMON LEONN VICTOR MEDEIROS<\/strong><\/td><td><strong>Edna Dias Canedo<\/strong><\/td><td><a href=\"http:\/\/lattes.cnpq.br\/3532345852048011\">http:\/\/lattes.cnpq.br\/3532345852048011<\/a><\/td><\/tr><tr><td><strong>RAFAEL MENDES MARQUES DE BRITO<\/strong><\/td><td><strong>LUIZ ANT\u00d4NIO RIBEIRO J\u00daNIOR<\/strong><\/td><td><a href=\"http:\/\/lattes.cnpq.br\/1830471980561377\">http:\/\/lattes.cnpq.br\/1830471980561377<\/a><\/td><\/tr><tr><td><strong>RAFAEL RODRIGO DOS SANTOS MIRANDA&nbsp;<\/strong><\/td><td><strong>Virg\u00ednia de Melo Dantas&nbsp;&nbsp;<\/strong><\/td><td><a href=\"http:\/\/lattes.cnpq.br\/1443740985069668\">http:\/\/lattes.cnpq.br\/1443740985069668<\/a><a href=\"http:\/\/lattes.cnpq.br\/8370954437919003%C2%A0\">&nbsp;<\/a><\/td><\/tr><tr><td><strong>RAIMUNDO LEITE DE OLIVEIRA NETO<\/strong><\/td><td><strong>WILLIAM FERREIRA GIOZZA<\/strong><\/td><td><\/td><\/tr><tr><td><strong>RODRIGO COSTA DUARTE<\/strong><\/td><td><strong>Rafael Rabelo Nunes<\/strong><\/td><td><a href=\"http:\/\/lattes.cnpq.br\/2428004353642951\">http:\/\/lattes.cnpq.br\/2428004353642951<\/a><\/td><\/tr><tr><td><strong>RODRIGO POUBEL DOS SANTOS<\/strong><\/td><td><strong>Jo\u00e3o Souza Neto<\/strong><\/td><td><a href=\"http:\/\/lattes.cnpq.br\/7420960024587507\" data-type=\"URL\" data-id=\"http:\/\/lattes.cnpq.br\/7420960024587507\">http:\/\/lattes.cnpq.br\/7420960024587507<\/a><\/td><\/tr><tr><td><strong>ROSEMEIRE SOARES DE SOUSA<\/strong><\/td><td><strong>VIRGINIA DE MELO DANTAS TRINKS<\/strong><\/td><td><\/td><\/tr><\/tbody><\/table><\/figure>\n\n\n<p><\/p>\n\n\n<h2 class=\"wp-block-heading\">S<\/h2>\n\n\n<p><\/p>\n\n\n<figure class=\"wp-block-table\"><table><tbody><tr><td><strong>Discente<\/strong><\/td><td><strong>Orientador(a)<\/strong><\/td><td><strong>M\u00eddia Social<\/strong><\/td><\/tr><tr><td>&nbsp;<\/td><td>&nbsp;<\/td><td>&nbsp;<\/td><\/tr><\/tbody><\/table><\/figure>\n\n\n<p><\/p>\n\n\n<h2 class=\"wp-block-heading\">T<\/h2>\n\n\n<p><\/p>\n\n\n<figure class=\"wp-block-table\"><table><tbody><tr><td><strong>Discente<\/strong><\/td><td><strong>Orientador(a)<\/strong><\/td><td><strong>M\u00eddia Social<\/strong><\/td><\/tr><tr><td><strong>TATIANA KELLY NUNES BASTOS<\/strong><\/td><td><strong>DEM\u00c9TRIO ANT\u00d4NIO DA SILVA FILHO<\/strong><\/td><td><a href=\"http:\/\/lattes.cnpq.br\/0846404488305277\">http:\/\/lattes.cnpq.br\/0846404488305277<\/a><\/td><\/tr><tr><td><strong>TELMO NUNES COSTA<\/strong><\/td><td><strong>RAFAEL RABELO NUNES<\/strong><\/td><td><\/td><\/tr><tr><td><strong>THARC\u00cdSIO MARCOS FERREIRA DE QUEIROZ MENDON\u00c7A<\/strong><\/td><td><strong>ROBSON DE OLIVEIRA ALBUQUERQUE<\/strong><\/td><td><a href=\"http:\/\/lattes.cnpq.br\/4088208657267616\">http:\/\/lattes.cnpq.br\/4088208657267616<\/a><\/td><\/tr><tr><td><strong>&nbsp;THIAGO NOGUEIRA DE OLIVEIRA<\/strong><\/td><td><strong>&nbsp;ROBSON DE OLIVEIRA ALBUQUERQUE<\/strong><\/td><td>&nbsp;<\/td><\/tr><\/tbody><\/table><\/figure>\n\n\n\n<h2 class=\"wp-block-heading\">U<\/h2>\n\n\n<p><\/p>\n\n\n<figure class=\"wp-block-table\"><table><tbody><tr><td><strong>Discente<\/strong><\/td><td><strong>Orientador(a)<\/strong><\/td><td><strong>M\u00eddia Social<\/strong><\/td><\/tr><tr><td>&nbsp;<\/td><td>&nbsp;<\/td><td>&nbsp;<\/td><\/tr><\/tbody><\/table><\/figure>\n\n\n<p><\/p>\n\n\n<h2 class=\"wp-block-heading\">V<\/h2>\n\n\n<p><\/p>\n\n\n<figure class=\"wp-block-table\"><table><tbody><tr><td><strong>Discente<\/strong><\/td><td><strong>Orientador(a)<\/strong><\/td><td><strong>M\u00eddia Social<\/strong><\/td><\/tr><tr><td>&nbsp;<strong>VITOR MATEUS SILVA RAMOS<\/strong><\/td><td>&nbsp;<strong>VIRG\u00cdNIA DE MELO DANTAS TRINKS&nbsp;<\/strong><\/td><td>&nbsp;<\/td><\/tr><\/tbody><\/table><\/figure>\n\n\n<p><\/p>\n\n\n<h2 class=\"wp-block-heading\">W<\/h2>\n\n\n<p><\/p>\n\n\n<figure class=\"wp-block-table\"><table><tbody><tr><td><strong>Discente<\/strong><\/td><td><strong>Orientador(a)<\/strong><\/td><td><strong>M\u00eddia Social<\/strong><\/td><\/tr><tr><td><strong>WALTER LOPES NETO&nbsp;<\/strong><\/td><td><strong><strong>Rafael Rabelo Nunes<\/strong><\/strong><\/td><td><a href=\"http:\/\/lattes.cnpq.br\/0621147314421392\">http:\/\/lattes.cnpq.br\/0621147314421392<\/a><a href=\"http:\/\/lattes.cnpq.br\/8370954437919003%C2%A0\">&nbsp;<\/a><\/td><\/tr><tr><td>&nbsp;<strong>WILLIAM RIBEIRO DA SILVA<\/strong><\/td><td>&nbsp;<strong>Virg\u00ednia de Melo Dantas&nbsp;<\/strong><\/td><td>&nbsp;<a href=\"http:\/\/lattes.cnpq.br\/2148212576306148\" data-type=\"URL\" data-id=\"http:\/\/lattes.cnpq.br\/2148212576306148\">http:\/\/lattes.cnpq.br\/2148212576306148<\/a><\/td><\/tr><tr><td><strong>WUARLI CEZA NUNES DOS SANTOS<\/strong><\/td><td><strong>\u00c9der Souza Gualberto&nbsp;<\/strong><\/td><td><a href=\"http:\/\/lattes.cnpq.br\/2571457404631595\"><br>http:\/\/lattes.cnpq.br\/2571457404631595<\/a><\/td><\/tr><\/tbody><\/table><\/figure>\n\n\n<p><\/p>\n\n\n<h2 class=\"wp-block-heading\">X<\/h2>\n\n\n<p><\/p>\n\n\n<figure class=\"wp-block-table\"><table><tbody><tr><td><strong>Discente<\/strong><\/td><td><strong>Orientador(a)<\/strong><\/td><td><strong>M\u00eddia Social<\/strong><\/td><\/tr><tr><td>&nbsp;<\/td><td>&nbsp;<\/td><td>&nbsp;<\/td><\/tr><\/tbody><\/table><\/figure>\n\n\n<p><\/p>\n\n\n<h2 class=\"wp-block-heading\">Y<\/h2>\n\n\n<p><\/p>\n\n\n<figure class=\"wp-block-table\"><table><tbody><tr><td><strong>Discente<\/strong><\/td><td><strong>Orientador(a)<\/strong><\/td><td><strong>M\u00eddia Social<\/strong><\/td><\/tr><tr><td>&nbsp;<\/td><td>&nbsp;<\/td><td>&nbsp;<\/td><\/tr><\/tbody><\/table><\/figure>\n\n\n<p><\/p>\n\n\n<h2 class=\"wp-block-heading\">Z<\/h2>\n\n\n<p><\/p>\n\n\n<figure class=\"wp-block-table\"><table><tbody><tr><td><strong>Discente<\/strong><\/td><td><strong>Orientador(a)<\/strong><\/td><td><strong>M\u00eddia Social<\/strong><\/td><\/tr><tr><td>&nbsp;<\/td><td>&nbsp;<\/td><td>&nbsp;<\/td><\/tr><\/tbody><\/table><\/figure>\n\n\n<p><\/p>\n\n\n<p><\/p>\n\n\n<p><\/p>","protected":false},"excerpt":{"rendered":"<p>A Discente Orientador(a) M\u00eddia Social &nbsp;ADRIANA MARC\u00cdLIO Rafael Rabelo Nunes &nbsp;http:\/\/lattes.cnpq.br\/8816153628924803 ALINE VIEIRA VELOZO VIRG\u00cdNIA DE MELO DANTAS TRINKS http:\/\/lattes.cnpq.br\/2330512152218476http:\/\/www.linkedin.com\/in\/alinecwb ALLAN CARLOS FELICIO PESSOA DA SILVA JO\u00c3O JOS\u00c9 COSTA GONDIM [&hellip;]<\/p>\n","protected":false},"author":3,"featured_media":0,"parent":0,"menu_order":0,"comment_status":"closed","ping_status":"closed","template":"","meta":[],"_links":{"self":[{"href":"https:\/\/ppee.unb.br\/index.php?rest_route=\/wp\/v2\/pages\/14431"}],"collection":[{"href":"https:\/\/ppee.unb.br\/index.php?rest_route=\/wp\/v2\/pages"}],"about":[{"href":"https:\/\/ppee.unb.br\/index.php?rest_route=\/wp\/v2\/types\/page"}],"author":[{"embeddable":true,"href":"https:\/\/ppee.unb.br\/index.php?rest_route=\/wp\/v2\/users\/3"}],"replies":[{"embeddable":true,"href":"https:\/\/ppee.unb.br\/index.php?rest_route=%2Fwp%2Fv2%2Fcomments&post=14431"}],"version-history":[{"count":69,"href":"https:\/\/ppee.unb.br\/index.php?rest_route=\/wp\/v2\/pages\/14431\/revisions"}],"predecessor-version":[{"id":17053,"href":"https:\/\/ppee.unb.br\/index.php?rest_route=\/wp\/v2\/pages\/14431\/revisions\/17053"}],"wp:attachment":[{"href":"https:\/\/ppee.unb.br\/index.php?rest_route=%2Fwp%2Fv2%2Fmedia&parent=14431"}],"curies":[{"name":"wp","href":"https:\/\/api.w.org\/{rel}","templated":true}]}}