{"id":14444,"date":"2025-03-17T21:03:27","date_gmt":"2025-03-18T00:03:27","guid":{"rendered":"https:\/\/ppee.unb.br\/?page_id=14444"},"modified":"2025-09-23T16:44:19","modified_gmt":"2025-09-23T19:44:19","slug":"banca-de-trabalho-de-conclusao","status":"publish","type":"page","link":"https:\/\/ppee.unb.br\/?page_id=14444","title":{"rendered":"Banca de Trabalho de Conclus\u00e3o"},"content":{"rendered":"\t\t<div data-elementor-type=\"wp-page\" data-elementor-id=\"14444\" class=\"elementor elementor-14444\" data-elementor-post-type=\"page\">\n\t\t\t\t\t\t\t<div class=\"elementor-element elementor-element-7e095ca e-flex e-con-boxed e-con\" data-id=\"7e095ca\" data-element_type=\"container\" data-settings=\"{&quot;content_width&quot;:&quot;boxed&quot;}\">\n\t\t\t\t\t<div class=\"e-con-inner\">\n\t\t\t\t<div class=\"elementor-element elementor-element-7965bc9 elementor-widget elementor-widget-heading\" data-id=\"7965bc9\" data-element_type=\"widget\" data-widget_type=\"heading.default\">\n\t\t\t\t<div class=\"elementor-widget-container\">\n\t\t\t<style>\/*! elementor - v3.14.0 - 26-06-2023 *\/\n.elementor-heading-title{padding:0;margin:0;line-height:1}.elementor-widget-heading .elementor-heading-title[class*=elementor-size-]>a{color:inherit;font-size:inherit;line-height:inherit}.elementor-widget-heading .elementor-heading-title.elementor-size-small{font-size:15px}.elementor-widget-heading .elementor-heading-title.elementor-size-medium{font-size:19px}.elementor-widget-heading .elementor-heading-title.elementor-size-large{font-size:29px}.elementor-widget-heading .elementor-heading-title.elementor-size-xl{font-size:39px}.elementor-widget-heading .elementor-heading-title.elementor-size-xxl{font-size:59px}<\/style><h2 class=\"elementor-heading-title elementor-size-default\">Banca de Trabalho de Conclus\u00e3o<\/h2>\t\t<\/div>\n\t\t\t\t<\/div>\n\t\t\t\t\t<\/div>\n\t\t\t\t<\/div>\n\t\t<div class=\"elementor-element elementor-element-49da2b1 e-flex e-con-boxed e-con\" data-id=\"49da2b1\" data-element_type=\"container\" data-settings=\"{&quot;content_width&quot;:&quot;boxed&quot;}\">\n\t\t\t\t\t<div class=\"e-con-inner\">\n\t\t\t\t<div class=\"elementor-element elementor-element-d3ea99c elementor-widget elementor-widget-text-editor\" data-id=\"d3ea99c\" data-element_type=\"widget\" data-widget_type=\"text-editor.default\">\n\t\t\t\t<div class=\"elementor-widget-container\">\n\t\t\t<style>\/*! elementor - v3.14.0 - 26-06-2023 *\/\n.elementor-widget-text-editor.elementor-drop-cap-view-stacked .elementor-drop-cap{background-color:#69727d;color:#fff}.elementor-widget-text-editor.elementor-drop-cap-view-framed .elementor-drop-cap{color:#69727d;border:3px solid;background-color:transparent}.elementor-widget-text-editor:not(.elementor-drop-cap-view-default) .elementor-drop-cap{margin-top:8px}.elementor-widget-text-editor:not(.elementor-drop-cap-view-default) .elementor-drop-cap-letter{width:1em;height:1em}.elementor-widget-text-editor .elementor-drop-cap{float:left;text-align:center;line-height:1;font-size:50px}.elementor-widget-text-editor .elementor-drop-cap-letter{display:inline-block}<\/style>\t\t\t\t<p><strong>Montagem de banca<\/strong><\/p><ol><li><a href=\"https:\/\/ppee.unb.br\/wp-content\/uploads\/2025\/09\/Formulario-para-montagem-da-banca-de-defesa-do-trabalho-de-conclusao-de-curso-1.docx\">Formul\u00e1rio para montagem da banca de defesa do trabalho de conclus\u00e3o de curso<\/a><\/li><li>Artigo na vers\u00e3o final<\/li><li>Hist\u00f3rico Escolar<\/li><li><a href=\"https:\/\/ppee.unb.br\/wp-content\/uploads\/2025\/09\/Termo_de_autorizacao_BDM_2018-2-1.doc\">Termo de autoriza\u00e7\u00e3o<\/a><\/li><\/ol><p>Todos os arquivos devem ser enviados em formato PDF para o seguinte endere\u00e7o de e-mail:\u00a0<a href=\"mailto:sec@ppee.unb.br\" target=\"_new\">sec@ppee.unb.br<\/a>.<\/p>\t\t\t\t\t\t<\/div>\n\t\t\t\t<\/div>\n\t\t\t\t\t<\/div>\n\t\t\t\t<\/div>\n\t\t\t\t\t\t\t<\/div>\n\t\t","protected":false},"excerpt":{"rendered":"<p>Banca de Trabalho de Conclus\u00e3o Montagem de banca Formul\u00e1rio para montagem da banca de defesa do trabalho de conclus\u00e3o de curso Artigo na vers\u00e3o final Hist\u00f3rico Escolar Termo de autoriza\u00e7\u00e3o [&hellip;]<\/p>\n","protected":false},"author":3,"featured_media":0,"parent":0,"menu_order":0,"comment_status":"closed","ping_status":"closed","template":"","meta":[],"_links":{"self":[{"href":"https:\/\/ppee.unb.br\/index.php?rest_route=\/wp\/v2\/pages\/14444"}],"collection":[{"href":"https:\/\/ppee.unb.br\/index.php?rest_route=\/wp\/v2\/pages"}],"about":[{"href":"https:\/\/ppee.unb.br\/index.php?rest_route=\/wp\/v2\/types\/page"}],"author":[{"embeddable":true,"href":"https:\/\/ppee.unb.br\/index.php?rest_route=\/wp\/v2\/users\/3"}],"replies":[{"embeddable":true,"href":"https:\/\/ppee.unb.br\/index.php?rest_route=%2Fwp%2Fv2%2Fcomments&post=14444"}],"version-history":[{"count":16,"href":"https:\/\/ppee.unb.br\/index.php?rest_route=\/wp\/v2\/pages\/14444\/revisions"}],"predecessor-version":[{"id":16303,"href":"https:\/\/ppee.unb.br\/index.php?rest_route=\/wp\/v2\/pages\/14444\/revisions\/16303"}],"wp:attachment":[{"href":"https:\/\/ppee.unb.br\/index.php?rest_route=%2Fwp%2Fv2%2Fmedia&parent=14444"}],"curies":[{"name":"wp","href":"https:\/\/api.w.org\/{rel}","templated":true}]}}