{"id":4878,"date":"2023-04-24T12:39:03","date_gmt":"2023-04-24T15:39:03","guid":{"rendered":"https:\/\/ppee.unb.br\/?page_id=4878"},"modified":"2023-07-11T14:04:15","modified_gmt":"2023-07-11T17:04:15","slug":"historia-2","status":"publish","type":"page","link":"https:\/\/ppee.unb.br\/?page_id=4878","title":{"rendered":"Hist\u00f3ria"},"content":{"rendered":"\t\t<div data-elementor-type=\"wp-page\" data-elementor-id=\"4878\" class=\"elementor elementor-4878\" data-elementor-post-type=\"page\">\n\t\t\t\t\t\t\t<div class=\"elementor-element elementor-element-772f770 e-flex e-con-boxed e-con\" data-id=\"772f770\" data-element_type=\"container\" data-settings=\"{&quot;content_width&quot;:&quot;boxed&quot;}\">\n\t\t\t\t\t<div class=\"e-con-inner\">\n\t\t\t\t\t<\/div>\n\t\t\t\t<\/div>\n\t\t\t\t<section class=\"elementor-section elementor-top-section elementor-element elementor-element-edfdea8 elementor-section-boxed elementor-section-height-default elementor-section-height-default\" data-id=\"edfdea8\" data-element_type=\"section\">\n\t\t\t\t\t\t<div class=\"elementor-container elementor-column-gap-default\">\n\t\t\t\t\t<div class=\"elementor-column elementor-col-100 elementor-top-column elementor-element elementor-element-6f2c7d0a\" data-id=\"6f2c7d0a\" data-element_type=\"column\">\n\t\t\t<div class=\"elementor-widget-wrap elementor-element-populated\">\n\t\t\t\t\t\t\t\t<div class=\"elementor-element elementor-element-46efb01 elementor-widget elementor-widget-text-editor\" data-id=\"46efb01\" data-element_type=\"widget\" data-widget_type=\"text-editor.default\">\n\t\t\t\t<div class=\"elementor-widget-container\">\n\t\t\t<style>\/*! elementor - v3.14.0 - 26-06-2023 *\/\n.elementor-widget-text-editor.elementor-drop-cap-view-stacked .elementor-drop-cap{background-color:#69727d;color:#fff}.elementor-widget-text-editor.elementor-drop-cap-view-framed .elementor-drop-cap{color:#69727d;border:3px solid;background-color:transparent}.elementor-widget-text-editor:not(.elementor-drop-cap-view-default) .elementor-drop-cap{margin-top:8px}.elementor-widget-text-editor:not(.elementor-drop-cap-view-default) .elementor-drop-cap-letter{width:1em;height:1em}.elementor-widget-text-editor .elementor-drop-cap{float:left;text-align:center;line-height:1;font-size:50px}.elementor-widget-text-editor .elementor-drop-cap-letter{display:inline-block}<\/style>\t\t\t\t<div align=\"justify\"><!-- wp:paragraph -->\n<p>O Mestrado Profissional em Engenharia El\u00e9trica, em que pese ter seu registro e coordena\u00e7\u00e3o pr\u00f3prios junto \u00e0 CAPES, no \u00e2mbito da UnB, era at\u00e9 o primeiro per\u00edodo de 2018, um programa gerido como parte do Programa de P\u00f3s-Gradua\u00e7\u00e3o em Engenharia El\u00e9trica \u2013 PPGEE (Acad\u00eamico), obedecendo ao Regulamento Interno do PPGEE e a uma resolu\u00e7\u00e3o espec\u00edfica de 12 de fevereiro de 2013 que estabelecia normas complementares para o funcionamento do curso de Mestrado Profissional no Programa de P\u00f3s-Gradua\u00e7\u00e3o em Engenharia El\u00e9trica (PPGEE) da Universidade de Bras\u00edlia. Tal resolu\u00e7\u00e3o espec\u00edfica \u00e9 amparada no Art. 3, \u00a7 2o do Regulamento Interno do PPGEE e foi aprovada pelo Colegiado do PPGEE em sua XI reuni\u00e3o, realizada em 14 de dezembro de 2012.<\/p>\n<!-- \/wp:paragraph --><!-- wp:paragraph -->\n<p>Desde sua cria\u00e7\u00e3o, o Mestrado Profissional em Engenharia El\u00e9trica foi ofertado na forma de turmas espec\u00edficas, com ingresso de alunos regulado por edital vinculado \u00e0 turma.<\/p>\n<!-- \/wp:paragraph --><!-- wp:paragraph -->\n<p>Consequente \u00e0 publica\u00e7\u00e3o dos resultados da Avalia\u00e7\u00e3o Quadrienal 2013-2016, o Departamento de Engenharia El\u00e9trica da UnB recebeu em 27\/10\/2018 a visita do Coordenador da \u00c1rea de Engenharias IV da CAPES, Professor Murilo A. Romero, EESC\/USP. Nessa ocasi\u00e3o, o Coordenador das Engenharias IV esteve reunido com os coordenadores dos dois programas acad\u00eamicos (Programa de P\u00f3s-Gradua\u00e7\u00e3o em Engenharia El\u00e9trica \u2013 PPGEE e Programa de P\u00f3s-Gradua\u00e7\u00e3o em Sistemas Eletr\u00f4nicos e de Automa\u00e7\u00e3o \u2013 PGEA) e o coordenador do Programa Profissional em Engenharia El\u00e9trica (PPEE), assim como a coordenadora do Programa em Engenharia Biom\u00e9dica da FGA. No que se refere ao programa profissional PPEE, ap\u00f3s discuss\u00e3o dos resultados da avalia\u00e7\u00e3o quadrienal, o Coordenador das Engenharias IV apresentou considera\u00e7\u00f5es importantes para o futuro do PPEE, especificamente:<\/p>\n<!-- \/wp:paragraph --><!-- wp:list -->\n<ul><!-- wp:list-item -->\n<li>Que o PPEE deveria evoluir para ter uma gest\u00e3o pr\u00f3pria independente do programa acad\u00eamico, considerando ainda as novas defini\u00e7\u00f5es da CAPES quanto aos programas profissionais que devem objetivar ser completos, no sentido de ter mestrado e doutorado profissionais, al\u00e9m da possibilidade de uma avalia\u00e7\u00e3o quadrienal baseada em crit\u00e9rios pr\u00f3prios e espec\u00edficos dos programas profissionais;<\/li>\n<!-- \/wp:list-item --><!-- wp:list-item -->\n<li>Que a oferta de turmas do PPEE deveria passar a ser regular, n\u00e3o impedindo a cria\u00e7\u00e3o de turmas espec\u00edficas sob demanda;<\/li>\n<!-- \/wp:list-item --><!-- wp:list-item -->\n<li>Que o PPEE deve objetivar ser um programa completo, no sentido da inclus\u00e3o de um conjunto abrangente de \u00e1reas da engenharia el\u00e9trica, sem lacunas de \u00e1reas importantes;<\/li>\n<!-- \/wp:list-item --><!-- wp:list-item -->\n<li>Que o PPEE deveria buscar um foco tem\u00e1tico que fosse o seu diferenciador tanto com rela\u00e7\u00e3o aos programas acad\u00eamicos de Engenharias IV da UnB quanto com rela\u00e7\u00e3o a outros programas profissionais de Engenharias IV brasileiros, sugerindo-se um direcionamento em fun\u00e7\u00e3o das duas \u00faltimas ofertas de turmas nos dom\u00ednios da seguran\u00e7a cibern\u00e9tica, seguran\u00e7a da informa\u00e7\u00e3o e forense em engenharia el\u00e9trica e tecnologias da informa\u00e7\u00e3o.<\/li>\n<!-- \/wp:list-item --><\/ul>\n<!-- \/wp:list --><!-- wp:paragraph -->\n<p>Buscando atender tais requisitos, fez-se necess\u00e1rio escolher uma \u00e1rea focal para o programa e estabelecer o regulamento para que o PPEE passe a ter sua gest\u00e3o pr\u00f3pria no \u00e2mbito da UnB. Tal se fez a partir de delibera\u00e7\u00f5es do Colegiado do PPGEE, primeiramente com a institui\u00e7\u00e3o, pelo ato n\u00ba 002\/2017, de uma comiss\u00e3o voltada \u00e0 reformula\u00e7\u00e3o do mestrado profissional (processo SEI 23106.070955\/2017-06), o que levou \u00e0 proposi\u00e7\u00e3o de um regulamento espec\u00edfico do programa profissional. Em seguida, tal proposi\u00e7\u00e3o de regulamento foi aprovada pelo Colegiado do PPGEE, em sua reuni\u00e3o de 18\/05\/2018.<\/p>\n<!-- \/wp:paragraph --><!-- wp:paragraph -->\n<p>O novo regulamento do PPEE parte assim de um regulamento existente e aprovado em todas as inst\u00e2ncias cab\u00edveis na UnB (conforme resolu\u00e7\u00e3o CEPE 080\/2017), com a retirada das determina\u00e7\u00f5es espec\u00edficas de programas acad\u00eamicos e a integra\u00e7\u00e3o das determina\u00e7\u00f5es mais pr\u00f3prias aos programas profissionais. O novo regulamento do PPEE estabelece um foco na \u00e1rea de concentra\u00e7\u00e3o em seguran\u00e7a cibern\u00e9tica, considerada como o diferencial do PPEE com rela\u00e7\u00e3o ao programa acad\u00eamico de origem e com rela\u00e7\u00e3o a outros programas profissionais de engenharia el\u00e9trica no Brasil. Por outro lado, tal \u00e1rea de concentra\u00e7\u00e3o embasa uma estrat\u00e9gia criar linhas de pesquisa que se enquadrem dentro da seguran\u00e7a cibern\u00e9tica e que cubram os diversos dom\u00ednios da engenharia el\u00e9trica, tais como a seguran\u00e7a da infraestrutura cr\u00edtica de energia e pot\u00eancia, a seguran\u00e7a da infraestrutura cr\u00edtica de comunica\u00e7\u00f5es, a seguran\u00e7a dos Sistemas de Informa\u00e7\u00e3o e das Redes, a seguran\u00e7a dos sistemas eletr\u00f4nicos e de controle e automa\u00e7\u00e3o, as ci\u00eancias forenses vinculadas a tais linhas de pesquisa.<\/p>\n<!-- \/wp:paragraph --><!-- wp:paragraph -->\n<p>A aprova\u00e7\u00e3o do novo regulamento pelas inst\u00e2ncias da Faculdade de Tecnologia e do Decanato de P\u00f3s-Gradua\u00e7\u00e3o est\u00e1 desse modo sendo encaminhada conjuntamente pelas Coordena\u00e7\u00f5es do PPGEE e do PPEE, no sentido tanto de atender \u00e0s diretrizes da CAPES quanto de passar a gerir o Programa de P\u00f3s-Gradua\u00e7\u00e3o Profissional em Engenharia El\u00e9trica de forma independente, com seu pr\u00f3prio Colegiado e Coordena\u00e7\u00e3o, bem como com uma oferta regular de vagas, possivelmente j\u00e1 a partir do per\u00edodo 2018\/2.<\/p>\n<!-- \/wp:paragraph --><\/div>\t\t\t\t\t\t<\/div>\n\t\t\t\t<\/div>\n\t\t\t\t\t<\/div>\n\t\t<\/div>\n\t\t\t\t\t\t\t<\/div>\n\t\t<\/section>\n\t\t\t\t\t\t\t<\/div>\n\t\t","protected":false},"excerpt":{"rendered":"<p>O Mestrado Profissional em Engenharia El\u00e9trica, em que pese ter seu registro e coordena\u00e7\u00e3o pr\u00f3prios junto \u00e0 CAPES, no \u00e2mbito da UnB, era at\u00e9 o primeiro per\u00edodo de 2018, um [&hellip;]<\/p>\n","protected":false},"author":3,"featured_media":0,"parent":5200,"menu_order":0,"comment_status":"closed","ping_status":"closed","template":"","meta":[],"_links":{"self":[{"href":"https:\/\/ppee.unb.br\/index.php?rest_route=\/wp\/v2\/pages\/4878"}],"collection":[{"href":"https:\/\/ppee.unb.br\/index.php?rest_route=\/wp\/v2\/pages"}],"about":[{"href":"https:\/\/ppee.unb.br\/index.php?rest_route=\/wp\/v2\/types\/page"}],"author":[{"embeddable":true,"href":"https:\/\/ppee.unb.br\/index.php?rest_route=\/wp\/v2\/users\/3"}],"replies":[{"embeddable":true,"href":"https:\/\/ppee.unb.br\/index.php?rest_route=%2Fwp%2Fv2%2Fcomments&post=4878"}],"version-history":[{"count":19,"href":"https:\/\/ppee.unb.br\/index.php?rest_route=\/wp\/v2\/pages\/4878\/revisions"}],"predecessor-version":[{"id":6999,"href":"https:\/\/ppee.unb.br\/index.php?rest_route=\/wp\/v2\/pages\/4878\/revisions\/6999"}],"up":[{"embeddable":true,"href":"https:\/\/ppee.unb.br\/index.php?rest_route=\/wp\/v2\/pages\/5200"}],"wp:attachment":[{"href":"https:\/\/ppee.unb.br\/index.php?rest_route=%2Fwp%2Fv2%2Fmedia&parent=4878"}],"curies":[{"name":"wp","href":"https:\/\/api.w.org\/{rel}","templated":true}]}}