{"id":4899,"date":"2023-04-24T13:11:35","date_gmt":"2023-04-24T16:11:35","guid":{"rendered":"https:\/\/ppee.unb.br\/?page_id=4899"},"modified":"2026-04-09T17:41:16","modified_gmt":"2026-04-09T20:41:16","slug":"informacoes","status":"publish","type":"page","link":"https:\/\/ppee.unb.br\/?page_id=4899","title":{"rendered":"Lato Sensu"},"content":{"rendered":"\t\t<div data-elementor-type=\"wp-page\" data-elementor-id=\"4899\" class=\"elementor elementor-4899\" data-elementor-post-type=\"page\">\n\t\t\t\t\t\t\t<div class=\"elementor-element elementor-element-da108c1 e-flex e-con-boxed e-con\" data-id=\"da108c1\" data-element_type=\"container\" data-settings=\"{&quot;content_width&quot;:&quot;boxed&quot;}\">\n\t\t\t\t\t<div class=\"e-con-inner\">\n\t\t\t\t<div class=\"elementor-element elementor-element-92d843a elementor-widget elementor-widget-heading\" data-id=\"92d843a\" data-element_type=\"widget\" data-widget_type=\"heading.default\">\n\t\t\t\t<div class=\"elementor-widget-container\">\n\t\t\t<style>\/*! elementor - v3.14.0 - 26-06-2023 *\/\n.elementor-heading-title{padding:0;margin:0;line-height:1}.elementor-widget-heading .elementor-heading-title[class*=elementor-size-]>a{color:inherit;font-size:inherit;line-height:inherit}.elementor-widget-heading .elementor-heading-title.elementor-size-small{font-size:15px}.elementor-widget-heading .elementor-heading-title.elementor-size-medium{font-size:19px}.elementor-widget-heading .elementor-heading-title.elementor-size-large{font-size:29px}.elementor-widget-heading .elementor-heading-title.elementor-size-xl{font-size:39px}.elementor-widget-heading .elementor-heading-title.elementor-size-xxl{font-size:59px}<\/style><h2 class=\"elementor-heading-title elementor-size-default\">Lato Sensu<\/h2>\t\t<\/div>\n\t\t\t\t<\/div>\n\t\t\t\t\t<\/div>\n\t\t\t\t<\/div>\n\t\t<div class=\"elementor-element elementor-element-ccd5b24 e-flex e-con-boxed e-con\" data-id=\"ccd5b24\" data-element_type=\"container\" data-settings=\"{&quot;content_width&quot;:&quot;boxed&quot;}\">\n\t\t\t\t\t<div class=\"e-con-inner\">\n\t\t\t\t<div class=\"elementor-element elementor-element-b69dfc2 elementor-widget elementor-widget-text-editor\" data-id=\"b69dfc2\" data-element_type=\"widget\" data-widget_type=\"text-editor.default\">\n\t\t\t\t<div class=\"elementor-widget-container\">\n\t\t\t<style>\/*! elementor - v3.14.0 - 26-06-2023 *\/\n.elementor-widget-text-editor.elementor-drop-cap-view-stacked .elementor-drop-cap{background-color:#69727d;color:#fff}.elementor-widget-text-editor.elementor-drop-cap-view-framed .elementor-drop-cap{color:#69727d;border:3px solid;background-color:transparent}.elementor-widget-text-editor:not(.elementor-drop-cap-view-default) .elementor-drop-cap{margin-top:8px}.elementor-widget-text-editor:not(.elementor-drop-cap-view-default) .elementor-drop-cap-letter{width:1em;height:1em}.elementor-widget-text-editor .elementor-drop-cap{float:left;text-align:center;line-height:1;font-size:50px}.elementor-widget-text-editor .elementor-drop-cap-letter{display:inline-block}<\/style>\t\t\t\t<p>TURMA 04<\/p><p><a href=\"https:\/\/ppee.unb.br\/wp-content\/uploads\/2025\/10\/2025.2-1-2.pdf\">2025.2 &#8211; 1\u00ba semestre<\/a><\/p><p><a href=\"https:\/\/ppee.unb.br\/wp-content\/uploads\/2026\/04\/Oferta_com_os_ajustes_turma_4-3.pdf\">2026.1 \u2013 2\u00ba semestre<\/a><\/p>\t\t\t\t\t\t<\/div>\n\t\t\t\t<\/div>\n\t\t\t\t\t<\/div>\n\t\t\t\t<\/div>\n\t\t<div class=\"elementor-element elementor-element-72c9815 e-flex e-con-boxed e-con\" data-id=\"72c9815\" data-element_type=\"container\" data-settings=\"{&quot;content_width&quot;:&quot;boxed&quot;}\">\n\t\t\t\t\t<div class=\"e-con-inner\">\n\t\t\t\t<div class=\"elementor-element elementor-element-6cc5116 elementor-widget elementor-widget-text-editor\" data-id=\"6cc5116\" data-element_type=\"widget\" data-widget_type=\"text-editor.default\">\n\t\t\t\t<div class=\"elementor-widget-container\">\n\t\t\t\t\t\t\t<p>TURMA 03<\/p><p><a href=\"https:\/\/ppee.unb.br\/wp-content\/uploads\/2025\/01\/Oferta_2025.1.pdf\">2025.1 &#8211; 1\u00ba semestre<\/a><\/p><p><a href=\"https:\/\/ppee.unb.br\/wp-content\/uploads\/2025\/11\/2025.2-1-1.pdf\">2025.2 \u2013 2\u00ba semestre<\/a><\/p>\t\t\t\t\t\t<\/div>\n\t\t\t\t<\/div>\n\t\t\t\t\t<\/div>\n\t\t\t\t<\/div>\n\t\t<div class=\"elementor-element elementor-element-1fb9abc e-flex e-con-boxed e-con\" data-id=\"1fb9abc\" data-element_type=\"container\" data-settings=\"{&quot;content_width&quot;:&quot;boxed&quot;}\">\n\t\t\t\t\t<div class=\"e-con-inner\">\n\t\t\t\t<div class=\"elementor-element elementor-element-2ec984a elementor-widget elementor-widget-text-editor\" data-id=\"2ec984a\" data-element_type=\"widget\" data-widget_type=\"text-editor.default\">\n\t\t\t\t<div class=\"elementor-widget-container\">\n\t\t\t\t\t\t\t<p>TURMA 02<\/p><p><a href=\"https:\/\/ppee.unb.br\/wp-content\/uploads\/2024\/11\/Oferta-de-disciplina-2024.2.pdf\">2024.2 &#8211; 1\u00ba semestre<\/a><\/p><p><a href=\"https:\/\/ppee.unb.br\/wp-content\/uploads\/2025\/04\/Oferta-2025.1.pdf\">2025.1 &#8211; 2\u00ba semestre<\/a><\/p>\t\t\t\t\t\t<\/div>\n\t\t\t\t<\/div>\n\t\t\t\t\t<\/div>\n\t\t\t\t<\/div>\n\t\t<div class=\"elementor-element elementor-element-982329a e-flex e-con-boxed e-con\" data-id=\"982329a\" data-element_type=\"container\" data-settings=\"{&quot;content_width&quot;:&quot;boxed&quot;}\">\n\t\t\t\t\t<div class=\"e-con-inner\">\n\t\t\t\t<div class=\"elementor-element elementor-element-60b2d2d elementor-widget elementor-widget-text-editor\" data-id=\"60b2d2d\" data-element_type=\"widget\" data-widget_type=\"text-editor.default\">\n\t\t\t\t<div class=\"elementor-widget-container\">\n\t\t\t\t\t\t\t<p>TURMA 01<\/p><p><a href=\"https:\/\/ppee.unb.br\/wp-content\/uploads\/2024\/11\/Oferta-2024.1.pdf\">2024.1 &#8211; 1\u00ba semestre<\/a><\/p><p><a href=\"https:\/\/ppee.unb.br\/wp-content\/uploads\/2024\/11\/Oferta-2024.2.pdf\">2024.2 &#8211; 2\u00ba semestre<\/a><\/p><p><a href=\"https:\/\/ppee.unb.br\/wp-content\/uploads\/2024\/11\/Oferta-2025.1-2.pdf\">2025.1 &#8211; 3\u00ba semestre<\/a><\/p>\t\t\t\t\t\t<\/div>\n\t\t\t\t<\/div>\n\t\t\t\t\t<\/div>\n\t\t\t\t<\/div>\n\t\t<div class=\"elementor-element elementor-element-661b1fa e-flex e-con-boxed e-con\" data-id=\"661b1fa\" data-element_type=\"container\" data-settings=\"{&quot;content_width&quot;:&quot;boxed&quot;}\">\n\t\t\t\t\t<div class=\"e-con-inner\">\n\t\t\t\t<div class=\"elementor-element elementor-element-aefd742 elementor-widget elementor-widget-text-editor\" data-id=\"aefd742\" data-element_type=\"widget\" data-widget_type=\"text-editor.default\">\n\t\t\t\t<div class=\"elementor-widget-container\">\n\t\t\t\t\t\t\t<p>CURR\u00cdCULO<\/p><p><a href=\"https:\/\/ppee.unb.br\/wp-content\/uploads\/2025\/01\/SEI_12260531_Anexo_I.pdf\">Curr\u00edculo de Habilita\u00e7\u00e3o &#8211; P\u00f3s-Gradua\u00e7\u00e3o<\/a><\/p>\t\t\t\t\t\t<\/div>\n\t\t\t\t<\/div>\n\t\t\t\t\t<\/div>\n\t\t\t\t<\/div>\n\t\t\t\t\t\t\t<\/div>\n\t\t","protected":false},"excerpt":{"rendered":"<p>Lato Sensu TURMA 04 2025.2 &#8211; 1\u00ba semestre 2026.1 \u2013 2\u00ba semestre TURMA 03 2025.1 &#8211; 1\u00ba semestre 2025.2 \u2013 2\u00ba semestre TURMA 02 2024.2 &#8211; 1\u00ba semestre 2025.1 &#8211; [&hellip;]<\/p>\n","protected":false},"author":3,"featured_media":0,"parent":5219,"menu_order":0,"comment_status":"closed","ping_status":"closed","template":"","meta":[],"_links":{"self":[{"href":"https:\/\/ppee.unb.br\/index.php?rest_route=\/wp\/v2\/pages\/4899"}],"collection":[{"href":"https:\/\/ppee.unb.br\/index.php?rest_route=\/wp\/v2\/pages"}],"about":[{"href":"https:\/\/ppee.unb.br\/index.php?rest_route=\/wp\/v2\/types\/page"}],"author":[{"embeddable":true,"href":"https:\/\/ppee.unb.br\/index.php?rest_route=\/wp\/v2\/users\/3"}],"replies":[{"embeddable":true,"href":"https:\/\/ppee.unb.br\/index.php?rest_route=%2Fwp%2Fv2%2Fcomments&post=4899"}],"version-history":[{"count":166,"href":"https:\/\/ppee.unb.br\/index.php?rest_route=\/wp\/v2\/pages\/4899\/revisions"}],"predecessor-version":[{"id":17755,"href":"https:\/\/ppee.unb.br\/index.php?rest_route=\/wp\/v2\/pages\/4899\/revisions\/17755"}],"up":[{"embeddable":true,"href":"https:\/\/ppee.unb.br\/index.php?rest_route=\/wp\/v2\/pages\/5219"}],"wp:attachment":[{"href":"https:\/\/ppee.unb.br\/index.php?rest_route=%2Fwp%2Fv2%2Fmedia&parent=4899"}],"curies":[{"name":"wp","href":"https:\/\/api.w.org\/{rel}","templated":true}]}}