{"id":4901,"date":"2023-04-24T13:11:36","date_gmt":"2023-04-24T16:11:36","guid":{"rendered":"https:\/\/ppee.unb.br\/?page_id=4901"},"modified":"2025-09-08T13:17:09","modified_gmt":"2025-09-08T16:17:09","slug":"aproveitamentos","status":"publish","type":"page","link":"https:\/\/ppee.unb.br\/?page_id=4901","title":{"rendered":"Aproveitamentos"},"content":{"rendered":"\t\t<div data-elementor-type=\"wp-page\" data-elementor-id=\"4901\" class=\"elementor elementor-4901\" data-elementor-post-type=\"page\">\n\t\t\t\t\t\t\t<div class=\"elementor-element elementor-element-5273445 e-flex e-con-boxed e-con\" data-id=\"5273445\" data-element_type=\"container\" data-settings=\"{&quot;content_width&quot;:&quot;boxed&quot;}\">\n\t\t\t\t\t<div class=\"e-con-inner\">\n\t\t\t\t\t<\/div>\n\t\t\t\t<\/div>\n\t\t\t\t<section class=\"elementor-section elementor-top-section elementor-element elementor-element-3fb352c1 elementor-section-boxed elementor-section-height-default elementor-section-height-default\" data-id=\"3fb352c1\" data-element_type=\"section\">\n\t\t\t\t\t\t<div class=\"elementor-container elementor-column-gap-default\">\n\t\t\t\t\t<div class=\"elementor-column elementor-col-100 elementor-top-column elementor-element elementor-element-d9079e2\" data-id=\"d9079e2\" data-element_type=\"column\">\n\t\t\t<div class=\"elementor-widget-wrap elementor-element-populated\">\n\t\t\t\t\t\t\t\t<div class=\"elementor-element elementor-element-75f0eda9 elementor-widget elementor-widget-text-editor\" data-id=\"75f0eda9\" data-element_type=\"widget\" data-widget_type=\"text-editor.default\">\n\t\t\t\t<div class=\"elementor-widget-container\">\n\t\t\t<style>\/*! elementor - v3.14.0 - 26-06-2023 *\/\n.elementor-widget-text-editor.elementor-drop-cap-view-stacked .elementor-drop-cap{background-color:#69727d;color:#fff}.elementor-widget-text-editor.elementor-drop-cap-view-framed .elementor-drop-cap{color:#69727d;border:3px solid;background-color:transparent}.elementor-widget-text-editor:not(.elementor-drop-cap-view-default) .elementor-drop-cap{margin-top:8px}.elementor-widget-text-editor:not(.elementor-drop-cap-view-default) .elementor-drop-cap-letter{width:1em;height:1em}.elementor-widget-text-editor .elementor-drop-cap{float:left;text-align:center;line-height:1;font-size:50px}.elementor-widget-text-editor .elementor-drop-cap-letter{display:inline-block}<\/style>\t\t\t\t<p><!-- wp:heading --><\/p>\n<p><strong>Aproveitamento de Estudos \u2013 Aluno Especial (dentro da UnB)<\/strong>\u00a0<\/p>\n<p><!-- \/wp:heading --><!-- wp:paragraph --><\/p>\n<ol>\n<li><a href=\"https:\/\/ppee.unb.br\/wp-content\/uploads\/2024\/10\/Formulario-aproveitamento-de-estudos-aluno-especial.pdf\">Formul\u00e1rio &#8211; aproveitamento de estudos aluno especial<\/a><br \/><!-- \/wp:paragraph --><!-- wp:paragraph --><\/li>\n<li>Declara\u00e7\u00e3o de Aluno Especial (solicitar a SAA\/CRPG).\u00a0<!-- \/wp:paragraph --><!-- wp:paragraph --><\/li>\n<\/ol>\n<ul>\n<li>Limites de cr\u00e9ditos a serem aproveitados: Segundo o regimento do programa, poder\u00e3o ser aproveitados no m\u00e1ximo 8 (oito) cr\u00e9ditos, conforme compatibilidade com as disciplinas do PPEE.\u00a0<\/li>\n<\/ul>\n<p><!-- \/wp:paragraph --><!-- wp:heading --><\/p>\n<p><strong>Aproveitamento de Estudos \u2013 Mestrado para Mestrado (dentro da UnB)<\/strong><\/p>\n<p><!-- \/wp:heading --><!-- wp:paragraph --><\/p>\n<ol>\n<li><a href=\"https:\/\/ppee.unb.br\/wp-content\/uploads\/2024\/10\/Formulario-aproveitamento-de-estudos-mestrado-para-mestrado.pdf\">Formul\u00e1rio &#8211; aproveitamento de estudos mestrado para mestrado<\/a><br \/><!-- \/wp:paragraph --><!-- wp:paragraph --><\/li>\n<li>Hist\u00f3rico escolar inativo.\u00a0\u00a0<!-- \/wp:paragraph --><!-- wp:paragraph --><\/li>\n<\/ol>\n<ul>\n<li>Em rela\u00e7\u00e3o \u00e0s disciplinas cursadas h\u00e1 mais de dez anos, \u00e9 necess\u00e1rio incluir um parecer do orientador indicando a relev\u00e2ncia e atualidade dos conte\u00fados estudados. <!-- \/wp:paragraph --><!-- wp:paragraph --><\/li>\n<li>Limites de cr\u00e9ditos a serem aproveitados: Segundo o regimento do programa, poder\u00e3o ser aproveitados no m\u00e1ximo 8 (oito) cr\u00e9ditos, conforme compatibilidade com as disciplinas do PPEE\u00a0<\/li>\n<\/ul>\n<p><!-- \/wp:paragraph --><!-- wp:heading --><\/p>\n<p><strong>Aproveitamento de Estudos \u2013 Outras Institui\u00e7\u00f5es<\/strong>\u00a0<\/p>\n<p><!-- \/wp:heading --><!-- wp:paragraph --><\/p>\n<ol>\n<li><a href=\"https:\/\/ppee.unb.br\/wp-content\/uploads\/2024\/10\/Formulario-aproveitamento-de-estudos-outras-ies.pdf\">Formul\u00e1rio &#8211; aproveitamento de estudos outras ies<\/a><\/li>\n<li>Ementas das disciplinas.\u00a0<\/li>\n<\/ol>\n<ul>\n<li>Em rela\u00e7\u00e3o \u00e0s disciplinas cursadas h\u00e1 mais de dez anos, \u00e9 necess\u00e1rio incluir um parecer do orientador indicando a relev\u00e2ncia e atualidade dos conte\u00fados estudados.<\/li>\n<li>Limites de cr\u00e9ditos a serem aproveitados: Segundo o regimento do programa, poder\u00e3o ser aproveitados no m\u00e1ximo 8 (oito) cr\u00e9ditos, conforme compatibilidade com as disciplinas do PPEE.\u00a0<\/li>\n<\/ul>\n<p><!-- \/wp:paragraph --><!-- wp:paragraph --><\/p>\n<p><!-- \/wp:paragraph --><!-- wp:paragraph --><\/p>\n<p><!-- \/wp:paragraph --><!-- wp:paragraph --><\/p>\n<p><!-- \/wp:paragraph --><!-- wp:paragraph --><\/p>\n<p><em>Observa\u00e7\u00f5es:<\/em>\u00a0<\/p>\n<p><!-- \/wp:paragraph --><!-- wp:list --><\/p>\n<ul>\n<li style=\"list-style-type: none;\">\n<ul><!-- wp:list-item --><\/ul>\n<\/li>\n<\/ul>\n<ul>\n<li style=\"list-style-type: none;\">\n<ul>\n<li>Conforme a Resolu\u00e7\u00e3o CEPE 0080\/2021, \u00e9 necess\u00e1rio submeter esta solicita\u00e7\u00e3o \u00e0 an\u00e1lise e aprova\u00e7\u00e3o da Comiss\u00e3o de P\u00f3s-Gradua\u00e7\u00e3o. A referida comiss\u00e3o para o Programa de P\u00f3s-Gradua\u00e7\u00e3o Profissional em Engenharia El\u00e9trica (CPG\/PPEE) realiza suas reuni\u00f5es todas as quintas-feiras. Portanto, solicitamos a aten\u00e7\u00e3o para que a requisi\u00e7\u00e3o seja encaminhada at\u00e9, no m\u00e1ximo, a quarta-feira, proporcionando tempo h\u00e1bil para que a secretaria a inclua como pauta na pr\u00f3xima reuni\u00e3o previamente agendada.<\/li>\n<li>Todos os arquivos devem ser enviados em formato PDF para o seguinte endere\u00e7o de e-mail: <a href=\"mailto:sec@ppee.unb.br\" target=\"_new\">sec@ppee.unb.br<\/a>.<\/li>\n<\/ul>\n<\/li>\n<\/ul>\n<p><!-- \/wp:list-item --><\/p>\n<p><!-- \/wp:list --><\/p>\t\t\t\t\t\t<\/div>\n\t\t\t\t<\/div>\n\t\t\t\t\t<\/div>\n\t\t<\/div>\n\t\t\t\t\t\t\t<\/div>\n\t\t<\/section>\n\t\t\t\t\t\t\t<\/div>\n\t\t","protected":false},"excerpt":{"rendered":"<p>Aproveitamento de Estudos \u2013 Aluno Especial (dentro da UnB)\u00a0 Formul\u00e1rio &#8211; aproveitamento de estudos aluno especial Declara\u00e7\u00e3o de Aluno Especial (solicitar a SAA\/CRPG).\u00a0 Limites de cr\u00e9ditos a serem aproveitados: Segundo [&hellip;]<\/p>\n","protected":false},"author":3,"featured_media":0,"parent":5223,"menu_order":0,"comment_status":"closed","ping_status":"closed","template":"","meta":[],"_links":{"self":[{"href":"https:\/\/ppee.unb.br\/index.php?rest_route=\/wp\/v2\/pages\/4901"}],"collection":[{"href":"https:\/\/ppee.unb.br\/index.php?rest_route=\/wp\/v2\/pages"}],"about":[{"href":"https:\/\/ppee.unb.br\/index.php?rest_route=\/wp\/v2\/types\/page"}],"author":[{"embeddable":true,"href":"https:\/\/ppee.unb.br\/index.php?rest_route=\/wp\/v2\/users\/3"}],"replies":[{"embeddable":true,"href":"https:\/\/ppee.unb.br\/index.php?rest_route=%2Fwp%2Fv2%2Fcomments&post=4901"}],"version-history":[{"count":36,"href":"https:\/\/ppee.unb.br\/index.php?rest_route=\/wp\/v2\/pages\/4901\/revisions"}],"predecessor-version":[{"id":16015,"href":"https:\/\/ppee.unb.br\/index.php?rest_route=\/wp\/v2\/pages\/4901\/revisions\/16015"}],"up":[{"embeddable":true,"href":"https:\/\/ppee.unb.br\/index.php?rest_route=\/wp\/v2\/pages\/5223"}],"wp:attachment":[{"href":"https:\/\/ppee.unb.br\/index.php?rest_route=%2Fwp%2Fv2%2Fmedia&parent=4901"}],"curies":[{"name":"wp","href":"https:\/\/api.w.org\/{rel}","templated":true}]}}