{"id":4904,"date":"2023-04-24T13:11:36","date_gmt":"2023-04-24T16:11:36","guid":{"rendered":"https:\/\/ppee.unb.br\/?page_id=4904"},"modified":"2024-11-22T20:56:04","modified_gmt":"2024-11-22T23:56:04","slug":"auxilios-financeiros","status":"publish","type":"page","link":"https:\/\/ppee.unb.br\/?page_id=4904","title":{"rendered":"Aux\u00edlios financeiros"},"content":{"rendered":"\t\t<div data-elementor-type=\"wp-page\" data-elementor-id=\"4904\" class=\"elementor elementor-4904\" data-elementor-post-type=\"page\">\n\t\t\t\t\t\t\t<div class=\"elementor-element elementor-element-ce18a44 e-flex e-con-boxed e-con\" data-id=\"ce18a44\" data-element_type=\"container\" data-settings=\"{&quot;content_width&quot;:&quot;boxed&quot;}\">\n\t\t\t\t\t<div class=\"e-con-inner\">\n\t\t\t\t\t<\/div>\n\t\t\t\t<\/div>\n\t\t\t\t<section class=\"elementor-section elementor-top-section elementor-element elementor-element-14b0e6ab elementor-section-boxed elementor-section-height-default elementor-section-height-default\" data-id=\"14b0e6ab\" data-element_type=\"section\">\n\t\t\t\t\t\t<div class=\"elementor-container elementor-column-gap-default\">\n\t\t\t\t\t<div class=\"elementor-column elementor-col-100 elementor-top-column elementor-element elementor-element-17f3f3e9\" data-id=\"17f3f3e9\" data-element_type=\"column\">\n\t\t\t<div class=\"elementor-widget-wrap elementor-element-populated\">\n\t\t\t\t\t\t\t\t<div class=\"elementor-element elementor-element-3b43825 elementor-widget elementor-widget-text-editor\" data-id=\"3b43825\" data-element_type=\"widget\" data-widget_type=\"text-editor.default\">\n\t\t\t\t<div class=\"elementor-widget-container\">\n\t\t\t<style>\/*! elementor - v3.14.0 - 26-06-2023 *\/\n.elementor-widget-text-editor.elementor-drop-cap-view-stacked .elementor-drop-cap{background-color:#69727d;color:#fff}.elementor-widget-text-editor.elementor-drop-cap-view-framed .elementor-drop-cap{color:#69727d;border:3px solid;background-color:transparent}.elementor-widget-text-editor:not(.elementor-drop-cap-view-default) .elementor-drop-cap{margin-top:8px}.elementor-widget-text-editor:not(.elementor-drop-cap-view-default) .elementor-drop-cap-letter{width:1em;height:1em}.elementor-widget-text-editor .elementor-drop-cap{float:left;text-align:center;line-height:1;font-size:50px}.elementor-widget-text-editor .elementor-drop-cap-letter{display:inline-block}<\/style>\t\t\t\t<!-- wp:heading -->\n<p class=\"wp-block-heading\"><strong>Aux\u00edlio Financeiro<\/strong><\/p>\n<!-- \/wp:heading --><!-- wp:paragraph -->\n<p><a href=\"https:\/\/ppee.unb.br\/wp-content\/uploads\/2024\/10\/SEI_11954505_Formulario_de_auxilios_e_bolsas___UnB.pdf\">Formulario de auxilios e bolsas<\/a><\/p>\n<!-- \/wp:paragraph --><!-- wp:heading --><!-- \/wp:paragraph --><!-- wp:paragraph -->\n<p>\u00a0<\/p>\n<p><em>Observa\u00e7\u00f5es:<\/em>\u00a0<\/p>\n<!-- \/wp:paragraph --><!-- wp:list -->\n<ul><!-- wp:list-item -->\n<li>Conforme a Resolu\u00e7\u00e3o CEPE 0080\/2021, \u00e9 necess\u00e1rio submeter esta solicita\u00e7\u00e3o \u00e0 an\u00e1lise e aprova\u00e7\u00e3o da Comiss\u00e3o de P\u00f3s-Gradua\u00e7\u00e3o. A referida comiss\u00e3o para o Programa de P\u00f3s-Gradua\u00e7\u00e3o Profissional em Engenharia El\u00e9trica (CPG\/PPEE) realiza suas reuni\u00f5es todas as quintas-feiras. Portanto, solicitamos a aten\u00e7\u00e3o para que a requisi\u00e7\u00e3o seja encaminhada at\u00e9, no m\u00e1ximo, a quarta-feira, proporcionando tempo h\u00e1bil para que a secretaria a inclua como pauta na pr\u00f3xima reuni\u00e3o previamente agendada.<\/li>\n<li>Todos os arquivos devem ser enviados em formato PDF para o seguinte endere\u00e7o de e-mail: <a href=\"mailto:sec@ppee.unb.br\" target=\"_new\">sec@ppee.unb.br<\/a>.<\/li>\n<!-- \/wp:list-item --><!-- wp:list-item -->\n<li>Ap\u00f3s a concess\u00e3o do valor, \u00e9 obrigat\u00f3rio o envio do <a href=\"https:\/\/ppee.unb.br\/wp-content\/uploads\/2024\/11\/Relatorio-de-prestacao-de-contas.pdf\">Relat\u00f3rio de presta\u00e7\u00e3o de contas<\/a><\/li>\n<!-- \/wp:list-item --><\/ul>\n<!-- \/wp:list -->\t\t\t\t\t\t<\/div>\n\t\t\t\t<\/div>\n\t\t\t\t\t<\/div>\n\t\t<\/div>\n\t\t\t\t\t\t\t<\/div>\n\t\t<\/section>\n\t\t\t\t\t\t\t<\/div>\n\t\t","protected":false},"excerpt":{"rendered":"<p>Aux\u00edlio Financeiro Formulario de auxilios e bolsas \u00a0 Observa\u00e7\u00f5es:\u00a0<\/p>\n","protected":false},"author":3,"featured_media":0,"parent":5223,"menu_order":0,"comment_status":"closed","ping_status":"closed","template":"","meta":[],"_links":{"self":[{"href":"https:\/\/ppee.unb.br\/index.php?rest_route=\/wp\/v2\/pages\/4904"}],"collection":[{"href":"https:\/\/ppee.unb.br\/index.php?rest_route=\/wp\/v2\/pages"}],"about":[{"href":"https:\/\/ppee.unb.br\/index.php?rest_route=\/wp\/v2\/types\/page"}],"author":[{"embeddable":true,"href":"https:\/\/ppee.unb.br\/index.php?rest_route=\/wp\/v2\/users\/3"}],"replies":[{"embeddable":true,"href":"https:\/\/ppee.unb.br\/index.php?rest_route=%2Fwp%2Fv2%2Fcomments&post=4904"}],"version-history":[{"count":30,"href":"https:\/\/ppee.unb.br\/index.php?rest_route=\/wp\/v2\/pages\/4904\/revisions"}],"predecessor-version":[{"id":13493,"href":"https:\/\/ppee.unb.br\/index.php?rest_route=\/wp\/v2\/pages\/4904\/revisions\/13493"}],"up":[{"embeddable":true,"href":"https:\/\/ppee.unb.br\/index.php?rest_route=\/wp\/v2\/pages\/5223"}],"wp:attachment":[{"href":"https:\/\/ppee.unb.br\/index.php?rest_route=%2Fwp%2Fv2%2Fmedia&parent=4904"}],"curies":[{"name":"wp","href":"https:\/\/api.w.org\/{rel}","templated":true}]}}