{"id":4907,"date":"2023-04-24T13:11:37","date_gmt":"2023-04-24T16:11:37","guid":{"rendered":"https:\/\/ppee.unb.br\/?page_id=4907"},"modified":"2026-04-02T12:06:00","modified_gmt":"2026-04-02T15:06:00","slug":"banca-de-dissertacao","status":"publish","type":"page","link":"https:\/\/ppee.unb.br\/?page_id=4907","title":{"rendered":"Banca de disserta\u00e7\u00e3o"},"content":{"rendered":"\t\t<div data-elementor-type=\"wp-page\" data-elementor-id=\"4907\" class=\"elementor elementor-4907\" data-elementor-post-type=\"page\">\n\t\t\t\t\t\t\t<div class=\"elementor-element elementor-element-04a739d e-flex e-con-boxed e-con\" data-id=\"04a739d\" data-element_type=\"container\" data-settings=\"{&quot;content_width&quot;:&quot;boxed&quot;}\">\n\t\t\t\t\t<div class=\"e-con-inner\">\n\t\t\t\t\t<\/div>\n\t\t\t\t<\/div>\n\t\t\t\t<section class=\"elementor-section elementor-top-section elementor-element elementor-element-378dc3f2 elementor-section-boxed elementor-section-height-default elementor-section-height-default\" data-id=\"378dc3f2\" data-element_type=\"section\">\n\t\t\t\t\t\t<div class=\"elementor-container elementor-column-gap-default\">\n\t\t\t\t\t<div class=\"elementor-column elementor-col-100 elementor-top-column elementor-element elementor-element-36d68244\" data-id=\"36d68244\" data-element_type=\"column\">\n\t\t\t<div class=\"elementor-widget-wrap elementor-element-populated\">\n\t\t\t\t\t\t\t\t<div class=\"elementor-element elementor-element-6d9b63f0 elementor-widget elementor-widget-text-editor\" data-id=\"6d9b63f0\" data-element_type=\"widget\" data-widget_type=\"text-editor.default\">\n\t\t\t\t<div class=\"elementor-widget-container\">\n\t\t\t<style>\/*! elementor - v3.14.0 - 26-06-2023 *\/\n.elementor-widget-text-editor.elementor-drop-cap-view-stacked .elementor-drop-cap{background-color:#69727d;color:#fff}.elementor-widget-text-editor.elementor-drop-cap-view-framed .elementor-drop-cap{color:#69727d;border:3px solid;background-color:transparent}.elementor-widget-text-editor:not(.elementor-drop-cap-view-default) .elementor-drop-cap{margin-top:8px}.elementor-widget-text-editor:not(.elementor-drop-cap-view-default) .elementor-drop-cap-letter{width:1em;height:1em}.elementor-widget-text-editor .elementor-drop-cap{float:left;text-align:center;line-height:1;font-size:50px}.elementor-widget-text-editor .elementor-drop-cap-letter{display:inline-block}<\/style>\t\t\t\t<p><!-- wp:heading --><\/p>\n<h3 style=\"text-align: center;\"><strong><span style=\"color: #000000;\">PR\u00c9-DEFESA<\/span><\/strong><\/h3>\n<p>\u00a0<\/p>\n<p class=\"wp-block-heading\"><strong>Templates<\/strong><\/p>\n<p><!-- \/wp:heading --><!-- wp:paragraph --><\/p>\n<ul>\n<li>Template trabalho escrito em portugu\u00eas: <a href=\"https:\/\/www.overleaf.com\/latex\/templates\/template-ppee-unb\/drmfmchtjcjp\" target=\"_blank\" rel=\"noreferrer noopener\">https:\/\/www.overleaf.com\/latex\/templates\/template-ppee-unb\/drmfmchtjcjp\u00a0<\/a><!-- \/wp:paragraph --><!-- wp:paragraph --><\/li>\n<li>Template trabalho escrito em ingl\u00eas:<a href=\"https:\/\/www.overleaf.com\/latex\/templates\/template-ppee-unb-dissertacao-unb-ingles\/cwkqnstcyhfv\" target=\"_blank\" rel=\"noreferrer noopener\"> https:\/\/www.overleaf.com\/latex\/templates\/template-ppee-unb-dissertacao-unb-ingles\/cwkqnstcyhfv<\/a><\/li>\n<li>Template trabalho escrito em espanhol:\u00a0<a href=\"https:\/\/www.overleaf.com\/read\/mpncymjhzmdw#6ea0ab\">https:\/\/www.overleaf.com\/read\/mpncymjhzmdw#6ea0ab<\/a><\/li>\n<li>Template apresenta\u00e7\u00e3o em portugu\u00eas: <a href=\"https:\/\/www.overleaf.com\/latex\/templates\/modelo-de-dissertacao-apresentacao\/whbdsxbnshrv\" target=\"_blank\" rel=\"noreferrer noopener\">https:\/\/www.overleaf.com\/latex\/templates\/modelo-de-dissertacao-apresentacao\/whbdsxbnshrv<\/a><\/li>\n<\/ul>\n<p>\u00a0<\/p>\n<p class=\"wp-block-heading\"><strong>Orienta\u00e7\u00f5es<\/strong><\/p>\n<p><!-- \/wp:heading --><!-- wp:list --><\/p>\n<ul>\n<li style=\"list-style-type: none;\">\n<ul><!-- wp:list-item --><\/ul>\n<\/li>\n<li><a href=\"https:\/\/ppee.unb.br\/wp-content\/uploads\/2024\/10\/SEI_8974073_Resolucao_001.pdf\">Resolu\u00e7\u00e3o PPEE 001\/2021 \u2013 Estabelece normas complementares para as condi\u00e7\u00f5es m\u00ednimas para defesa no n\u00edvel de Mestrado Profissional no Programa de P\u00f3s-Gradua\u00e7\u00e3o Profissional em Engenharia El\u00e9trica (PPEE) da Universidade de Bras\u00edlia<\/a><\/li>\n<li><a href=\"https:\/\/ppee.unb.br\/wp-content\/uploads\/2024\/10\/SEI_6206306_Resolucao_002.pdf\">Resolu\u00e7\u00e3o PPEE 002\/2021 \u2013 Disp\u00f5e sobre normas de reda\u00e7\u00e3o de trabalhos de conclus\u00e3o do Programa de P\u00f3s-Gradua\u00e7\u00e3o Profissional Engenharia El\u00e9trica.<\/a><\/li>\n<li><a href=\"https:\/\/ppee.unb.br\/wp-content\/uploads\/2024\/10\/SEI_6328982_Resolucao_003.pdf\">Resolu\u00e7\u00e3o PPEE 003\/2021 \u2013 Disp\u00f5e sobre normas de publica\u00e7\u00e3o e registro de software junto ao Programa de P\u00f3s-Gradua\u00e7\u00e3o Profissional em Engenharia El\u00e9trica.<\/a><\/li>\n<li><a href=\"https:\/\/ppee.unb.br\/wp-content\/uploads\/2024\/10\/Normas-de-redacao-de-trabalhos-de-conclusao.pdf\">Normas de reda\u00e7\u00e3o de trabalhos de conclus\u00e3o<\/a><\/li>\n<li>\n<div><u><span class=\"Teste_UnB\">Ficha catalogr\u00e1fica para trabalhos acad\u00eamicos (alunos UnB)<\/span><\/u><\/div>\n<div><span class=\"Teste_UnB\">Para estudantes da Universidade de Bras\u00edlia, a BCE disponibiliza um\u00a0<i>software\u00a0<\/i>de gera\u00e7\u00e3o autom\u00e1tica de ficha catalogr\u00e1fica para\u00a0<\/span><span class=\"Teste_UnB\">Disserta\u00e7\u00f5es de mestrado,\u00a0<\/span><span class=\"Teste_UnB\">Teses de doutorado,\u00a0<\/span><\/div>\n<div><span class=\"Teste_UnB\">Monografias de gradua\u00e7\u00e3o e especializa\u00e7\u00e3o defendidas na UnB.\u00a0<\/span><span class=\"Teste_UnB\">O programa gera a ficha catalogr\u00e1fica em arquivo PDF, dispon\u00edvel para\u00a0<i>download\u00a0<\/i>e impress\u00e3o.<\/span><\/div>\n<div><span class=\"Teste_UnB\">O sistema, que foi desenvolvido pelo Instituto de Ci\u00eancias Matem\u00e1ticas e de Computa\u00e7\u00e3o da Universidade de S\u00e3o Paulo (ICMC\/USP), foi adaptado para a UnB e est\u00e1 dispon\u00edvel no seguinte endere\u00e7o:\u00a0<a href=\"https:\/\/bce.unb.br\/elaboracao-de-fichas-catalograficas\/\" target=\"_blank\" rel=\"noopener\">https:\/\/bce.unb.br\/elaboracao-de-fichas-catalograficas\/. <\/a><\/span><span class=\"Teste_UnB\">Em caso de d\u00favidas ou esclarecimentos adicionais, seguimos \u00e0 disposi\u00e7\u00e3o pelo email <strong>soi.bce@unb.br .<\/strong><\/span><\/div>\n<\/li>\n<\/ul>\n<p><!-- \/wp:paragraph --><!-- wp:heading --><\/p>\n<p>\u00a0<\/p>\n<p class=\"wp-block-heading\"><strong>Montagem de banca<\/strong><\/p>\n<p><!-- \/wp:heading --><!-- wp:list --><\/p>\n<ul>\n<li style=\"list-style-type: none;\">\n<ul><!-- wp:list-item --><\/ul>\n<\/li>\n<\/ul>\n<ol>\n<li><a href=\"https:\/\/ppee.unb.br\/wp-content\/uploads\/2025\/10\/Formulario-para-montagem-da-banca-de-defesa-de-dissertacao.docx\">Formul\u00e1rio para montagem da banca de defesa de disserta\u00e7\u00e3o<\/a><\/li>\n<li>Vers\u00e3o atual da disserta\u00e7\u00e3o;<\/li>\n<li>Comprovante de publica\u00e7\u00e3o (certificado do congresso e\/ou declara\u00e7\u00e3o de participa\u00e7\u00e3o).\n<ul>\n<li>Caso n\u00e3o tenha o artigo publicado, entra no \u00a75\u00ba da Resolu\u00e7\u00e3o 004, ou seja, o orientador deve se manifestar no pedido de excepcionalidade e comprovar que fez a apresenta\u00e7\u00e3o de artigo em congresso.<\/li>\n<\/ul>\n<\/li>\n<li>Artigo(s) publicado(s) na vers\u00e3o final publicada.<\/li>\n<li>Curr\u00edculo Lattes do membro Externo.\n<ul>\n<li>Em caso do suplente n\u00e3o ser do PPEE, anexar tamb\u00e9m o curr\u00edculo lattes do mesmo.<\/li>\n<\/ul>\n<\/li>\n<li>Aceite do membro interno;<\/li>\n<li>Aceite do suplente;<\/li>\n<li>Aceite do membro externo; e\u00a0<\/li>\n<li>Hist\u00f3rico escolar.<\/li>\n<\/ol>\n<p>\u00a0<\/p>\n<ul>\n<li>\n<p><em>Observa\u00e7\u00f5es:<\/em><\/p>\n<ul>\n<li>A solicita\u00e7\u00e3o deve ser feita pelo menos 15 dias antes do prazo final estipulado no hist\u00f3rico escolar.<\/li>\n<li>Conforme a Resolu\u00e7\u00e3o CEPE 0080\/2021, \u00e9 necess\u00e1rio submeter esta solicita\u00e7\u00e3o \u00e0 an\u00e1lise e aprova\u00e7\u00e3o da Comiss\u00e3o de P\u00f3s-Gradua\u00e7\u00e3o. A referida comiss\u00e3o para o Programa de P\u00f3s-Gradua\u00e7\u00e3o Profissional em Engenharia El\u00e9trica (CPG\/PPEE) realiza suas reuni\u00f5es todas as quintas-feiras. Portanto, solicitamos a aten\u00e7\u00e3o para que a requisi\u00e7\u00e3o seja encaminhada at\u00e9, no m\u00e1ximo, a quarta-feira, proporcionando tempo h\u00e1bil para que a secretaria a inclua como pauta na pr\u00f3xima reuni\u00e3o previamente agendada.<\/li>\n<li>\n<p>Todos os arquivos devem ser enviados em formato PDF para o seguinte endere\u00e7o de e-mail: <a href=\"mailto:sec@ppee.unb.br\" target=\"_new\">sec@ppee.unb.br<\/a>.<\/p>\n<\/li>\n<\/ul>\n<\/li>\n<\/ul>\n<p><!-- \/wp:list-item --><\/p>\n<p><!-- \/wp:list --><!-- wp:paragraph --><\/p>\n<p><!-- \/wp:paragraph --><!-- wp:paragraph --><\/p>\n<p><!-- \/wp:paragraph --><!-- wp:paragraph --><\/p>\n<p><!-- \/wp:paragraph --><!-- wp:paragraph --><\/p>\n<p><!-- \/wp:paragraph --><!-- wp:paragraph --><\/p>\n<p><!-- \/wp:paragraph --><!-- wp:paragraph --><\/p>\n<p><!-- \/wp:paragraph --><!-- wp:paragraph --><\/p>\n<p><!-- \/wp:paragraph --><!-- wp:paragraph --><\/p>\n<p><!-- \/wp:paragraph --><!-- wp:paragraph --><\/p>\n<p><!-- \/wp:paragraph --><!-- wp:paragraph --><\/p>\n<p><!-- \/wp:paragraph --><!-- wp:heading --><\/p>\n<p><!-- \/wp:list-item --><\/p>\n<p><!-- \/wp:list --><!-- wp:list --><\/p>\n<ul>\n<li style=\"list-style-type: none;\">\n<ul><!-- wp:list-item --><\/ul>\n<\/li>\n<\/ul>\n<p><!-- \/wp:list-item --><\/p>\n<p><!-- \/wp:list --><!-- wp:list --><\/p>\n<ul>\n<li style=\"list-style-type: none;\">\n<ul><!-- wp:list-item --><\/ul>\n<\/li>\n<\/ul>\n<p><!-- \/wp:list-item --><\/p>\n<p><!-- \/wp:list --><!-- wp:list --><\/p>\n<ul>\n<li style=\"list-style-type: none;\">\n<ul><!-- wp:list-item --><\/ul>\n<\/li>\n<\/ul>\n<p><!-- \/wp:list-item --><\/p>\n<p><!-- \/wp:list --><!-- wp:paragraph --><\/p>\n<p><!-- \/wp:paragraph --><\/p>\t\t\t\t\t\t<\/div>\n\t\t\t\t<\/div>\n\t\t\t\t\t<\/div>\n\t\t<\/div>\n\t\t\t\t\t\t\t<\/div>\n\t\t<\/section>\n\t\t<div class=\"elementor-element elementor-element-d42efd2 e-flex e-con-boxed e-con\" data-id=\"d42efd2\" data-element_type=\"container\" data-settings=\"{&quot;content_width&quot;:&quot;boxed&quot;}\">\n\t\t\t\t\t<div class=\"e-con-inner\">\n\t\t\t\t<div class=\"elementor-element elementor-element-e31d49b elementor-widget-divider--view-line elementor-widget elementor-widget-divider\" data-id=\"e31d49b\" data-element_type=\"widget\" data-widget_type=\"divider.default\">\n\t\t\t\t<div class=\"elementor-widget-container\">\n\t\t\t<style>\/*! elementor - v3.14.0 - 26-06-2023 *\/\n.elementor-widget-divider{--divider-border-style:none;--divider-border-width:1px;--divider-color:#0c0d0e;--divider-icon-size:20px;--divider-element-spacing:10px;--divider-pattern-height:24px;--divider-pattern-size:20px;--divider-pattern-url:none;--divider-pattern-repeat:repeat-x}.elementor-widget-divider .elementor-divider{display:flex}.elementor-widget-divider .elementor-divider__text{font-size:15px;line-height:1;max-width:95%}.elementor-widget-divider .elementor-divider__element{margin:0 var(--divider-element-spacing);flex-shrink:0}.elementor-widget-divider .elementor-icon{font-size:var(--divider-icon-size)}.elementor-widget-divider .elementor-divider-separator{display:flex;margin:0;direction:ltr}.elementor-widget-divider--view-line_icon .elementor-divider-separator,.elementor-widget-divider--view-line_text .elementor-divider-separator{align-items:center}.elementor-widget-divider--view-line_icon .elementor-divider-separator:after,.elementor-widget-divider--view-line_icon .elementor-divider-separator:before,.elementor-widget-divider--view-line_text .elementor-divider-separator:after,.elementor-widget-divider--view-line_text .elementor-divider-separator:before{display:block;content:\"\";border-bottom:0;flex-grow:1;border-top:var(--divider-border-width) var(--divider-border-style) var(--divider-color)}.elementor-widget-divider--element-align-left .elementor-divider .elementor-divider-separator>.elementor-divider__svg:first-of-type{flex-grow:0;flex-shrink:100}.elementor-widget-divider--element-align-left .elementor-divider-separator:before{content:none}.elementor-widget-divider--element-align-left .elementor-divider__element{margin-left:0}.elementor-widget-divider--element-align-right .elementor-divider .elementor-divider-separator>.elementor-divider__svg:last-of-type{flex-grow:0;flex-shrink:100}.elementor-widget-divider--element-align-right .elementor-divider-separator:after{content:none}.elementor-widget-divider--element-align-right .elementor-divider__element{margin-right:0}.elementor-widget-divider:not(.elementor-widget-divider--view-line_text):not(.elementor-widget-divider--view-line_icon) .elementor-divider-separator{border-top:var(--divider-border-width) var(--divider-border-style) var(--divider-color)}.elementor-widget-divider--separator-type-pattern{--divider-border-style:none}.elementor-widget-divider--separator-type-pattern.elementor-widget-divider--view-line .elementor-divider-separator,.elementor-widget-divider--separator-type-pattern:not(.elementor-widget-divider--view-line) .elementor-divider-separator:after,.elementor-widget-divider--separator-type-pattern:not(.elementor-widget-divider--view-line) .elementor-divider-separator:before,.elementor-widget-divider--separator-type-pattern:not([class*=elementor-widget-divider--view]) .elementor-divider-separator{width:100%;min-height:var(--divider-pattern-height);-webkit-mask-size:var(--divider-pattern-size) 100%;mask-size:var(--divider-pattern-size) 100%;-webkit-mask-repeat:var(--divider-pattern-repeat);mask-repeat:var(--divider-pattern-repeat);background-color:var(--divider-color);-webkit-mask-image:var(--divider-pattern-url);mask-image:var(--divider-pattern-url)}.elementor-widget-divider--no-spacing{--divider-pattern-size:auto}.elementor-widget-divider--bg-round{--divider-pattern-repeat:round}.rtl .elementor-widget-divider .elementor-divider__text{direction:rtl}.e-con-inner>.elementor-widget-divider,.e-con>.elementor-widget-divider{width:var(--container-widget-width,100%);--flex-grow:var(--container-widget-flex-grow)}<\/style>\t\t<div class=\"elementor-divider\">\n\t\t\t<span class=\"elementor-divider-separator\">\n\t\t\t\t\t\t<\/span>\n\t\t<\/div>\n\t\t\t\t<\/div>\n\t\t\t\t<\/div>\n\t\t\t\t\t<\/div>\n\t\t\t\t<\/div>\n\t\t<div class=\"elementor-element elementor-element-330ed01 e-flex e-con-boxed e-con\" data-id=\"330ed01\" data-element_type=\"container\" data-settings=\"{&quot;content_width&quot;:&quot;boxed&quot;}\">\n\t\t\t\t\t<div class=\"e-con-inner\">\n\t\t\t\t<div class=\"elementor-element elementor-element-0a19019 elementor-widget elementor-widget-text-editor\" data-id=\"0a19019\" data-element_type=\"widget\" data-widget_type=\"text-editor.default\">\n\t\t\t\t<div class=\"elementor-widget-container\">\n\t\t\t\t\t\t\t<h3 style=\"text-align: center;\"><strong>P\u00d3S-DEFESA<\/strong><\/h3>\n<p>Ap\u00f3s a defesa da disserta\u00e7\u00e3o, o PPEE iniciar\u00e1 os procedimentos necess\u00e1rios para a emiss\u00e3o do diploma. O processo ocorrer\u00e1 via plataforma\u00a0<strong>SIGAA\u00a0<\/strong>e via processo\u00a0<strong>SEI<\/strong>.<\/p>\n<p>\u00a0<\/p>\n<p><strong>Delibera\u00e7\u00f5es:<\/strong><\/p>\n<p>O primeiro passo ser\u00e1 o orientador informar o resultado, sendo poss\u00edvel quatro resultados:<\/p>\n<ul>\n<li><strong>Aprova\u00e7\u00e3o:<\/strong><\/li>\n<\/ul>\n<p>Em caso de aprova\u00e7\u00e3o, a homologa\u00e7\u00e3o ficar\u00e1 condicionada \u00e0 entrega do trabalho definitivo, no prazo m\u00e1ximo de quinze dias.<\/p>\n<ul>\n<li><strong>Revis\u00e3o de forma:<\/strong><\/li>\n<\/ul>\n<p>Se houver necessidade de revis\u00e3o de forma, a homologa\u00e7\u00e3o ficar\u00e1 condicionada \u00e0 apresenta\u00e7\u00e3o da vers\u00e3o revisas do trabalho, no prazo m\u00e1ximo de trinta dias.<\/p>\n<ul>\n<li><strong>Reformula\u00e7\u00e3o:<\/strong><\/li>\n<\/ul>\n<p>Quando indicada a reformula\u00e7\u00e3o, o aluno dever\u00e1 apresentar e defender, em car\u00e1ter definitivo, uma nova vers\u00e3o do trabalho dentro do prazo estabelecido, que n\u00e3o poder\u00e1 exceder noventa dias.<\/p>\n<ul>\n<li><strong>Consequ\u00eancias da n\u00e3o observ\u00e2ncia:<\/strong><\/li>\n<\/ul>\n<p>A n\u00e3o aprova\u00e7\u00e3o do trabalho reformulado ou o descuprimento dos prazos previstos no Regulamento implicar\u00e1 no desligamento do aluno do PPEE.<\/p>\n<p>\u00a0<\/p>\n<p><strong>Encaminhamento:<\/strong><\/p>\n<p>O discente dever\u00e1 encaminhar por e-mail a vers\u00e3o final da disserta\u00e7\u00e3o, contendo o n\u00famero de publica\u00e7\u00e3o, e preencher e enviar o <a href=\"https:\/\/ppee.unb.br\/wp-content\/uploads\/2026\/04\/Formulario-apos-defesa.docx\">Formul\u00e1rio ap\u00f3s-defesa<\/a>. Todos os arquivos devem ser enviados em formato PDF para o endere\u00e7o de e-mail: sec@ppee.unb.br.\u00a0<\/p>\n<p>\u00a0<\/p>\n<p><strong>SIGAA &#8211; <a href=\"https:\/\/cdc.unb.br\/wp-content\/uploads\/2025\/05\/Procedimentos_formatura_sigaa.pdf\">Acompanhar procedimentos ap\u00f3s defesa<\/a><\/strong><\/p>\n<p>No caminho: SIGAA&gt; Ensino&gt; Acompanhar Procedimentos ap\u00f3s Defesa, o discente dever\u00e1 acompanhar a realiza\u00e7\u00e3o das 10 etapas.<\/p>\n<p><img decoding=\"async\" loading=\"lazy\" class=\"aligncenter wp-image-16097 size-full\" src=\"https:\/\/ppee.unb.br\/wp-content\/uploads\/2025\/09\/Captura-de-tela-2025-09-08-231519.png\" alt=\"\" width=\"543\" height=\"424\" srcset=\"https:\/\/ppee.unb.br\/wp-content\/uploads\/2025\/09\/Captura-de-tela-2025-09-08-231519.png 543w, https:\/\/ppee.unb.br\/wp-content\/uploads\/2025\/09\/Captura-de-tela-2025-09-08-231519-300x234.png 300w\" sizes=\"(max-width: 543px) 100vw, 543px\" \/><\/p>\n<p>No passo 9, o discente deve inserir o Diploma, Registro Geral e Cadastro de Pessoa F\u00edsica, em formato pdf, frente e verso.<\/p>\n<p>\u00a0<\/p>\n<p><strong>SEI &#8211; Assinaturas<\/strong><\/p>\n<p>Para viabilizar a assinatura do Termo de Autoriza\u00e7\u00e3o e da Ata de Defesa, \u00e9 necess\u00e1rio que o discente possua usu\u00e1rio externo no SEI\/UnB.<\/p>\n<ul>\n<li>Caso j\u00e1 possua, solicitamos que informe, pelo e-mail sec@ppee.unb.br, o endere\u00e7o de e-mail utilizado para que possamos disponibilizar o documento.<\/li>\n<li>Caso ainda n\u00e3o possua, pedimos que realize o cadastro por meio do seguinte link: <a class=\"decorated-link\" href=\"https:\/\/sei.unb.br\/sei\/controlador_externo.php?acao=usuario_externo_logar&amp;acao_origem=usuario_externo_logar&amp;id_orgao_acesso_externo=0\" target=\"_new\" rel=\"noopener\" data-start=\"489\" data-end=\"661\">Cadastro de Usu\u00e1rio Externo SEI\/UnB<\/a> e nos informe o e-mail utilizado. <a href=\"https:\/\/ppee.unb.br\/wp-content\/uploads\/2026\/01\/SEI_9086907_Despacho.pdf\">Orienta\u00e7\u00f5es<\/a>.<\/li>\n<\/ul>\n<p>Assim que o documento for disponibilizado, o discente receber\u00e1 um e-mail autom\u00e1tico contendo o link para acesso: <a class=\"decorated-link\" href=\"https:\/\/sei.unb.br\/sei\/controlador_externo.php?acao=usuario_externo_logar&amp;acao_origem=usuario_externo_enviar_cadastro&amp;id_orgao_acesso_externo=0\" target=\"_new\" rel=\"noopener\" data-start=\"812\" data-end=\"990\">Assinatura do Documento SEI\/UnB<\/a>. \u00c9 imprescind\u00edvel que todas as informa\u00e7\u00f5es do documento sejam lidas e verificadas antes de efetuar a assinatura.<\/p>\n<p>\u00a0<\/p>\n<p><strong>Finaliza\u00e7\u00e3o<\/strong><\/p>\n<p>Ap\u00f3s todos os documentos serem assinados, a Secretaria enviar\u00e1 o processo para DPG\/DIRPG, atualizar\u00e1 as p\u00e1ginas do site e encaminhar\u00e1 por e-mail a Declara\u00e7\u00e3o de Qualifica\u00e7\u00e3o\/Defesa do Aluno.<\/p>\n<p>A emiss\u00e3o do diploma \u00e9 realizada exclusivamente de forma online; a UnB n\u00e3o emite diploma f\u00edsico.<\/p>\n<p>Para verificar a disponibilidade do diploma, o discente deve acessar: <a class=\"decorated-link\" href=\"https:\/\/servicos.unb.br\/publico\/#\/validardiploma\" target=\"_new\" rel=\"noopener\" data-start=\"806\" data-end=\"882\">Valida\u00e7\u00e3o de Diploma UnB<\/a> e digitar seu CPF no campo &#8220;Buscar Diploma&#8221;. Caso o diploma esteja pronto, estar\u00e1 dispon\u00edvel para download.<\/p>\n<p><!-- \/wp:heading --><!-- wp:list --><\/p>\n<ul>\n<li style=\"list-style-type: none;\">\n<ul><!-- wp:list-item --><\/ul>\n<\/li>\n<\/ul>\n<p><!-- \/wp:list-item --><\/p>\n<p><!-- \/wp:list --><!-- wp:paragraph --><\/p>\n<p><!-- \/wp:paragraph --><!-- wp:heading --><\/p>\t\t\t\t\t\t<\/div>\n\t\t\t\t<\/div>\n\t\t\t\t\t<\/div>\n\t\t\t\t<\/div>\n\t\t\t\t\t\t\t<\/div>\n\t\t","protected":false},"excerpt":{"rendered":"<p>PR\u00c9-DEFESA \u00a0 Templates Template trabalho escrito em portugu\u00eas: https:\/\/www.overleaf.com\/latex\/templates\/template-ppee-unb\/drmfmchtjcjp\u00a0 Template trabalho escrito em ingl\u00eas: https:\/\/www.overleaf.com\/latex\/templates\/template-ppee-unb-dissertacao-unb-ingles\/cwkqnstcyhfv Template trabalho escrito em espanhol:\u00a0https:\/\/www.overleaf.com\/read\/mpncymjhzmdw#6ea0ab Template apresenta\u00e7\u00e3o em portugu\u00eas: https:\/\/www.overleaf.com\/latex\/templates\/modelo-de-dissertacao-apresentacao\/whbdsxbnshrv \u00a0 Orienta\u00e7\u00f5es P\u00d3S-DEFESA Ap\u00f3s a [&hellip;]<\/p>\n","protected":false},"author":3,"featured_media":0,"parent":5223,"menu_order":0,"comment_status":"closed","ping_status":"closed","template":"","meta":[],"_links":{"self":[{"href":"https:\/\/ppee.unb.br\/index.php?rest_route=\/wp\/v2\/pages\/4907"}],"collection":[{"href":"https:\/\/ppee.unb.br\/index.php?rest_route=\/wp\/v2\/pages"}],"about":[{"href":"https:\/\/ppee.unb.br\/index.php?rest_route=\/wp\/v2\/types\/page"}],"author":[{"embeddable":true,"href":"https:\/\/ppee.unb.br\/index.php?rest_route=\/wp\/v2\/users\/3"}],"replies":[{"embeddable":true,"href":"https:\/\/ppee.unb.br\/index.php?rest_route=%2Fwp%2Fv2%2Fcomments&post=4907"}],"version-history":[{"count":115,"href":"https:\/\/ppee.unb.br\/index.php?rest_route=\/wp\/v2\/pages\/4907\/revisions"}],"predecessor-version":[{"id":17733,"href":"https:\/\/ppee.unb.br\/index.php?rest_route=\/wp\/v2\/pages\/4907\/revisions\/17733"}],"up":[{"embeddable":true,"href":"https:\/\/ppee.unb.br\/index.php?rest_route=\/wp\/v2\/pages\/5223"}],"wp:attachment":[{"href":"https:\/\/ppee.unb.br\/index.php?rest_route=%2Fwp%2Fv2%2Fmedia&parent=4907"}],"curies":[{"name":"wp","href":"https:\/\/api.w.org\/{rel}","templated":true}]}}