{"id":4908,"date":"2023-04-24T13:11:38","date_gmt":"2023-04-24T16:11:38","guid":{"rendered":"https:\/\/ppee.unb.br\/?page_id=4908"},"modified":"2025-02-12T15:35:08","modified_gmt":"2025-02-12T18:35:08","slug":"informacoes-2","status":"publish","type":"page","link":"https:\/\/ppee.unb.br\/?page_id=4908","title":{"rendered":"Diretrizes"},"content":{"rendered":"\t\t<div data-elementor-type=\"wp-page\" data-elementor-id=\"4908\" class=\"elementor elementor-4908\" data-elementor-post-type=\"page\">\n\t\t\t\t\t\t\t<div class=\"elementor-element elementor-element-ce86b48 e-flex e-con-boxed e-con\" data-id=\"ce86b48\" data-element_type=\"container\" data-settings=\"{&quot;content_width&quot;:&quot;boxed&quot;}\">\n\t\t\t\t\t<div class=\"e-con-inner\">\n\t\t\t\t\t<\/div>\n\t\t\t\t<\/div>\n\t\t\t\t<section class=\"elementor-section elementor-top-section elementor-element elementor-element-6a60163c elementor-section-boxed elementor-section-height-default elementor-section-height-default\" data-id=\"6a60163c\" data-element_type=\"section\">\n\t\t\t\t\t\t<div class=\"elementor-container elementor-column-gap-default\">\n\t\t\t\t\t<div class=\"elementor-column elementor-col-100 elementor-top-column elementor-element elementor-element-2070202c\" data-id=\"2070202c\" data-element_type=\"column\">\n\t\t\t<div class=\"elementor-widget-wrap elementor-element-populated\">\n\t\t\t\t\t\t\t\t<div class=\"elementor-element elementor-element-599a5fa9 elementor-widget elementor-widget-text-editor\" data-id=\"599a5fa9\" data-element_type=\"widget\" data-widget_type=\"text-editor.default\">\n\t\t\t\t<div class=\"elementor-widget-container\">\n\t\t\t<style>\/*! elementor - v3.14.0 - 26-06-2023 *\/\n.elementor-widget-text-editor.elementor-drop-cap-view-stacked .elementor-drop-cap{background-color:#69727d;color:#fff}.elementor-widget-text-editor.elementor-drop-cap-view-framed .elementor-drop-cap{color:#69727d;border:3px solid;background-color:transparent}.elementor-widget-text-editor:not(.elementor-drop-cap-view-default) .elementor-drop-cap{margin-top:8px}.elementor-widget-text-editor:not(.elementor-drop-cap-view-default) .elementor-drop-cap-letter{width:1em;height:1em}.elementor-widget-text-editor .elementor-drop-cap{float:left;text-align:center;line-height:1;font-size:50px}.elementor-widget-text-editor .elementor-drop-cap-letter{display:inline-block}<\/style>\t\t\t\t<p><a href=\"https:\/\/ppee.unb.br\/wp-content\/uploads\/2025\/02\/DIRETRIZES-DO-PPEE-PARA-PUBLICACOES-EM-PERIODICOS-E-CONFERENCIAS-1.pdf-1.pdf\">Solicita\u00e7\u00e3o de recurso para publica\u00e7\u00e3o no Open Access do IEEE<\/a><\/p><p><a href=\"https:\/\/ppee.unb.br\/wp-content\/uploads\/2025\/02\/Como-informar-o-seu-indicador-na-CAPES.pdf\">Como informar o seu indicador na CAPES<\/a><\/p><p><a href=\"https:\/\/ppee.unb.br\/wp-content\/uploads\/2025\/02\/Informacoes-sobre-o-Qualis.pdf\">Informa\u00e7\u00f5es sobre o Qualis<\/a><\/p><p><a href=\"https:\/\/ppee.unb.br\/wp-content\/uploads\/2025\/02\/Diretrizes-do-PPEE-para-publicacoes-em-periodicos-e-conferencias.pdf\">Diretrizes do PPEE para publica\u00e7\u00f5es em peri\u00f3dicos e confer\u00eancias<\/a><\/p><p><a href=\"https:\/\/ppee.unb.br\/wp-content\/uploads\/2025\/02\/1-Periodicos-aderentes-das-Engenharias-IV.pdf\">1. Peri\u00f3dicos aderentes das Engenharias IV<\/a><\/p><p><a href=\"https:\/\/ppee.unb.br\/wp-content\/uploads\/2025\/02\/2-Periodicos-aderentes-das-Engenharias-IV.pdf\">2. Peri\u00f3dicos aderentes das Engenharias IV<\/a><\/p><p><a href=\"https:\/\/ppee.unb.br\/wp-content\/uploads\/2025\/02\/Produtos-tecnicos-para-Engenharias-IV-1.pdf\">Produtos t\u00e9cnicos para Engenharias IV<\/a><\/p>\t\t\t\t\t\t<\/div>\n\t\t\t\t<\/div>\n\t\t\t\t\t<\/div>\n\t\t<\/div>\n\t\t\t\t\t\t\t<\/div>\n\t\t<\/section>\n\t\t\t\t\t\t\t<\/div>\n\t\t","protected":false},"excerpt":{"rendered":"<p>Solicita\u00e7\u00e3o de recurso para publica\u00e7\u00e3o no Open Access do IEEE Como informar o seu indicador na CAPES Informa\u00e7\u00f5es sobre o Qualis Diretrizes do PPEE para publica\u00e7\u00f5es em peri\u00f3dicos e confer\u00eancias [&hellip;]<\/p>\n","protected":false},"author":3,"featured_media":0,"parent":5226,"menu_order":0,"comment_status":"closed","ping_status":"closed","template":"","meta":[],"_links":{"self":[{"href":"https:\/\/ppee.unb.br\/index.php?rest_route=\/wp\/v2\/pages\/4908"}],"collection":[{"href":"https:\/\/ppee.unb.br\/index.php?rest_route=\/wp\/v2\/pages"}],"about":[{"href":"https:\/\/ppee.unb.br\/index.php?rest_route=\/wp\/v2\/types\/page"}],"author":[{"embeddable":true,"href":"https:\/\/ppee.unb.br\/index.php?rest_route=\/wp\/v2\/users\/3"}],"replies":[{"embeddable":true,"href":"https:\/\/ppee.unb.br\/index.php?rest_route=%2Fwp%2Fv2%2Fcomments&post=4908"}],"version-history":[{"count":50,"href":"https:\/\/ppee.unb.br\/index.php?rest_route=\/wp\/v2\/pages\/4908\/revisions"}],"predecessor-version":[{"id":14110,"href":"https:\/\/ppee.unb.br\/index.php?rest_route=\/wp\/v2\/pages\/4908\/revisions\/14110"}],"up":[{"embeddable":true,"href":"https:\/\/ppee.unb.br\/index.php?rest_route=\/wp\/v2\/pages\/5226"}],"wp:attachment":[{"href":"https:\/\/ppee.unb.br\/index.php?rest_route=%2Fwp%2Fv2%2Fmedia&parent=4908"}],"curies":[{"name":"wp","href":"https:\/\/api.w.org\/{rel}","templated":true}]}}