{"id":4910,"date":"2023-04-24T13:11:38","date_gmt":"2023-04-24T16:11:38","guid":{"rendered":"https:\/\/ppee.unb.br\/?page_id=4910"},"modified":"2024-10-29T12:11:59","modified_gmt":"2024-10-29T15:11:59","slug":"producao-docente","status":"publish","type":"page","link":"https:\/\/ppee.unb.br\/?page_id=4910","title":{"rendered":"Produ\u00e7\u00e3o docente"},"content":{"rendered":"\t\t<div data-elementor-type=\"wp-page\" data-elementor-id=\"4910\" class=\"elementor elementor-4910\" data-elementor-post-type=\"page\">\n\t\t\t\t\t\t\t<div class=\"elementor-element elementor-element-c66003f e-flex e-con-boxed e-con\" data-id=\"c66003f\" data-element_type=\"container\" data-settings=\"{&quot;content_width&quot;:&quot;boxed&quot;}\">\n\t\t\t\t\t<div class=\"e-con-inner\">\n\t\t\t\t\t<\/div>\n\t\t\t\t<\/div>\n\t\t\t\t<section class=\"elementor-section elementor-top-section elementor-element elementor-element-5f299474 elementor-section-boxed elementor-section-height-default elementor-section-height-default\" data-id=\"5f299474\" data-element_type=\"section\">\n\t\t\t\t\t\t<div class=\"elementor-container elementor-column-gap-default\">\n\t\t\t\t\t<div class=\"elementor-column elementor-col-100 elementor-top-column elementor-element elementor-element-1b397800\" data-id=\"1b397800\" data-element_type=\"column\">\n\t\t\t<div class=\"elementor-widget-wrap elementor-element-populated\">\n\t\t\t\t\t\t\t\t<div class=\"elementor-element elementor-element-36fbd759 elementor-widget elementor-widget-text-editor\" data-id=\"36fbd759\" data-element_type=\"widget\" data-widget_type=\"text-editor.default\">\n\t\t\t\t<div class=\"elementor-widget-container\">\n\t\t\t<style>\/*! elementor - v3.14.0 - 26-06-2023 *\/\n.elementor-widget-text-editor.elementor-drop-cap-view-stacked .elementor-drop-cap{background-color:#69727d;color:#fff}.elementor-widget-text-editor.elementor-drop-cap-view-framed .elementor-drop-cap{color:#69727d;border:3px solid;background-color:transparent}.elementor-widget-text-editor:not(.elementor-drop-cap-view-default) .elementor-drop-cap{margin-top:8px}.elementor-widget-text-editor:not(.elementor-drop-cap-view-default) .elementor-drop-cap-letter{width:1em;height:1em}.elementor-widget-text-editor .elementor-drop-cap{float:left;text-align:center;line-height:1;font-size:50px}.elementor-widget-text-editor .elementor-drop-cap-letter{display:inline-block}<\/style>\t\t\t\t<!-- wp:paragraph -->\n<p><a href=\"https:\/\/sigaa.unb.br\/sigaa\/public\/docente\/producao.jsf?siape=1320804\">Andr\u00e9 Luiz Marques Serrano<\/a><\/p>\n<!-- \/wp:paragraph --><!-- wp:paragraph -->\n<p><a href=\"https:\/\/sigaa.unb.br\/sigaa\/public\/docente\/producao.jsf?siape=2577181\" target=\"_blank\" rel=\"noreferrer noopener\">Carlos Andr\u00e9 de Melo Alves<\/a>\u00a0<\/p>\n<p><a href=\"https:\/\/sigaa.unb.br\/sigaa\/public\/docente\/producao.jsf?siape=1561682\">Cl\u00f3vis Neumann<\/a><\/p>\n<!-- \/wp:paragraph --><!-- wp:paragraph -->\n<p><a href=\"https:\/\/sigaa.unb.br\/sigaa\/public\/docente\/producao.jsf?siape=1242752\" target=\"_blank\" rel=\"noreferrer noopener\">Daniel Chaves Caf\u00e9<\/a>\u00a0<\/p>\n<!-- \/wp:paragraph --><!-- wp:paragraph -->\n<p><a href=\"https:\/\/sigaa.unb.br\/sigaa\/public\/docente\/producao.jsf?siape=1226929\" target=\"_blank\" rel=\"noreferrer noopener\">Dem\u00e9trio Ant\u00f4nio da Silva Filho<\/a>\u00a0<\/p>\n<!-- \/wp:paragraph --><!-- wp:paragraph -->\n<p><a href=\"https:\/\/sigaa.unb.br\/sigaa\/public\/docente\/producao.jsf?siape=1780217\" target=\"_blank\" rel=\"noreferrer noopener\">Edna Dias Canedo<\/a>\u00a0<\/p>\n<!-- \/wp:paragraph --><!-- wp:paragraph -->\n<p><a href=\"https:\/\/sigaa.unb.br\/sigaa\/public\/docente\/producao.jsf?siape=1596344\" target=\"_blank\" rel=\"noreferrer noopener\">Fabiana Freitas Mendes<\/a>\u00a0<\/p>\n<!-- \/wp:paragraph --><!-- wp:paragraph -->\n<p><a href=\"https:\/\/sigaa.unb.br\/sigaa\/public\/docente\/portal.jsf?siape=2311780\" target=\"_blank\" rel=\"noreferrer noopener\">F\u00e1bio L\u00facio Lopes de Mendon\u00e7a<\/a>\u00a0<\/p>\n<!-- \/wp:paragraph --><!-- wp:paragraph --><!-- \/wp:paragraph --><!-- wp:paragraph -->\n<p><a href=\"https:\/\/sigaa.unb.br\/sigaa\/public\/docente\/producao.jsf?siape=2556078\" target=\"_blank\" rel=\"noreferrer noopener\">Georges Daniel Amvame Nze<\/a>\u00a0<\/p>\n<!-- \/wp:paragraph --><!-- wp:paragraph -->\n<p><a href=\"https:\/\/sigaa.unb.br\/sigaa\/public\/docente\/producao.jsf?siape=1141309\" target=\"_blank\" rel=\"noreferrer noopener\">Jo\u00e3o Jos\u00e9 Costa Gondim<\/a>\u00a0<\/p>\n<!-- \/wp:paragraph --><!-- wp:paragraph -->\n<p><a href=\"https:\/\/sigaa.unb.br\/sigaa\/public\/docente\/producao.jsf?siape=2224741\" target=\"_blank\" rel=\"noreferrer noopener\">Luiz Ant\u00f4nio Ribeiro J\u00fanior<\/a>\u00a0<\/p>\n<!-- \/wp:paragraph --><!-- wp:paragraph -->\n<p><a href=\"https:\/\/sigaa.unb.br\/sigaa\/public\/docente\/producao.jsf?siape=2363646\" target=\"_blank\" rel=\"noreferrer noopener\">Rafael Rabelo Nunes<\/a>\u00a0<\/p>\n<!-- \/wp:paragraph --><!-- wp:paragraph -->\n<p><a href=\"https:\/\/sigaa.unb.br\/sigaa\/public\/docente\/producao.jsf?siape=2201912\" target=\"_blank\" rel=\"noreferrer noopener\">Rafael Tim\u00f3teo de Sousa J\u00fanior<\/a>\u00a0<\/p>\n<p><a href=\"https:\/\/sigaa.unb.br\/sigaa\/public\/docente\/producao.jsf?siape=2280611\">Ricardo Staciarini Puttini<\/a><\/p>\n<!-- \/wp:paragraph --><!-- wp:paragraph -->\n<p><a href=\"https:\/\/sigaa.unb.br\/sigaa\/public\/docente\/producao.jsf?siape=1771918\" target=\"_blank\" rel=\"noreferrer noopener\">Ugo Silva Dias<\/a>\u00a0<\/p>\n<!-- \/wp:paragraph --><!-- wp:paragraph -->\n<p><a href=\"https:\/\/sigaa.unb.br\/sigaa\/public\/docente\/producao.jsf?siape=1415757\" target=\"_blank\" rel=\"noreferrer noopener\">Vin\u00edcius Pereira Gon\u00e7alves<\/a>\u00a0<\/p>\n<!-- \/wp:paragraph --><!-- wp:paragraph -->\n<p><a href=\"https:\/\/sigaa.unb.br\/sigaa\/public\/docente\/producao.jsf?siape=330495\" target=\"_blank\" rel=\"noreferrer noopener\">William Ferreira Giozza<\/a><\/p>\n<!-- \/wp:paragraph -->\t\t\t\t\t\t<\/div>\n\t\t\t\t<\/div>\n\t\t\t\t\t<\/div>\n\t\t<\/div>\n\t\t\t\t\t\t\t<\/div>\n\t\t<\/section>\n\t\t\t\t\t\t\t<\/div>\n\t\t","protected":false},"excerpt":{"rendered":"<p>Andr\u00e9 Luiz Marques Serrano Carlos Andr\u00e9 de Melo Alves\u00a0 Cl\u00f3vis Neumann Daniel Chaves Caf\u00e9\u00a0 Dem\u00e9trio Ant\u00f4nio da Silva Filho\u00a0 Edna Dias Canedo\u00a0 Fabiana Freitas Mendes\u00a0 F\u00e1bio L\u00facio Lopes de Mendon\u00e7a\u00a0 [&hellip;]<\/p>\n","protected":false},"author":3,"featured_media":0,"parent":5226,"menu_order":0,"comment_status":"closed","ping_status":"closed","template":"","meta":[],"_links":{"self":[{"href":"https:\/\/ppee.unb.br\/index.php?rest_route=\/wp\/v2\/pages\/4910"}],"collection":[{"href":"https:\/\/ppee.unb.br\/index.php?rest_route=\/wp\/v2\/pages"}],"about":[{"href":"https:\/\/ppee.unb.br\/index.php?rest_route=\/wp\/v2\/types\/page"}],"author":[{"embeddable":true,"href":"https:\/\/ppee.unb.br\/index.php?rest_route=\/wp\/v2\/users\/3"}],"replies":[{"embeddable":true,"href":"https:\/\/ppee.unb.br\/index.php?rest_route=%2Fwp%2Fv2%2Fcomments&post=4910"}],"version-history":[{"count":14,"href":"https:\/\/ppee.unb.br\/index.php?rest_route=\/wp\/v2\/pages\/4910\/revisions"}],"predecessor-version":[{"id":12621,"href":"https:\/\/ppee.unb.br\/index.php?rest_route=\/wp\/v2\/pages\/4910\/revisions\/12621"}],"up":[{"embeddable":true,"href":"https:\/\/ppee.unb.br\/index.php?rest_route=\/wp\/v2\/pages\/5226"}],"wp:attachment":[{"href":"https:\/\/ppee.unb.br\/index.php?rest_route=%2Fwp%2Fv2%2Fmedia&parent=4910"}],"curies":[{"name":"wp","href":"https:\/\/api.w.org\/{rel}","templated":true}]}}