{"id":4916,"date":"2023-04-24T13:11:40","date_gmt":"2023-04-24T16:11:40","guid":{"rendered":"https:\/\/ppee.unb.br\/?page_id=4916"},"modified":"2026-02-26T17:48:34","modified_gmt":"2026-02-26T20:48:34","slug":"pos-doc","status":"publish","type":"page","link":"https:\/\/ppee.unb.br\/?page_id=4916","title":{"rendered":"P\u00f3s-doutorado"},"content":{"rendered":"\t\t<div data-elementor-type=\"wp-page\" data-elementor-id=\"4916\" class=\"elementor elementor-4916\" data-elementor-post-type=\"page\">\n\t\t\t\t\t\t\t<div class=\"elementor-element elementor-element-c8bf7be e-flex e-con-boxed e-con\" data-id=\"c8bf7be\" data-element_type=\"container\" data-settings=\"{&quot;content_width&quot;:&quot;boxed&quot;}\">\n\t\t\t\t\t<div class=\"e-con-inner\">\n\t\t\t\t\t<\/div>\n\t\t\t\t<\/div>\n\t\t\t\t<section class=\"elementor-section elementor-top-section elementor-element elementor-element-78853cdd elementor-section-boxed elementor-section-height-default elementor-section-height-default\" data-id=\"78853cdd\" data-element_type=\"section\">\n\t\t\t\t\t\t<div class=\"elementor-container elementor-column-gap-default\">\n\t\t\t\t\t<div class=\"elementor-column elementor-col-100 elementor-top-column elementor-element elementor-element-311ae5d9\" data-id=\"311ae5d9\" data-element_type=\"column\">\n\t\t\t<div class=\"elementor-widget-wrap elementor-element-populated\">\n\t\t\t\t\t\t\t\t<div class=\"elementor-element elementor-element-246a136c elementor-widget elementor-widget-text-editor\" data-id=\"246a136c\" data-element_type=\"widget\" data-widget_type=\"text-editor.default\">\n\t\t\t\t<div class=\"elementor-widget-container\">\n\t\t\t<style>\/*! elementor - v3.14.0 - 26-06-2023 *\/\n.elementor-widget-text-editor.elementor-drop-cap-view-stacked .elementor-drop-cap{background-color:#69727d;color:#fff}.elementor-widget-text-editor.elementor-drop-cap-view-framed .elementor-drop-cap{color:#69727d;border:3px solid;background-color:transparent}.elementor-widget-text-editor:not(.elementor-drop-cap-view-default) .elementor-drop-cap{margin-top:8px}.elementor-widget-text-editor:not(.elementor-drop-cap-view-default) .elementor-drop-cap-letter{width:1em;height:1em}.elementor-widget-text-editor .elementor-drop-cap{float:left;text-align:center;line-height:1;font-size:50px}.elementor-widget-text-editor .elementor-drop-cap-letter{display:inline-block}<\/style>\t\t\t\t<!-- wp:heading --><!-- \/wp:heading --><!-- wp:paragraph -->\n<p><strong>Orienta\u00e7\u00f5es:<\/strong><\/p>\n<ul>\n<li><strong>Defini\u00e7\u00e3o:<\/strong> Poder\u00e3o inscrever-se no processo seletivo para est\u00e1gio de estudo e pesquisa no Curso de Mestrado Profissional portadores do t\u00edtulo de Doutor em Universidades ou Institui\u00e7\u00f5es credenciadas.<\/li>\n<li>\n<p><strong>Forma de inscri\u00e7\u00e3o:<\/strong> <a href=\"https:\/\/inscpos.unb.br\/index.php?inscricao=login\">Sistema Inscri\u00e7\u00e3o de P\u00f3s-Gradua\u00e7\u00e3o.<\/a><\/p>\n<\/li>\n<\/ul>\n<!-- \/wp:embed -->\t\t\t\t\t\t<\/div>\n\t\t\t\t<\/div>\n\t\t\t\t\t<\/div>\n\t\t<\/div>\n\t\t\t\t\t\t\t<\/div>\n\t\t<\/section>\n\t\t<div class=\"elementor-element elementor-element-3ec4e1a e-flex e-con-boxed e-con\" data-id=\"3ec4e1a\" data-element_type=\"container\" data-settings=\"{&quot;content_width&quot;:&quot;boxed&quot;}\">\n\t\t\t\t\t<div class=\"e-con-inner\">\n\t\t\t\t<div class=\"elementor-element elementor-element-4d61cea elementor-widget elementor-widget-text-editor\" data-id=\"4d61cea\" data-element_type=\"widget\" data-widget_type=\"text-editor.default\">\n\t\t\t\t<div class=\"elementor-widget-container\">\n\t\t\t\t\t\t\t<p><strong>Editais de sele\u00e7\u00e3o:<\/strong><\/p>\t\t\t\t\t\t<\/div>\n\t\t\t\t<\/div>\n\t\t\t\t\t<\/div>\n\t\t\t\t<\/div>\n\t\t<div class=\"elementor-element elementor-element-8a7853f e-flex e-con-boxed e-con\" data-id=\"8a7853f\" data-element_type=\"container\" data-settings=\"{&quot;content_width&quot;:&quot;boxed&quot;}\">\n\t\t\t\t\t<div class=\"e-con-inner\">\n\t\t\t\t<div class=\"elementor-element elementor-element-4d6be71 elementor-widget elementor-widget-accordion\" data-id=\"4d6be71\" data-element_type=\"widget\" data-widget_type=\"accordion.default\">\n\t\t\t\t<div class=\"elementor-widget-container\">\n\t\t\t<style>\/*! elementor - v3.14.0 - 26-06-2023 *\/\n.elementor-accordion{text-align:left}.elementor-accordion .elementor-accordion-item{border:1px solid #d5d8dc}.elementor-accordion .elementor-accordion-item+.elementor-accordion-item{border-top:none}.elementor-accordion .elementor-tab-title{margin:0;padding:15px 20px;font-weight:700;line-height:1;cursor:pointer;outline:none}.elementor-accordion .elementor-tab-title .elementor-accordion-icon{display:inline-block;width:1.5em}.elementor-accordion .elementor-tab-title .elementor-accordion-icon svg{width:1em;height:1em}.elementor-accordion .elementor-tab-title .elementor-accordion-icon.elementor-accordion-icon-right{float:right;text-align:right}.elementor-accordion .elementor-tab-title .elementor-accordion-icon.elementor-accordion-icon-left{float:left;text-align:left}.elementor-accordion .elementor-tab-title .elementor-accordion-icon .elementor-accordion-icon-closed{display:block}.elementor-accordion .elementor-tab-title .elementor-accordion-icon .elementor-accordion-icon-opened,.elementor-accordion .elementor-tab-title.elementor-active .elementor-accordion-icon-closed{display:none}.elementor-accordion .elementor-tab-title.elementor-active .elementor-accordion-icon-opened{display:block}.elementor-accordion .elementor-tab-content{display:none;padding:15px 20px;border-top:1px solid #d5d8dc}@media (max-width:767px){.elementor-accordion .elementor-tab-title{padding:12px 15px}.elementor-accordion .elementor-tab-title .elementor-accordion-icon{width:1.2em}.elementor-accordion .elementor-tab-content{padding:7px 15px}}.e-con-inner>.elementor-widget-accordion,.e-con>.elementor-widget-accordion{width:var(--container-widget-width);--flex-grow:var(--container-widget-flex-grow)}<\/style>\t\t<div class=\"elementor-accordion\">\n\t\t\t\t\t\t\t<div class=\"elementor-accordion-item\">\n\t\t\t\t\t<div id=\"elementor-tab-title-8111\" class=\"elementor-tab-title\" data-tab=\"1\" role=\"button\" aria-controls=\"elementor-tab-content-8111\" aria-expanded=\"false\">\n\t\t\t\t\t\t\t\t\t\t\t\t\t<span class=\"elementor-accordion-icon elementor-accordion-icon-left\" aria-hidden=\"true\">\n\t\t\t\t\t\t\t\t\t\t\t\t\t\t\t<span class=\"elementor-accordion-icon-closed\"><i class=\"fas fa-plus\"><\/i><\/span>\n\t\t\t\t\t\t\t\t<span class=\"elementor-accordion-icon-opened\"><i class=\"fas fa-minus\"><\/i><\/span>\n\t\t\t\t\t\t\t\t\t\t\t\t\t\t<\/span>\n\t\t\t\t\t\t\t\t\t\t\t\t<a class=\"elementor-accordion-title\" tabindex=\"0\">Edital de Sele\u00e7\u00e3o 085 - P\u00f3s-Doutorado | SEI N\u00ba 23106.000723\/2026-73<\/a>\n\t\t\t\t\t<\/div>\n\t\t\t\t\t<div id=\"elementor-tab-content-8111\" class=\"elementor-tab-content elementor-clearfix\" data-tab=\"1\" role=\"region\" aria-labelledby=\"elementor-tab-title-8111\"><p style=\"text-align: center;\"><span style=\"font-weight: bolder; font-size: 1rem;\">EDITAL N\u00ba 085\/2026<\/span><\/p>\n<p><strong style=\"font-size: 1rem;\">Orienta\u00e7\u00f5es:<\/strong><\/p>\n<ul>\n<li><strong>Defini\u00e7\u00e3o: <\/strong>SELE\u00c7\u00c3O DE CANDIDATOS \u00c0S VAGAS DO PROGRAMA DE P\u00d3S-GRADUA\u00c7\u00c3O PROFISSIONAL EM ENGENHARIA EL\u00c9TRICA\u00a0 PARA EST\u00c1GIO DE P\u00d3S-DOUTORADO<\/li>\n<li>\n<p><strong>Local de inscri\u00e7\u00e3o:<\/strong> <a href=\"https:\/\/inscpos.unb.br\/index.php?inscricao=login\">Sistema de Inscri\u00e7\u00e3o de P\u00f3s-Gradua\u00e7\u00e3o &#8211; InscP\u00f3s<\/a><\/p>\n<\/li>\n<\/ul>\n<p><strong>Documentos \u00fateis:<\/strong><\/p>\n<p><a href=\"https:\/\/ppee.unb.br\/wp-content\/uploads\/2026\/02\/SEI_13761963_Anexo_I.pdf\">Anexo I &#8211; DECLARA\u00c7\u00c3O DE VERACIDADE<\/a><\/p>\n<p><strong>Informa\u00e7\u00f5es:<\/strong><\/p>\n<ul>\n<li>Vagas:<\/li>\n<\/ul>\n<p>2 (duas) vagas para est\u00e1gio de p\u00f3s-doutorado, com vig\u00eancia durante o per\u00edodo de 12 (doze) meses<\/p>\n<ul>\n<li>Per\u00edodo de inscri\u00e7\u00e3o:\u00a0<\/li>\n<\/ul>\n<p>09\/02\/2026 a 14\/02\/2026<\/p>\n<p>\u00a0<\/p>\n<p><strong>Divulga\u00e7\u00f5es das etapas de sele\u00e7\u00e3o:<\/strong><\/p>\n<p><a href=\"https:\/\/ppee.unb.br\/wp-content\/uploads\/2026\/02\/Divulgacao-dA-classificacao-FINAL.pdf\">26\/02\/2026 &#8211; Divulga\u00e7\u00e3o da classifica\u00e7\u00e3o final<\/a><\/p>\n<p><a href=\"https:\/\/ppee.unb.br\/wp-content\/uploads\/2026\/02\/SEI_13812817_Despacho-1.pdf\">23\/02\/2026 &#8211; Divulga\u00e7\u00e3o Da Classifica\u00e7\u00e3o<\/a><a href=\"https:\/\/ppee.unb.br\/wp-content\/uploads\/2026\/02\/SEI_13812817_Despacho-1.pdf\"> Preliminar<\/a><br \/><br \/><strong>Comunicados:<br \/><\/strong><a href=\"https:\/\/ppee.unb.br\/wp-content\/uploads\/2026\/02\/SEI_13767437_Comunicado_069.pdf\">10\/02\/2026 &#8211; Comunicado 069 (Retifica\u00e7\u00e3o de data &#8211; Per\u00edodo de Reconsidera\u00e7\u00e3o)<\/a><strong><br \/><\/strong><\/p>\n<p><strong>Editais:<br \/><\/strong><a href=\"https:\/\/ppee.unb.br\/wp-content\/uploads\/2026\/02\/SEI_13630268_Edital_085.pdf\">05\/02\/2026 &#8211; Edital 085\/2026<\/a><\/p><\/div>\n\t\t\t\t<\/div>\n\t\t\t\t\t\t\t<div class=\"elementor-accordion-item\">\n\t\t\t\t\t<div id=\"elementor-tab-title-8112\" class=\"elementor-tab-title\" data-tab=\"2\" role=\"button\" aria-controls=\"elementor-tab-content-8112\" aria-expanded=\"false\">\n\t\t\t\t\t\t\t\t\t\t\t\t\t<span class=\"elementor-accordion-icon elementor-accordion-icon-left\" aria-hidden=\"true\">\n\t\t\t\t\t\t\t\t\t\t\t\t\t\t\t<span class=\"elementor-accordion-icon-closed\"><i class=\"fas fa-plus\"><\/i><\/span>\n\t\t\t\t\t\t\t\t<span class=\"elementor-accordion-icon-opened\"><i class=\"fas fa-minus\"><\/i><\/span>\n\t\t\t\t\t\t\t\t\t\t\t\t\t\t<\/span>\n\t\t\t\t\t\t\t\t\t\t\t\t<a class=\"elementor-accordion-title\" tabindex=\"0\">Edital de sele\u00e7\u00e3o N059 - P\u00f3s-Doutorado | Processo 23106.049220\/2024-34<\/a>\n\t\t\t\t\t<\/div>\n\t\t\t\t\t<div id=\"elementor-tab-content-8112\" class=\"elementor-tab-content elementor-clearfix\" data-tab=\"2\" role=\"region\" aria-labelledby=\"elementor-tab-title-8112\"><p><strong>Orienta\u00e7\u00f5es:<\/strong><\/p>\n<ul>\n<li><strong>Defini\u00e7\u00e3o: <\/strong>Poder\u00e3o inscrever-se no processo seletivo para est\u00e1gio de estudo e pesquisa no Curso de Mestrado Profissional os portadores do t\u00edtulo de Doutor por Universidades ou Institui\u00e7\u00f5es credenciadas.<\/li>\n<li>\n<p><strong>Local de inscri\u00e7\u00e3o:<\/strong> <a href=\"https:\/\/inscpos.unb.br\/index.php?inscricao=login\">Sistema de Inscri\u00e7\u00e3o de P\u00f3s-Gradua\u00e7\u00e3o &#8211; InscP\u00f3s<\/a><\/p>\n<\/li>\n<\/ul>\n<p><strong>Documentos \u00fateis:<\/strong><\/p>\n<p><a href=\"https:\/\/ppee.unb.br\/wp-content\/uploads\/2024\/11\/SEI_11381568_Anexo_I.pdf\">Anexo I \u2013 Declara\u00e7\u00e3o de Veracidade<\/a><\/p>\n<p><strong>Editais de Sele\u00e7\u00e3o<\/strong><\/p>\n<p>SELE\u00c7\u00c3O DE CANDIDATOS \u00c0S VAGAS DO PROGRAMA DE P\u00d3S-GRADUA\u00c7\u00c3O PROFISSIONAL EM ENGENHARIA EL\u00c9TRICA\u00a0 PARA EST\u00c1GIO DE P\u00d3S-DOUTORADO<\/p>\n<p><strong>Informa\u00e7\u00f5es:<\/strong><\/p>\n<ul>\n<li>Vagas:<\/li>\n<\/ul>\n<p>1 (uma) vaga para est\u00e1gio de p\u00f3s-doutorado<\/p>\n<ul>\n<li>Per\u00edodo de inscri\u00e7\u00e3o:\u00a0<\/li>\n<\/ul>\n<p>Do dia 24\/07\/2024 at\u00e9\u00a0 o dia 28\/07\/2024<\/p>\n<p><strong>Editais:<\/strong><\/p>\n<p><a href=\"https:\/\/ppee.unb.br\/wp-content\/uploads\/2024\/11\/SEI_11381825_Edital_059.pdf\">02\/07\/2024 \u2013 Edital 059<\/a><\/p>\n<p><strong>Divulga\u00e7\u00f5es das etapas de sele\u00e7\u00e3o:<\/strong><\/p>\n<p><a href=\"https:\/\/ppee.unb.br\/wp-content\/uploads\/2024\/11\/Divulgacao-do-resultado-final-2.pdf\">09\/08\/2024 \u2013 Divulga\u00e7\u00e3o do resultado final<\/a><\/p>\n<p><a href=\"https:\/\/ppee.unb.br\/wp-content\/uploads\/2024\/11\/Divulgacao-do-resultado-parcial.pdf\">06\/08\/2024 \u2013 Divulga\u00e7\u00e3o do resultado parcial<\/a><\/p><\/div>\n\t\t\t\t<\/div>\n\t\t\t\t\t\t\t<div class=\"elementor-accordion-item\">\n\t\t\t\t\t<div id=\"elementor-tab-title-8113\" class=\"elementor-tab-title\" data-tab=\"3\" role=\"button\" aria-controls=\"elementor-tab-content-8113\" aria-expanded=\"false\">\n\t\t\t\t\t\t\t\t\t\t\t\t\t<span class=\"elementor-accordion-icon elementor-accordion-icon-left\" aria-hidden=\"true\">\n\t\t\t\t\t\t\t\t\t\t\t\t\t\t\t<span class=\"elementor-accordion-icon-closed\"><i class=\"fas fa-plus\"><\/i><\/span>\n\t\t\t\t\t\t\t\t<span class=\"elementor-accordion-icon-opened\"><i class=\"fas fa-minus\"><\/i><\/span>\n\t\t\t\t\t\t\t\t\t\t\t\t\t\t<\/span>\n\t\t\t\t\t\t\t\t\t\t\t\t<a class=\"elementor-accordion-title\" tabindex=\"0\">Edital de sele\u00e7\u00e3o N042 - P\u00f3s-Doutorado | Processo 23106.102913\/2023-81<\/a>\n\t\t\t\t\t<\/div>\n\t\t\t\t\t<div id=\"elementor-tab-content-8113\" class=\"elementor-tab-content elementor-clearfix\" data-tab=\"3\" role=\"region\" aria-labelledby=\"elementor-tab-title-8113\"><p style=\"text-align: center;\">SELE\u00c7\u00c3O DE CANDIDATOS \u00c0S VAGAS DO PROGRAMA DE P\u00d3S-GRADUA\u00c7\u00c3O PROFISSIONAL EM ENGENHARIA EL\u00c9TRICA\u00a0 PARA EST\u00c1GIO DE P\u00d3S-DOUTORADO<\/p>\n<p><strong>Informa\u00e7\u00f5es:<\/strong><\/p>\n<ul>\n<li>Vagas:<\/li>\n<\/ul>\n<p>1 (uma) vaga para est\u00e1gio de p\u00f3s-doutorado<\/p>\n<ul>\n<li>Per\u00edodo de inscri\u00e7\u00e3o:\u00a0<\/li>\n<\/ul>\n<p>Das 08:00 do dia 03\/10\/2023 at\u00e9 18:00 do dia 07\/10\/2023<\/p>\n<p><strong>Editais:<\/strong><\/p>\n<p><a href=\"https:\/\/ppee.unb.br\/wp-content\/uploads\/2024\/10\/SEI_10247615_Edital_042.pdf\">19\/09\/2023 \u2013 Edital 042<\/a><\/p>\n<p><strong>Divulga\u00e7\u00f5es das etapas de sele\u00e7\u00e3o:<\/strong><\/p>\n<p><a href=\"https:\/\/ppee.unb.br\/wp-content\/uploads\/2024\/10\/Divulgacao-do-resultado-preliminar-4.pdf\">14\/10\/2023 \u2013 Divulga\u00e7\u00e3o do resultado preliminar<\/a><\/p>\n<p><a href=\"https:\/\/ppee.unb.br\/wp-content\/uploads\/2024\/10\/Divulgacao-do-resultado-final-2.pdf\">20\/10\/2023 &#8211; Divulga\u00e7\u00e3o do resultado final<\/a><\/p><\/div>\n\t\t\t\t<\/div>\n\t\t\t\t\t\t\t<div class=\"elementor-accordion-item\">\n\t\t\t\t\t<div id=\"elementor-tab-title-8114\" class=\"elementor-tab-title\" data-tab=\"4\" role=\"button\" aria-controls=\"elementor-tab-content-8114\" aria-expanded=\"false\">\n\t\t\t\t\t\t\t\t\t\t\t\t\t<span class=\"elementor-accordion-icon elementor-accordion-icon-left\" aria-hidden=\"true\">\n\t\t\t\t\t\t\t\t\t\t\t\t\t\t\t<span class=\"elementor-accordion-icon-closed\"><i class=\"fas fa-plus\"><\/i><\/span>\n\t\t\t\t\t\t\t\t<span class=\"elementor-accordion-icon-opened\"><i class=\"fas fa-minus\"><\/i><\/span>\n\t\t\t\t\t\t\t\t\t\t\t\t\t\t<\/span>\n\t\t\t\t\t\t\t\t\t\t\t\t<a class=\"elementor-accordion-title\" tabindex=\"0\">\tEdital de sele\u00e7\u00e3o N029 - P\u00f3s-Doutorado | Processo 23106.104780\/2022-05<\/a>\n\t\t\t\t\t<\/div>\n\t\t\t\t\t<div id=\"elementor-tab-content-8114\" class=\"elementor-tab-content elementor-clearfix\" data-tab=\"4\" role=\"region\" aria-labelledby=\"elementor-tab-title-8114\"><header class=\"page-header\">\n<p class=\"entry-title\"><strong>Edital N29 \u2013 p\u00f3s-doutorado | Processo 23106.104780\/2022-05<\/strong><\/p>\n<\/header>\n<div class=\"page-content\">\n<p class=\"has-text-align-center\">SELE\u00c7\u00c3O DE CANDIDATOS \u00c0S VAGAS DO PROGRAMA DE P\u00d3S-GRADUA\u00c7\u00c3O PROFISSIONAL EM ENGENHARIA EL\u00c9TRICA PARA EST\u00c1GIO DE P\u00d3S-DOUTORADO<\/p>\n<p class=\"wp-block-heading\"><strong>Editais<\/strong><\/p>\n<a href=\"https:\/\/ppee.unb.br\/wp-content\/uploads\/2024\/10\/SEI_8638648_Edital_29-1.pdf\">EDITAL N\u00ba 29\/2022<\/a><br \/>\n<p class=\"wp-block-heading\"><strong>Divulga\u00e7\u00f5es das etapas de sele\u00e7\u00e3o<\/strong><\/p>\n<p>A Comiss\u00e3o de Sele\u00e7\u00e3o divulga o seguinte resultado parcial do processo seletivo de p\u00f3s-doc, referente ao Edital de Sele\u00e7\u00e3o N 29:<\/p>\n<figure class=\"wp-block-table\">\n<table>\n<tbody>\n<tr>\n<td>Candidata<\/td>\n<td>Situa\u00e7\u00e3o<\/td>\n<\/tr>\n<tr>\n<td>Mariana Cabral Falqueiro<\/td>\n<td>APROVADA<\/td>\n<\/tr>\n<\/tbody>\n<\/table>\n<\/figure>\n<p><strong><mark>Resultado Final<\/mark><\/strong><\/p>\n<p>A Comiss\u00e3o de Sele\u00e7\u00e3o endossa o resultado parcial do processo seletivo de p\u00f3s-doc, referente ao Edital de Sele\u00e7\u00e3o N 29, ao qual, aprova a candidata Mariana Cabral Falqueiro.<\/p>\n<\/div><\/div>\n\t\t\t\t<\/div>\n\t\t\t\t\t\t\t<div class=\"elementor-accordion-item\">\n\t\t\t\t\t<div id=\"elementor-tab-title-8115\" class=\"elementor-tab-title\" data-tab=\"5\" role=\"button\" aria-controls=\"elementor-tab-content-8115\" aria-expanded=\"false\">\n\t\t\t\t\t\t\t\t\t\t\t\t\t<span class=\"elementor-accordion-icon elementor-accordion-icon-left\" aria-hidden=\"true\">\n\t\t\t\t\t\t\t\t\t\t\t\t\t\t\t<span class=\"elementor-accordion-icon-closed\"><i class=\"fas fa-plus\"><\/i><\/span>\n\t\t\t\t\t\t\t\t<span class=\"elementor-accordion-icon-opened\"><i class=\"fas fa-minus\"><\/i><\/span>\n\t\t\t\t\t\t\t\t\t\t\t\t\t\t<\/span>\n\t\t\t\t\t\t\t\t\t\t\t\t<a class=\"elementor-accordion-title\" tabindex=\"0\">Edital de sele\u00e7\u00e3o N001 - P\u00f3s-Doutorado | Processo 23106.118849\/2019-74 23106.018888\/2021-97<\/a>\n\t\t\t\t\t<\/div>\n\t\t\t\t\t<div id=\"elementor-tab-content-8115\" class=\"elementor-tab-content elementor-clearfix\" data-tab=\"5\" role=\"region\" aria-labelledby=\"elementor-tab-title-8115\"><header class=\"page-header\">\n<p class=\"entry-title\"><strong>Edital N1 \u2013 P\u00f3s-doutorado<\/strong><\/p>\n<\/header>\n<div class=\"page-content\">\n<p class=\"has-text-align-center\">UNIVERSIDADE DE BRAS\u00cdLIA\u00a0PROGRAMA DE P\u00d3S-GRADUA\u00c7\u00c3O PROFISSIONAL EM ENGENHARIA EL\u00c9TRICA\u00a0EDITAL PPEE-POSDOC N\u00ba 01\/2019\u00a0PROCESSO SELETIVO PARA EST\u00c1GIO DE P\u00d3S-DOUTORADO<\/p>\n<p class=\"wp-block-heading\"><strong>Informa\u00e7\u00f5es<\/strong><\/p>\n<ul>\n<li>Vagas<\/li>\n<\/ul>\n<p>\u00a02 (duas) vagas para estudos, em n\u00edvel de P\u00f3s-Doutorado<\/p>\n<ul>\n<li>Per\u00edodo de inscri\u00e7\u00e3o<\/li>\n<\/ul>\n<p>9 a 25 de setembro de 2019<\/p>\n<p class=\"wp-block-heading\"><strong>Editais<\/strong><\/p>\n<a href=\"https:\/\/ppee.unb.br\/wp-content\/uploads\/2024\/11\/Edital_POSDOC_1_2019.pdf\">Edital P\u00f3s-Doutorado 2019<\/a><br \/>\n<p class=\"wp-block-heading\"><strong>Divulga\u00e7\u00f5es das etapas de sele\u00e7\u00e3o<\/strong><\/p>\n<p><strong>Resultado Parcial dos Candidatos Selecionados:\u00a0<\/strong><\/p>\n<figure class=\"wp-block-table\">\n<table>\n<tbody>\n<tr>\n<th>Ordem de Classifica\u00e7\u00e3o<\/th>\n<th>Candidato(a)<\/th>\n<th>Edital<\/th>\n<\/tr>\n<tr>\n<td>1<\/td>\n<td>Robson de Oliveira Albuquerque<\/td>\n<td>PPEE-POSDOC No 01\/2019<\/td>\n<\/tr>\n<\/tbody>\n<\/table>\n<\/figure>\n<p class=\"wp-block-heading\"><strong>Outros<\/strong><\/p>\n<a href=\"https:\/\/ppee.unb.br\/wp-content\/uploads\/2024\/11\/modelo_de_carta_de_aceite_orientador_ppee-1.pdf\">Modelo de Carta de aceite do Orientador do PPE<\/a><\/div><\/div>\n\t\t\t\t<\/div>\n\t\t\t\t\t\t\t\t<\/div>\n\t\t\t\t<\/div>\n\t\t\t\t<\/div>\n\t\t\t\t\t<\/div>\n\t\t\t\t<\/div>\n\t\t\t\t\t\t\t<\/div>\n\t\t","protected":false},"excerpt":{"rendered":"<p>Orienta\u00e7\u00f5es: Defini\u00e7\u00e3o: Poder\u00e3o inscrever-se no processo seletivo para est\u00e1gio de estudo e pesquisa no Curso de Mestrado Profissional portadores do t\u00edtulo de Doutor em Universidades ou Institui\u00e7\u00f5es credenciadas. Forma de [&hellip;]<\/p>\n","protected":false},"author":3,"featured_media":0,"parent":5217,"menu_order":0,"comment_status":"closed","ping_status":"closed","template":"","meta":[],"_links":{"self":[{"href":"https:\/\/ppee.unb.br\/index.php?rest_route=\/wp\/v2\/pages\/4916"}],"collection":[{"href":"https:\/\/ppee.unb.br\/index.php?rest_route=\/wp\/v2\/pages"}],"about":[{"href":"https:\/\/ppee.unb.br\/index.php?rest_route=\/wp\/v2\/types\/page"}],"author":[{"embeddable":true,"href":"https:\/\/ppee.unb.br\/index.php?rest_route=\/wp\/v2\/users\/3"}],"replies":[{"embeddable":true,"href":"https:\/\/ppee.unb.br\/index.php?rest_route=%2Fwp%2Fv2%2Fcomments&post=4916"}],"version-history":[{"count":86,"href":"https:\/\/ppee.unb.br\/index.php?rest_route=\/wp\/v2\/pages\/4916\/revisions"}],"predecessor-version":[{"id":17496,"href":"https:\/\/ppee.unb.br\/index.php?rest_route=\/wp\/v2\/pages\/4916\/revisions\/17496"}],"up":[{"embeddable":true,"href":"https:\/\/ppee.unb.br\/index.php?rest_route=\/wp\/v2\/pages\/5217"}],"wp:attachment":[{"href":"https:\/\/ppee.unb.br\/index.php?rest_route=%2Fwp%2Fv2%2Fmedia&parent=4916"}],"curies":[{"name":"wp","href":"https:\/\/api.w.org\/{rel}","templated":true}]}}