{"id":5102,"date":"2023-04-25T15:33:40","date_gmt":"2023-04-25T18:33:40","guid":{"rendered":"https:\/\/ppee.unb.br\/?page_id=5102"},"modified":"2024-12-02T12:53:07","modified_gmt":"2024-12-02T15:53:07","slug":"parceiros","status":"publish","type":"page","link":"https:\/\/ppee.unb.br\/?page_id=5102","title":{"rendered":"Parceiros"},"content":{"rendered":"\t\t<div data-elementor-type=\"wp-page\" data-elementor-id=\"5102\" class=\"elementor elementor-5102\" data-elementor-post-type=\"page\">\n\t\t\t\t\t\t\t<div class=\"elementor-element elementor-element-e3ee203 e-flex e-con-boxed e-con\" data-id=\"e3ee203\" data-element_type=\"container\" data-settings=\"{&quot;content_width&quot;:&quot;boxed&quot;}\">\n\t\t\t\t\t<div class=\"e-con-inner\">\n\t\t\t\t\t<\/div>\n\t\t\t\t<\/div>\n\t\t\t\t<section class=\"elementor-section elementor-top-section elementor-element elementor-element-30c28dc7 elementor-section-boxed elementor-section-height-default elementor-section-height-default\" data-id=\"30c28dc7\" data-element_type=\"section\">\n\t\t\t\t\t\t<div class=\"elementor-container elementor-column-gap-default\">\n\t\t\t\t\t<div class=\"elementor-column elementor-col-100 elementor-top-column elementor-element elementor-element-573af3b8\" data-id=\"573af3b8\" data-element_type=\"column\">\n\t\t\t<div class=\"elementor-widget-wrap elementor-element-populated\">\n\t\t\t\t\t\t\t\t<div class=\"elementor-element elementor-element-49291455 elementor-widget elementor-widget-text-editor\" data-id=\"49291455\" data-element_type=\"widget\" data-widget_type=\"text-editor.default\">\n\t\t\t\t<div class=\"elementor-widget-container\">\n\t\t\t<style>\/*! elementor - v3.14.0 - 26-06-2023 *\/\n.elementor-widget-text-editor.elementor-drop-cap-view-stacked .elementor-drop-cap{background-color:#69727d;color:#fff}.elementor-widget-text-editor.elementor-drop-cap-view-framed .elementor-drop-cap{color:#69727d;border:3px solid;background-color:transparent}.elementor-widget-text-editor:not(.elementor-drop-cap-view-default) .elementor-drop-cap{margin-top:8px}.elementor-widget-text-editor:not(.elementor-drop-cap-view-default) .elementor-drop-cap-letter{width:1em;height:1em}.elementor-widget-text-editor .elementor-drop-cap{float:left;text-align:center;line-height:1;font-size:50px}.elementor-widget-text-editor .elementor-drop-cap-letter{display:inline-block}<\/style>\t\t\t\t<p><!-- wp:paragraph --><\/p>\n<p>O Programa de P\u00f3s-Gradua\u00e7\u00e3o Profissional em Engenharia El\u00e9trica (PPEE) tem como compromisso oferecer forma\u00e7\u00e3o de excel\u00eancia, para isso, oferecemos aos discentes e parceiros:&nbsp;<\/p>\n<p><!-- \/wp:paragraph --><!-- wp:list --><\/p>\n<ul>\n<li style=\"list-style-type: none;\">\n<ul><!-- wp:list-item --><\/ul>\n<\/li>\n<\/ul>\n<ul>\n<li style=\"list-style-type: none;\">\n<ul>\n<li>Equipe de professores de alt\u00edssimo n\u00edvel, todos doutores com experi\u00eancia no ensino e na pesquisa na administra\u00e7\u00e3o p\u00fablica e no desenvolvimento de estudos e trabalhos t\u00e9cnicos para organiza\u00e7\u00f5es p\u00fablicas;&nbsp;<\/li>\n<\/ul>\n<\/li>\n<\/ul>\n<p><!-- \/wp:list-item --><!-- wp:list-item --><\/p>\n<ul>\n<li style=\"list-style-type: none;\">\n<ul>\n<li>Turmas com formato flex\u00edvel, definidas conforme as necessidades dos \u00f3rg\u00e3os contratantes;&nbsp;<\/li>\n<\/ul>\n<\/li>\n<\/ul>\n<p><!-- \/wp:list-item --><!-- wp:list-item --><\/p>\n<ul>\n<li style=\"list-style-type: none;\">\n<ul>\n<li>Oficinas e semin\u00e1rios para o desenvolvimento de habilidades e t\u00e9cnicas de pesquisa;&nbsp;<\/li>\n<\/ul>\n<\/li>\n<\/ul>\n<p><!-- \/wp:list-item --><!-- wp:list-item --><\/p>\n<ul>\n<li style=\"list-style-type: none;\">\n<ul>\n<li>Disserta\u00e7\u00f5es intervencionistas com foco em diagnosticar e resolver problemas organizacionais.&nbsp;<\/li>\n<\/ul>\n<\/li>\n<\/ul>\n<p><!-- \/wp:list-item --><\/p>\n<p><!-- \/wp:list --><!-- wp:image {\"id\":4218,\"sizeSlug\":\"large\",\"linkDestination\":\"none\"} --><\/p>\n<figure class=\"wp-block-image size-large\"><br><\/figure>\n<p><!-- \/wp:image --><\/p>\t\t\t\t\t\t<\/div>\n\t\t\t\t<\/div>\n\t\t\t\t\t<\/div>\n\t\t<\/div>\n\t\t\t\t\t\t\t<\/div>\n\t\t<\/section>\n\t\t<div class=\"elementor-element elementor-element-7981de5 e-flex e-con-boxed e-con\" data-id=\"7981de5\" data-element_type=\"container\" data-settings=\"{&quot;content_width&quot;:&quot;boxed&quot;}\">\n\t\t\t\t\t<div class=\"e-con-inner\">\n\t\t\t\t<div class=\"elementor-element elementor-element-03dcb52 elementor-widget elementor-widget-image\" data-id=\"03dcb52\" data-element_type=\"widget\" data-widget_type=\"image.default\">\n\t\t\t\t<div class=\"elementor-widget-container\">\n\t\t\t<style>\/*! elementor - v3.14.0 - 26-06-2023 *\/\n.elementor-widget-image{text-align:center}.elementor-widget-image a{display:inline-block}.elementor-widget-image a img[src$=\".svg\"]{width:48px}.elementor-widget-image img{vertical-align:middle;display:inline-block}<\/style>\t\t\t\t\t\t\t\t\t\t\t\t<img decoding=\"async\" width=\"800\" height=\"800\" src=\"https:\/\/ppee.unb.br\/wp-content\/uploads\/2024\/12\/Copia-de-Post-para-Linkedin-Moderno-Azul-e-Branco-Dicas-de-Curriculo-1024x1024.png\" class=\"attachment-large size-large wp-image-13503\" alt=\"\" loading=\"lazy\" srcset=\"https:\/\/ppee.unb.br\/wp-content\/uploads\/2024\/12\/Copia-de-Post-para-Linkedin-Moderno-Azul-e-Branco-Dicas-de-Curriculo-1024x1024.png 1024w, https:\/\/ppee.unb.br\/wp-content\/uploads\/2024\/12\/Copia-de-Post-para-Linkedin-Moderno-Azul-e-Branco-Dicas-de-Curriculo-300x300.png 300w, https:\/\/ppee.unb.br\/wp-content\/uploads\/2024\/12\/Copia-de-Post-para-Linkedin-Moderno-Azul-e-Branco-Dicas-de-Curriculo-150x150.png 150w, https:\/\/ppee.unb.br\/wp-content\/uploads\/2024\/12\/Copia-de-Post-para-Linkedin-Moderno-Azul-e-Branco-Dicas-de-Curriculo-768x768.png 768w, https:\/\/ppee.unb.br\/wp-content\/uploads\/2024\/12\/Copia-de-Post-para-Linkedin-Moderno-Azul-e-Branco-Dicas-de-Curriculo.png 1200w\" sizes=\"(max-width: 800px) 100vw, 800px\" \/>\t\t\t\t\t\t\t\t\t\t\t\t\t\t\t<\/div>\n\t\t\t\t<\/div>\n\t\t\t\t\t<\/div>\n\t\t\t\t<\/div>\n\t\t\t\t\t\t\t<\/div>\n\t\t","protected":false},"excerpt":{"rendered":"<p>O Programa de P\u00f3s-Gradua\u00e7\u00e3o Profissional em Engenharia El\u00e9trica (PPEE) tem como compromisso oferecer forma\u00e7\u00e3o de excel\u00eancia, para isso, oferecemos aos discentes e parceiros:&nbsp;<\/p>\n","protected":false},"author":3,"featured_media":0,"parent":5207,"menu_order":0,"comment_status":"closed","ping_status":"closed","template":"","meta":[],"_links":{"self":[{"href":"https:\/\/ppee.unb.br\/index.php?rest_route=\/wp\/v2\/pages\/5102"}],"collection":[{"href":"https:\/\/ppee.unb.br\/index.php?rest_route=\/wp\/v2\/pages"}],"about":[{"href":"https:\/\/ppee.unb.br\/index.php?rest_route=\/wp\/v2\/types\/page"}],"author":[{"embeddable":true,"href":"https:\/\/ppee.unb.br\/index.php?rest_route=\/wp\/v2\/users\/3"}],"replies":[{"embeddable":true,"href":"https:\/\/ppee.unb.br\/index.php?rest_route=%2Fwp%2Fv2%2Fcomments&post=5102"}],"version-history":[{"count":27,"href":"https:\/\/ppee.unb.br\/index.php?rest_route=\/wp\/v2\/pages\/5102\/revisions"}],"predecessor-version":[{"id":13509,"href":"https:\/\/ppee.unb.br\/index.php?rest_route=\/wp\/v2\/pages\/5102\/revisions\/13509"}],"up":[{"embeddable":true,"href":"https:\/\/ppee.unb.br\/index.php?rest_route=\/wp\/v2\/pages\/5207"}],"wp:attachment":[{"href":"https:\/\/ppee.unb.br\/index.php?rest_route=%2Fwp%2Fv2%2Fmedia&parent=5102"}],"curies":[{"name":"wp","href":"https:\/\/api.w.org\/{rel}","templated":true}]}}