{"id":6477,"date":"2023-07-07T12:56:41","date_gmt":"2023-07-07T15:56:41","guid":{"rendered":"https:\/\/ppee.unb.br\/?page_id=6477"},"modified":"2026-02-23T14:39:35","modified_gmt":"2026-02-23T17:39:35","slug":"jovem-doutor-apadrinhado","status":"publish","type":"page","link":"https:\/\/ppee.unb.br\/?page_id=6477","title":{"rendered":"Jovem doutor apadrinhado"},"content":{"rendered":"\t\t<div data-elementor-type=\"wp-page\" data-elementor-id=\"6477\" class=\"elementor elementor-6477\" data-elementor-post-type=\"page\">\n\t\t\t\t\t\t\t<div class=\"elementor-element elementor-element-8171b26 e-flex e-con-boxed e-con\" data-id=\"8171b26\" data-element_type=\"container\" data-settings=\"{&quot;content_width&quot;:&quot;boxed&quot;}\">\n\t\t\t\t\t<div class=\"e-con-inner\">\n\t\t\t\t\t<\/div>\n\t\t\t\t<\/div>\n\t\t\t\t<section class=\"elementor-section elementor-top-section elementor-element elementor-element-7bf4f97c elementor-section-boxed elementor-section-height-default elementor-section-height-default\" data-id=\"7bf4f97c\" data-element_type=\"section\">\n\t\t\t\t\t\t<div class=\"elementor-container elementor-column-gap-default\">\n\t\t\t\t\t<div class=\"elementor-column elementor-col-100 elementor-top-column elementor-element elementor-element-42914e75\" data-id=\"42914e75\" data-element_type=\"column\">\n\t\t\t<div class=\"elementor-widget-wrap elementor-element-populated\">\n\t\t\t\t\t\t\t\t<div class=\"elementor-element elementor-element-51ce7a10 elementor-widget elementor-widget-text-editor\" data-id=\"51ce7a10\" data-element_type=\"widget\" data-widget_type=\"text-editor.default\">\n\t\t\t\t<div class=\"elementor-widget-container\">\n\t\t\t<style>\/*! elementor - v3.14.0 - 26-06-2023 *\/\n.elementor-widget-text-editor.elementor-drop-cap-view-stacked .elementor-drop-cap{background-color:#69727d;color:#fff}.elementor-widget-text-editor.elementor-drop-cap-view-framed .elementor-drop-cap{color:#69727d;border:3px solid;background-color:transparent}.elementor-widget-text-editor:not(.elementor-drop-cap-view-default) .elementor-drop-cap{margin-top:8px}.elementor-widget-text-editor:not(.elementor-drop-cap-view-default) .elementor-drop-cap-letter{width:1em;height:1em}.elementor-widget-text-editor .elementor-drop-cap{float:left;text-align:center;line-height:1;font-size:50px}.elementor-widget-text-editor .elementor-drop-cap-letter{display:inline-block}<\/style>\t\t\t\t<p><!-- wp:heading --><\/p>\n<p><!-- \/wp:heading --><\/p>\n<p><!-- wp:paragraph --><\/p>\n<p align=\"justify\"><strong>Orienta\u00e7\u00f5es:<\/strong><\/p>\n<ul>\n<li><strong>Defini\u00e7\u00e3o: <\/strong>Poder\u00e3o inscrever-se no processo seletivo de credenciamento na categoria de jovens rec\u00e9m doutores apadrinhados o pesquisador proponente que tiver obtido o t\u00edtulo de doutor a menos de 5 (cinco) anos e estar vinculado a uma institui\u00e7\u00e3o de Ensino Superior (IES) que n\u00e3o tenha programa de p\u00f3s-gradua\u00e7\u00e3o na \u00c1rea Engenharias IV da CAPES.<\/li>\n<li><strong>Forma de inscri\u00e7\u00e3o:<\/strong> <a href=\"https:\/\/inscpos.unb.br\/index.php?inscricao=login\">Sistema Inscri\u00e7\u00e3o de P\u00f3s-Gradua\u00e7\u00e3o.<\/a><\/li>\n<\/ul>\n<p><!-- \/wp:buttons --><\/p>\n<p><!-- wp:paragraph --><\/p>\n<p>\u00a0<\/p>\n<p><!-- \/wp:paragraph --><\/p>\t\t\t\t\t\t<\/div>\n\t\t\t\t<\/div>\n\t\t\t\t\t<\/div>\n\t\t<\/div>\n\t\t\t\t\t\t\t<\/div>\n\t\t<\/section>\n\t\t<div class=\"elementor-element elementor-element-42a6231 e-flex e-con-boxed e-con\" data-id=\"42a6231\" data-element_type=\"container\" data-settings=\"{&quot;content_width&quot;:&quot;boxed&quot;}\">\n\t\t\t\t\t<div class=\"e-con-inner\">\n\t\t\t\t<div class=\"elementor-element elementor-element-4782d29 elementor-widget elementor-widget-text-editor\" data-id=\"4782d29\" data-element_type=\"widget\" data-widget_type=\"text-editor.default\">\n\t\t\t\t<div class=\"elementor-widget-container\">\n\t\t\t\t\t\t\t<p><strong>Editais de sele\u00e7\u00e3o<\/strong>:<\/p>\t\t\t\t\t\t<\/div>\n\t\t\t\t<\/div>\n\t\t\t\t\t<\/div>\n\t\t\t\t<\/div>\n\t\t<div class=\"elementor-element elementor-element-ec652bd e-flex e-con-boxed e-con\" data-id=\"ec652bd\" data-element_type=\"container\" data-settings=\"{&quot;content_width&quot;:&quot;boxed&quot;}\">\n\t\t\t\t\t<div class=\"e-con-inner\">\n\t\t\t\t<div class=\"elementor-element elementor-element-f9011ea elementor-widget elementor-widget-accordion\" data-id=\"f9011ea\" data-element_type=\"widget\" data-widget_type=\"accordion.default\">\n\t\t\t\t<div class=\"elementor-widget-container\">\n\t\t\t<style>\/*! elementor - v3.14.0 - 26-06-2023 *\/\n.elementor-accordion{text-align:left}.elementor-accordion .elementor-accordion-item{border:1px solid #d5d8dc}.elementor-accordion .elementor-accordion-item+.elementor-accordion-item{border-top:none}.elementor-accordion .elementor-tab-title{margin:0;padding:15px 20px;font-weight:700;line-height:1;cursor:pointer;outline:none}.elementor-accordion .elementor-tab-title .elementor-accordion-icon{display:inline-block;width:1.5em}.elementor-accordion .elementor-tab-title .elementor-accordion-icon svg{width:1em;height:1em}.elementor-accordion .elementor-tab-title .elementor-accordion-icon.elementor-accordion-icon-right{float:right;text-align:right}.elementor-accordion .elementor-tab-title .elementor-accordion-icon.elementor-accordion-icon-left{float:left;text-align:left}.elementor-accordion .elementor-tab-title .elementor-accordion-icon .elementor-accordion-icon-closed{display:block}.elementor-accordion .elementor-tab-title .elementor-accordion-icon .elementor-accordion-icon-opened,.elementor-accordion .elementor-tab-title.elementor-active .elementor-accordion-icon-closed{display:none}.elementor-accordion .elementor-tab-title.elementor-active .elementor-accordion-icon-opened{display:block}.elementor-accordion .elementor-tab-content{display:none;padding:15px 20px;border-top:1px solid #d5d8dc}@media (max-width:767px){.elementor-accordion .elementor-tab-title{padding:12px 15px}.elementor-accordion .elementor-tab-title .elementor-accordion-icon{width:1.2em}.elementor-accordion .elementor-tab-content{padding:7px 15px}}.e-con-inner>.elementor-widget-accordion,.e-con>.elementor-widget-accordion{width:var(--container-widget-width);--flex-grow:var(--container-widget-flex-grow)}<\/style>\t\t<div class=\"elementor-accordion\">\n\t\t\t\t\t\t\t<div class=\"elementor-accordion-item\">\n\t\t\t\t\t<div id=\"elementor-tab-title-2611\" class=\"elementor-tab-title\" data-tab=\"1\" role=\"button\" aria-controls=\"elementor-tab-content-2611\" aria-expanded=\"false\">\n\t\t\t\t\t\t\t\t\t\t\t\t\t<span class=\"elementor-accordion-icon elementor-accordion-icon-left\" aria-hidden=\"true\">\n\t\t\t\t\t\t\t\t\t\t\t\t\t\t\t<span class=\"elementor-accordion-icon-closed\"><i class=\"fas fa-plus\"><\/i><\/span>\n\t\t\t\t\t\t\t\t<span class=\"elementor-accordion-icon-opened\"><i class=\"fas fa-minus\"><\/i><\/span>\n\t\t\t\t\t\t\t\t\t\t\t\t\t\t<\/span>\n\t\t\t\t\t\t\t\t\t\t\t\t<a class=\"elementor-accordion-title\" tabindex=\"0\">Edital de sele\u00e7\u00e3o N071 - Jovem Doutor Apadrinhado | Processo 23106.011933\/2025-14<\/a>\n\t\t\t\t\t<\/div>\n\t\t\t\t\t<div id=\"elementor-tab-content-2611\" class=\"elementor-tab-content elementor-clearfix\" data-tab=\"1\" role=\"region\" aria-labelledby=\"elementor-tab-title-2611\"><p class=\"Texto_Centralizado_Maiusculas_Negrito\" style=\"text-align: center;\"><strong>UNIVERSIDADE DE BRAS\u00cdLIA<\/strong><\/p>\n<p class=\"Texto_Centralizado_Maiusculas_Negrito\" style=\"text-align: center;\"><strong>FACULDADE DE TECNOLOGIA<\/strong><\/p>\n<p class=\"Texto_Centralizado_Maiusculas_Negrito\" style=\"text-align: center;\"><strong>PROGRAMA DE P\u00d3S-GRADUA\u00c7\u00c3O PROFISSIONAL EM ENGENHARIA EL\u00c9TRICA<\/strong><\/p>\n<p style=\"text-align: center;\"><strong>Edital N\u00ba 071\/2025<\/strong><\/p>\n<p style=\"text-align: center;\">CREDENCIAMENTO DE DOCENTES NA CATEGORIA DE JOVENS REC\u00c9M-DOUTORES APADRINHADOS\u00a0PROGRAMA DE P\u00d3S-GRADUA\u00c7\u00c3O PROFISSIONAL EM ENGENHARIA EL\u00c9TRICA (PPEE).<\/p>\n<p><strong>Divulga\u00e7\u00e3o<\/strong><\/p>\n<p><a href=\"https:\/\/ppee.unb.br\/wp-content\/uploads\/2026\/02\/Divulgacao-do-resultado.pdf\">23\/02\/2026 &#8211; Divulga\u00e7\u00e3o do resultado<\/a><\/p>\n<p><strong>Edital<\/strong><\/p>\n<p><a href=\"https:\/\/ppee.unb.br\/wp-content\/uploads\/2025\/08\/Edital-No-071-2025.pdf\">Edital N\u00ba 071 2025<\/a><\/p>\n<p><strong>Vagas<\/strong><\/p>\n<p>Ser\u00e1 ofertada 1<span class=\"dark-mode-color-black\">\u00a0(uma)<\/span>\u00a0vaga na \u00e1rea de concentra\u00e7\u00e3o em Seguran\u00e7a Cibern\u00e9tica.<\/p>\n<p><strong>Forma de inscri\u00e7\u00e3o<\/strong><\/p>\n<p><a href=\"https:\/\/inscpos.unb.br\/index.php?inscricao=login\">Sistema Inscri\u00e7\u00e3o de P\u00f3s-Gradua\u00e7\u00e3o.<\/a><\/p><\/div>\n\t\t\t\t<\/div>\n\t\t\t\t\t\t\t<div class=\"elementor-accordion-item\">\n\t\t\t\t\t<div id=\"elementor-tab-title-2612\" class=\"elementor-tab-title\" data-tab=\"2\" role=\"button\" aria-controls=\"elementor-tab-content-2612\" aria-expanded=\"false\">\n\t\t\t\t\t\t\t\t\t\t\t\t\t<span class=\"elementor-accordion-icon elementor-accordion-icon-left\" aria-hidden=\"true\">\n\t\t\t\t\t\t\t\t\t\t\t\t\t\t\t<span class=\"elementor-accordion-icon-closed\"><i class=\"fas fa-plus\"><\/i><\/span>\n\t\t\t\t\t\t\t\t<span class=\"elementor-accordion-icon-opened\"><i class=\"fas fa-minus\"><\/i><\/span>\n\t\t\t\t\t\t\t\t\t\t\t\t\t\t<\/span>\n\t\t\t\t\t\t\t\t\t\t\t\t<a class=\"elementor-accordion-title\" tabindex=\"0\">Edital de sele\u00e7\u00e3o N039 jovem doutor apadrinhado | Processo 23106.067051\/2023-33<\/a>\n\t\t\t\t\t<\/div>\n\t\t\t\t\t<div id=\"elementor-tab-content-2612\" class=\"elementor-tab-content elementor-clearfix\" data-tab=\"2\" role=\"region\" aria-labelledby=\"elementor-tab-title-2612\"><header class=\"page-header\">\n<p class=\"entry-title\"><strong>Edital N 39 Jovem doutor apadrinhado | Processo 23106.067051\/2023-33<\/strong><\/p>\n<\/header>\n<div class=\"page-content\">\n<p class=\"has-text-align-center\">CREDENCIAMENTO DE DOCENTES NA CATEGORIA DE JOVENS REC\u00c9M DOUTORES APADRINHADOS\u00a0PROGRAMA DE P\u00d3S-GRADUA\u00c7\u00c3O PROFISSIONAL EM ENGENHARIA EL\u00c9TRICA (PPEE).<\/p>\n<p class=\"wp-block-heading\"><strong>Informa\u00e7\u00f5es<\/strong><\/p>\n<ul>\n<li>Vagas: 1 (uma) vaga na \u00e1rea de atua\u00e7\u00e3o em seguran\u00e7a cibern\u00e9tica, linha de pesquisa em Seguran\u00e7a e Intelig\u00eancia Cibern\u00e9tica.<\/li>\n<\/ul>\n<ul>\n<li>Per\u00edodo de inscri\u00e7\u00e3o: 28\/08\/023 a 06\/09\/2023<\/li>\n<\/ul>\n<ul>\n<li>Plataforma de inscri\u00e7\u00e3o:\u00a0<a href=\"https:\/\/inscpos.unb.br\/index.php?inscricao=login\" target=\"_blank\" rel=\"noreferrer noopener\">inscpos.unb.br<\/a>\u00a0<\/li>\n<\/ul>\n<p class=\"wp-block-heading\"><strong>Editais<\/strong><\/p>\n<a href=\"https:\/\/ppee.unb.br\/wp-content\/uploads\/2025\/02\/SEI_9917025_Edital_039.pdf\">07\/07\/2023 &#8211; Edital de Sele\u00e7\u00e3o N039<\/a><br \/>\n<p><strong>Divulga\u00e7\u00f5es<\/strong><\/p>\n<p><a href=\"https:\/\/ppee.unb.br\/wp-content\/uploads\/2025\/03\/Divulgacao-do-Resultado-Final.pdf\">25\/09\/2023 &#8211; Divulga\u00e7\u00e3o do Resultado Final<\/a><\/p>\n<a href=\"https:\/\/ppee.unb.br\/wp-content\/uploads\/2025\/03\/Divulgacao-do-Resultado-Preliminar.pdf\">20\/09\/2023 &#8211; Divulga\u00e7\u00e3o do Resultado Preliminar<\/a><br \/><br \/><\/div><\/div>\n\t\t\t\t<\/div>\n\t\t\t\t\t\t\t\t<\/div>\n\t\t\t\t<\/div>\n\t\t\t\t<\/div>\n\t\t\t\t\t<\/div>\n\t\t\t\t<\/div>\n\t\t\t\t\t\t\t<\/div>\n\t\t","protected":false},"excerpt":{"rendered":"<p>Orienta\u00e7\u00f5es: Defini\u00e7\u00e3o: Poder\u00e3o inscrever-se no processo seletivo de credenciamento na categoria de jovens rec\u00e9m doutores apadrinhados o pesquisador proponente que tiver obtido o t\u00edtulo de doutor a menos de 5 [&hellip;]<\/p>\n","protected":false},"author":3,"featured_media":0,"parent":5217,"menu_order":0,"comment_status":"closed","ping_status":"closed","template":"","meta":[],"_links":{"self":[{"href":"https:\/\/ppee.unb.br\/index.php?rest_route=\/wp\/v2\/pages\/6477"}],"collection":[{"href":"https:\/\/ppee.unb.br\/index.php?rest_route=\/wp\/v2\/pages"}],"about":[{"href":"https:\/\/ppee.unb.br\/index.php?rest_route=\/wp\/v2\/types\/page"}],"author":[{"embeddable":true,"href":"https:\/\/ppee.unb.br\/index.php?rest_route=\/wp\/v2\/users\/3"}],"replies":[{"embeddable":true,"href":"https:\/\/ppee.unb.br\/index.php?rest_route=%2Fwp%2Fv2%2Fcomments&post=6477"}],"version-history":[{"count":55,"href":"https:\/\/ppee.unb.br\/index.php?rest_route=\/wp\/v2\/pages\/6477\/revisions"}],"predecessor-version":[{"id":17479,"href":"https:\/\/ppee.unb.br\/index.php?rest_route=\/wp\/v2\/pages\/6477\/revisions\/17479"}],"up":[{"embeddable":true,"href":"https:\/\/ppee.unb.br\/index.php?rest_route=\/wp\/v2\/pages\/5217"}],"wp:attachment":[{"href":"https:\/\/ppee.unb.br\/index.php?rest_route=%2Fwp%2Fv2%2Fmedia&parent=6477"}],"curies":[{"name":"wp","href":"https:\/\/api.w.org\/{rel}","templated":true}]}}