{"id":8202,"date":"2023-10-10T11:04:23","date_gmt":"2023-10-10T14:04:23","guid":{"rendered":"https:\/\/ppee.unb.br\/?page_id=8202"},"modified":"2025-09-10T14:04:32","modified_gmt":"2025-09-10T17:04:32","slug":"documentos-intitucionais","status":"publish","type":"page","link":"https:\/\/ppee.unb.br\/?page_id=8202","title":{"rendered":"Resolu\u00e7\u00f5es"},"content":{"rendered":"\t\t<div data-elementor-type=\"wp-page\" data-elementor-id=\"8202\" class=\"elementor elementor-8202\" data-elementor-post-type=\"page\">\n\t\t\t\t\t\t\t<div class=\"elementor-element elementor-element-8fc4d89 e-flex e-con-boxed e-con\" data-id=\"8fc4d89\" data-element_type=\"container\" data-settings=\"{&quot;content_width&quot;:&quot;boxed&quot;}\">\n\t\t\t\t\t<div class=\"e-con-inner\">\n\t\t\t\t\t<\/div>\n\t\t\t\t<\/div>\n\t\t<div class=\"elementor-element elementor-element-808e930 e-flex e-con-boxed e-con\" data-id=\"808e930\" data-element_type=\"container\" data-settings=\"{&quot;content_width&quot;:&quot;boxed&quot;}\">\n\t\t\t\t\t<div class=\"e-con-inner\">\n\t\t\t\t<div class=\"elementor-element elementor-element-59c12ff elementor-widget elementor-widget-heading\" data-id=\"59c12ff\" data-element_type=\"widget\" data-widget_type=\"heading.default\">\n\t\t\t\t<div class=\"elementor-widget-container\">\n\t\t\t<style>\/*! elementor - v3.14.0 - 26-06-2023 *\/\n.elementor-heading-title{padding:0;margin:0;line-height:1}.elementor-widget-heading .elementor-heading-title[class*=elementor-size-]>a{color:inherit;font-size:inherit;line-height:inherit}.elementor-widget-heading .elementor-heading-title.elementor-size-small{font-size:15px}.elementor-widget-heading .elementor-heading-title.elementor-size-medium{font-size:19px}.elementor-widget-heading .elementor-heading-title.elementor-size-large{font-size:29px}.elementor-widget-heading .elementor-heading-title.elementor-size-xl{font-size:39px}.elementor-widget-heading .elementor-heading-title.elementor-size-xxl{font-size:59px}<\/style><h2 class=\"elementor-heading-title elementor-size-default\">Resolu\u00e7\u00f5es Internas Vigentes <\/h2>\t\t<\/div>\n\t\t\t\t<\/div>\n\t\t\t\t\t<\/div>\n\t\t\t\t<\/div>\n\t\t<div class=\"elementor-element elementor-element-c67e3da e-flex e-con-boxed e-con\" data-id=\"c67e3da\" data-element_type=\"container\" data-settings=\"{&quot;content_width&quot;:&quot;boxed&quot;}\">\n\t\t\t\t\t<div class=\"e-con-inner\">\n\t\t\t\t<div class=\"elementor-element elementor-element-5706e50 elementor-widget elementor-widget-text-editor\" data-id=\"5706e50\" data-element_type=\"widget\" data-widget_type=\"text-editor.default\">\n\t\t\t\t<div class=\"elementor-widget-container\">\n\t\t\t<style>\/*! elementor - v3.14.0 - 26-06-2023 *\/\n.elementor-widget-text-editor.elementor-drop-cap-view-stacked .elementor-drop-cap{background-color:#69727d;color:#fff}.elementor-widget-text-editor.elementor-drop-cap-view-framed .elementor-drop-cap{color:#69727d;border:3px solid;background-color:transparent}.elementor-widget-text-editor:not(.elementor-drop-cap-view-default) .elementor-drop-cap{margin-top:8px}.elementor-widget-text-editor:not(.elementor-drop-cap-view-default) .elementor-drop-cap-letter{width:1em;height:1em}.elementor-widget-text-editor .elementor-drop-cap{float:left;text-align:center;line-height:1;font-size:50px}.elementor-widget-text-editor .elementor-drop-cap-letter{display:inline-block}<\/style>\t\t\t\t<p><a href=\"https:\/\/ppee.unb.br\/wp-content\/uploads\/2025\/07\/SEI_12942791_Resolucao_005.pdf\"><strong>Resolu\u00e7\u00e3o PPEE N\u00ba 005\/2025 \u2014 <\/strong>Disp\u00f5e sobre a defini\u00e7\u00e3o das disciplinas para cursagem da Turma Espec\u00edfica UnB\/PPEE.<\/a><\/p><p><strong><a href=\"https:\/\/ppee.unb.br\/wp-content\/uploads\/2024\/10\/Resolucao-PPEE-0042022-\u2013-Altera-a-Resolucao-PPEE-012021.pdf\">Resolu\u00e7\u00e3o PPEE <\/a><a href=\"https:\/\/ppee.unb.br\/wp-content\/uploads\/2025\/07\/SEI_12942791_Resolucao_005.pdf\">N\u00ba <\/a><\/strong><a href=\"https:\/\/ppee.unb.br\/wp-content\/uploads\/2024\/10\/Resolucao-PPEE-0042022-\u2013-Altera-a-Resolucao-PPEE-012021.pdf\"><strong>004\/2022 \u2013<\/strong> Altera a Resolu\u00e7\u00e3o PPEE 012021.<\/a><\/p><p><strong><a href=\"https:\/\/ppee.unb.br\/wp-content\/uploads\/2024\/10\/Resolucao-PPEE-0032021-\u2013-Dispoe-sobre-normas-de-publicacao-e-registro-de-software-junto-ao-Programa-de-Pos-Graduacao-Profissional-em-Engenharia-Eletrica.pdf\">Resolu\u00e7\u00e3o PPEE <\/a><a href=\"https:\/\/ppee.unb.br\/wp-content\/uploads\/2025\/07\/SEI_12942791_Resolucao_005.pdf\">N\u00ba <\/a><\/strong><a href=\"https:\/\/ppee.unb.br\/wp-content\/uploads\/2024\/10\/Resolucao-PPEE-0032021-\u2013-Dispoe-sobre-normas-de-publicacao-e-registro-de-software-junto-ao-Programa-de-Pos-Graduacao-Profissional-em-Engenharia-Eletrica.pdf\"><strong>003\/2021 \u2013<\/strong> Disp\u00f5e sobre normas de publica\u00e7\u00e3o e registro de software junto ao Programa de P\u00f3s-Gradua\u00e7\u00e3o Profissional em Engenharia El\u00e9trica<\/a><\/p><p><strong><a href=\"https:\/\/ppee.unb.br\/wp-content\/uploads\/2024\/10\/Resolucao-PPEE-0022021-\u2013-Dispoe-sobre-normas-de-redacao-de-trabalhos-de-conclusao-do-Programa-de-Pos-Graduacao-em-Profissional-Engenharia-Eletrica.pdf\">Resolu\u00e7\u00e3o PPEE <\/a><a href=\"https:\/\/ppee.unb.br\/wp-content\/uploads\/2025\/07\/SEI_12942791_Resolucao_005.pdf\">N\u00ba <\/a><\/strong><a href=\"https:\/\/ppee.unb.br\/wp-content\/uploads\/2024\/10\/Resolucao-PPEE-0022021-\u2013-Dispoe-sobre-normas-de-redacao-de-trabalhos-de-conclusao-do-Programa-de-Pos-Graduacao-em-Profissional-Engenharia-Eletrica.pdf\"><strong>002\/2021 \u2013<\/strong> Disp\u00f5e sobre normas de reda\u00e7\u00e3o de trabalhos de conclus\u00e3o do Programa de P\u00f3s-Gradua\u00e7\u00e3o em Profissional Engenharia El\u00e9trica<\/a><\/p>\t\t\t\t\t\t<\/div>\n\t\t\t\t<\/div>\n\t\t\t\t<div class=\"elementor-element elementor-element-b3e4b24 elementor-widget elementor-widget-heading\" data-id=\"b3e4b24\" data-element_type=\"widget\" data-widget_type=\"heading.default\">\n\t\t\t\t<div class=\"elementor-widget-container\">\n\t\t\t<h2 class=\"elementor-heading-title elementor-size-default\">Resolu\u00e7\u00f5es Internas Revogadas<\/h2>\t\t<\/div>\n\t\t\t\t<\/div>\n\t\t\t\t<div class=\"elementor-element elementor-element-c0c4218 elementor-widget elementor-widget-text-editor\" data-id=\"c0c4218\" data-element_type=\"widget\" data-widget_type=\"text-editor.default\">\n\t\t\t\t<div class=\"elementor-widget-container\">\n\t\t\t\t\t\t\t<p><strong><a href=\"https:\/\/ppee.unb.br\/wp-content\/uploads\/2024\/10\/Resolucao-PPEE-0012021-\u2013-Estabelece-normas-complementares-para-as-condicoes-minimas-para-defesa-no-nivel-de-Mestrado.pdf\">Resolu\u00e7\u00e3o PPEE <\/a><a href=\"https:\/\/ppee.unb.br\/wp-content\/uploads\/2025\/07\/SEI_12942791_Resolucao_005.pdf\">N\u00ba <\/a><\/strong><a href=\"https:\/\/ppee.unb.br\/wp-content\/uploads\/2024\/10\/Resolucao-PPEE-0012021-\u2013-Estabelece-normas-complementares-para-as-condicoes-minimas-para-defesa-no-nivel-de-Mestrado.pdf\"><strong>001\/2021 \u2013<\/strong> Estabelece normas complementares para as condi\u00e7\u00f5es m\u00ednimas para defesa no n\u00edvel de Mestrado<\/a> <a href=\"https:\/\/ppee.unb.br\/wp-content\/uploads\/2022\/11\/001.pdf\" target=\"_blank\" rel=\"noreferrer noopener\">Profissional no Programa de P\u00f3s-Gradua\u00e7\u00e3o Profissional em Engenharia El\u00e9trica (PPEE) da Universidade de Bras\u00edlia<\/a><\/p>\t\t\t\t\t\t<\/div>\n\t\t\t\t<\/div>\n\t\t\t\t\t<\/div>\n\t\t\t\t<\/div>\n\t\t<div class=\"elementor-element elementor-element-93009d7 e-flex e-con-boxed e-con\" data-id=\"93009d7\" data-element_type=\"container\" data-settings=\"{&quot;content_width&quot;:&quot;boxed&quot;}\">\n\t\t\t\t\t<div class=\"e-con-inner\">\n\t\t\t\t<div class=\"elementor-element elementor-element-9727553 elementor-widget elementor-widget-heading\" data-id=\"9727553\" data-element_type=\"widget\" data-widget_type=\"heading.default\">\n\t\t\t\t<div class=\"elementor-widget-container\">\n\t\t\t<h2 class=\"elementor-heading-title elementor-size-default\">Resolu\u00e7\u00f5es Gerais Vigentes na UnB \n<\/h2>\t\t<\/div>\n\t\t\t\t<\/div>\n\t\t\t\t\t<\/div>\n\t\t\t\t<\/div>\n\t\t<div class=\"elementor-element elementor-element-1a64c83 e-flex e-con-boxed e-con\" data-id=\"1a64c83\" data-element_type=\"container\" data-settings=\"{&quot;content_width&quot;:&quot;boxed&quot;}\">\n\t\t\t\t\t<div class=\"e-con-inner\">\n\t\t\t\t<div class=\"elementor-element elementor-element-d483cab elementor-widget elementor-widget-text-editor\" data-id=\"d483cab\" data-element_type=\"widget\" data-widget_type=\"text-editor.default\">\n\t\t\t\t<div class=\"elementor-widget-container\">\n\t\t\t\t\t\t\t<p><strong>Conselho de Ensino, Pesquisa e Extens\u00e3o (CEPE)<\/strong><\/p><p><a href=\"https:\/\/ppee.unb.br\/wp-content\/uploads\/2025\/09\/Resoluo_CEPE_n_106-2025.pdf\"><strong>Resolu\u00e7\u00e3o CEPE 0106\/2025 &#8211;<\/strong> Regulamenta os processos h\u00edbridos de ensino e aprendizagem na p\u00f3s-gradua\u00e7\u00e3o stricto sensu presencial da Universidade de Bras\u00edlia (UnB).<\/a><\/p><p><a href=\"https:\/\/ppee.unb.br\/wp-content\/uploads\/2024\/10\/RESOLUCAO-DO-CONSELHO-DE-ENSINO-PESQUISA-E-EXTENSAO-NoAltera-os-artigos-7-33-e-34-da-Resolucao-CEPE-0080-2021.pdf\"><strong>Resolu\u00e7\u00e3o CEPE 0124\/2023 &#8211;<\/strong> Altera os artigos 7, 33 e 34 da Resolu\u00e7\u00e3o CEPE 0080\/2021<\/a><\/p><p><a href=\"https:\/\/ppee.unb.br\/wp-content\/uploads\/2024\/10\/RESOLUCAO-DO-CONSELHO-DE-ENSINO-PESQUISA-E-EXTENSAO-No-00902023.pdf\"><strong>Resolu\u00e7\u00e3o CEPE 0090\/2023 &#8211;<\/strong> Regulamenta os procedimentos a serem adotados para reserva de vagas para candidatos negros e pessoas com defici\u00eancia nos concursos p\u00fablicos para provimento de cargo de Professor da Carreira do Magist\u00e9rio Superior da Universidade de Bras\u00edlia<\/a><\/p><p><a href=\"https:\/\/ppee.unb.br\/wp-content\/uploads\/2024\/10\/Resolucao-CEPE-0080-2021-\u2013-Regulamenta-os-Programas-de-Pos-Graduacao-stricto-sensu-da-Universidade-de-Brasilia-1.pdf\"><strong>Resolu\u00e7\u00e3o CEPE 0080\/2021 \u2013<\/strong> Regulamenta os Programas de P\u00f3s-Gradua\u00e7\u00e3o<em> Stricto Sensu<\/em> da Universidade de Bras\u00edlia<\/a><\/p><p><a href=\"https:\/\/ppee.unb.br\/wp-content\/uploads\/2024\/10\/RESOLUCAO-No-0095-2020.pdf\"><strong>Resolu\u00e7\u00e3o CEPE 0095\/2020 &#8211;<\/strong> Disp\u00f5e sobre os procedimentos de elabora\u00e7\u00e3o, acompanhamento e finaliza\u00e7\u00e3o dos cursos de P\u00f3s-Gradua\u00e7\u00e3o lato sensu no \u00e2mbito da Universidade de Bras\u00edlia<\/a><\/p><p><a href=\"https:\/\/ppee.unb.br\/wp-content\/uploads\/2024\/10\/Resolucao-do-Conselho-de-Ensino-Pesquisa-e-Extensao-044-2020-1.pdf\"><strong>Resolu\u00e7\u00e3o CEPE 044\/2020 &#8211;<\/strong> Disp\u00f5e sobre a pol\u00edtica de a\u00e7\u00f5es afirmativas para <\/a><a href=\"https:\/\/ppee.unb.br\/wp-content\/uploads\/2024\/10\/Resolucao-do-Conselho-de-Ensino-Pesquisa-e-Extensao-044-2020.pdf\">estudantes negros\/as, ind\u00edgenas e quilombolas nos cursos de P\u00f3s-Gradua\u00e7\u00e3o da Universidade de Bras\u00edlia<\/a><\/p><p><strong>C\u00e2mara de Pesquisa e P\u00f3s-gradua\u00e7\u00e3o (CPP)<\/strong><\/p><p><a href=\"https:\/\/ppee.unb.br\/wp-content\/uploads\/2024\/10\/RESOLUCAO-DA-CAMARA-DE-PESQUISA-E-POS-GRADUACAO-No-052020.pdf\"><strong>Resolu\u00e7\u00e3o CPP 05\/2020 \u2013<\/strong> Estabelece reserva de vagas para pessoas com defici\u00eancia nos processos sele vos dos programas de P\u00f3s-Gradua\u00e7\u00e3o da Universidade de Bras\u00edlia<\/a><\/p><p><a href=\"https:\/\/ppee.unb.br\/wp-content\/uploads\/2025\/09\/Resolucao_CPP_04_2020.pdf\"><strong>Resolu\u00e7\u00e3o CPP 04\/2020 &#8211;<\/strong> Assegura direito \u00e0s estudantes de p\u00f3s-gradua\u00e7\u00e3o em licen\u00e7a-maternidade<\/a><\/p><p><!--StartFragment --><strong><span class=\"cf0\">Conselho de Administrativo<\/span><\/strong><!--EndFragment --><\/p><p><a href=\"https:\/\/ppee.unb.br\/wp-content\/uploads\/2025\/09\/Resolucao_13009510_SEI_UnB___12996487___Resolucao-Conselho-Adminisgtracao-028-2025-UnB-2.pdf\"><strong>Resolu\u00e7\u00e3o do Conselho de Administra\u00e7\u00e3o n\u00b00028\/2025 &#8211;<\/strong> Aprova o Regimento Disciplinar Discente da Universidade de Bras\u00edlia<\/a><\/p>\t\t\t\t\t\t<\/div>\n\t\t\t\t<\/div>\n\t\t\t\t\t<\/div>\n\t\t\t\t<\/div>\n\t\t\t\t\t\t\t<\/div>\n\t\t","protected":false},"excerpt":{"rendered":"<p>Resolu\u00e7\u00f5es Internas Vigentes Resolu\u00e7\u00e3o PPEE N\u00ba 005\/2025 \u2014 Disp\u00f5e sobre a defini\u00e7\u00e3o das disciplinas para cursagem da Turma Espec\u00edfica UnB\/PPEE. Resolu\u00e7\u00e3o PPEE N\u00ba 004\/2022 \u2013 Altera a Resolu\u00e7\u00e3o PPEE 012021. [&hellip;]<\/p>\n","protected":false},"author":3,"featured_media":0,"parent":5200,"menu_order":0,"comment_status":"closed","ping_status":"closed","template":"","meta":[],"_links":{"self":[{"href":"https:\/\/ppee.unb.br\/index.php?rest_route=\/wp\/v2\/pages\/8202"}],"collection":[{"href":"https:\/\/ppee.unb.br\/index.php?rest_route=\/wp\/v2\/pages"}],"about":[{"href":"https:\/\/ppee.unb.br\/index.php?rest_route=\/wp\/v2\/types\/page"}],"author":[{"embeddable":true,"href":"https:\/\/ppee.unb.br\/index.php?rest_route=\/wp\/v2\/users\/3"}],"replies":[{"embeddable":true,"href":"https:\/\/ppee.unb.br\/index.php?rest_route=%2Fwp%2Fv2%2Fcomments&post=8202"}],"version-history":[{"count":134,"href":"https:\/\/ppee.unb.br\/index.php?rest_route=\/wp\/v2\/pages\/8202\/revisions"}],"predecessor-version":[{"id":16130,"href":"https:\/\/ppee.unb.br\/index.php?rest_route=\/wp\/v2\/pages\/8202\/revisions\/16130"}],"up":[{"embeddable":true,"href":"https:\/\/ppee.unb.br\/index.php?rest_route=\/wp\/v2\/pages\/5200"}],"wp:attachment":[{"href":"https:\/\/ppee.unb.br\/index.php?rest_route=%2Fwp%2Fv2%2Fmedia&parent=8202"}],"curies":[{"name":"wp","href":"https:\/\/api.w.org\/{rel}","templated":true}]}}